{"id":134,"date":"2022-02-15T07:09:52","date_gmt":"2022-02-15T07:09:52","guid":{"rendered":"https:\/\/www.lilleoru.ee\/?page_id=134"},"modified":"2025-02-28T18:40:37","modified_gmt":"2025-02-28T16:40:37","slug":"toetusfond","status":"publish","type":"page","link":"https:\/\/www.lilleoru.ee\/et\/toetusfond\/","title":{"rendered":"Toetusfond"},"content":{"rendered":"<p>Peamiselt vabatahtliku panustamise ja annetuste toel rajatud, on siinne paik avatud k\u00f5igile huvilistele ja otsijatele. Teadlikuma Elu toetusfondi kaudu saad toetada <em>siddha<\/em> jooga \u00f5ppekeskuse t\u00f6\u00f6d ja Shiva templi arendamist.<\/p>\n<p><span style=\"font-weight: 400;\">Aastate jooksul on meid toetanud tuhanded inimesed ja organisatsioonid, keda on puudutanud see, mida Lilleoru esindab.\u00a0<\/span><strong>T\u00e4name s\u00fcdamest k\u00f5iki!\u00a0<\/strong><\/p>\n<div class=\"b-home-tb-main-button\"><a class=\"b-button m-dark\" style=\"text-decoration: none;\" href=\"https:\/\/fienta.com\/et\/toetusfond\" target=\"_blank\" rel=\"noopener\">Toeta<\/a><\/div>\n<p>&nbsp;<\/p>\n<p><span style=\"font-weight: 400;\">\u00dchekordse v\u00f5i p\u00fcsiannetuse saad teha MT\u00dc Lilleoru pangakontole\u00a0 EE202200221053475791.<\/span><\/p>\n<p><span style=\"font-weight: 400;\">MT\u00dc Lilleoru on Maksu- ja tolliameti poolt kantud ka tulumaksusoodustusega \u00fchingute nimekirja, mis annab toetajatele teatud maksusoodustused. Uuri maksusoodustuse v\u00f5imaluste kohta <\/span><a href=\"https:\/\/www.emta.ee\/ariklient\/registreerimine-ettevotlus\/tulumaksusoodustusega-uhingule#accordion2\" target=\"_blank\" rel=\"noopener\"><span style=\"font-weight: 400;\">Maksu- ja tolliameti kodulehelt<\/span><\/a><span style=\"font-weight: 400;\">.<\/span><\/p>\n<hr \/>\n<p><span style=\"font-weight: 400;\">Kui soovid lisainfot toetamise v\u00f5imaluste kohta, palun v\u00f5ta \u00fchendust: Kristo Reinhold, <a href=\"mailto:Kristo.Reinhold@lilleoru.ee\">Kristo.Reinhold@lilleoru.ee<\/a>.<\/span><\/p>\n<p><span style=\"font-weight: 400;\">Loe t\u00e4psemalt, <\/span><a href=\"https:\/\/www.lilleoru.ee\/blogi\/loe-lahemalt-miks-inimesed-toetavad-lilleorut\/\"><span style=\"font-weight: 400;\">miks inimesed on otsustanud Lilleoru tegevust toetada<\/span><\/a><span style=\"font-weight: 400;\">.<\/span><\/p>\n","protected":false},"excerpt":{"rendered":"<p>Peamiselt vabatahtliku panustamise ja annetuste toel rajatud, on siinne paik avatud k\u00f5igile huvilistele ja otsijatele. Teadlikuma Elu toetusfondi kaudu saad toetada siddha jooga \u00f5ppekeskuse t\u00f6\u00f6d ja Shiva templi arendamist. Aastate jooksul on meid toetanud tuhanded inimesed ja organisatsioonid, keda on puudutanud see, mida Lilleoru esindab.\u00a0T\u00e4name s\u00fcdamest k\u00f5iki!\u00a0 Toeta &nbsp; \u00dchekordse v\u00f5i p\u00fcsiannetuse saad teha MT\u00dc [&hellip;]<\/p>\n","protected":false},"author":11,"featured_media":0,"parent":0,"menu_order":0,"comment_status":"closed","ping_status":"closed","template":"","meta":{"inline_featured_image":false},"acf":[],"yoast_head":"<!-- This site is optimized with the Yoast SEO plugin v19.0 - https:\/\/yoast.com\/wordpress\/plugins\/seo\/ -->\n<title>Toetusfond - Lilleoru<\/title>\n<meta name=\"description\" content=\"Teadlikuma Elu toetusfondi kaudu saad toetada \u00f5ppekeskuse t\u00f6\u00f6d ja ainulaadse Elulille pargi arendamist.\u00a0\" \/>\n<meta name=\"robots\" content=\"index, follow, max-snippet:-1, max-image-preview:large, max-video-preview:-1\" \/>\n<link rel=\"canonical\" href=\"https:\/\/www.lilleoru.ee\/et\/toetusfond\/\" \/>\n<meta property=\"og:locale\" content=\"et_EE\" \/>\n<meta property=\"og:type\" content=\"article\" \/>\n<meta property=\"og:title\" content=\"Toetusfond - Lilleoru\" \/>\n<meta property=\"og:description\" content=\"Teadlikuma Elu toetusfondi kaudu saad toetada \u00f5ppekeskuse t\u00f6\u00f6d ja ainulaadse Elulille pargi arendamist.\u00a0\" \/>\n<meta property=\"og:url\" content=\"https:\/\/www.lilleoru.ee\/et\/toetusfond\/\" \/>\n<meta property=\"og:site_name\" content=\"Lilleoru\" \/>\n<meta property=\"article:publisher\" content=\"https:\/\/www.facebook.com\/lilleoru\" \/>\n<meta property=\"article:modified_time\" content=\"2025-02-28T16:40:37+00:00\" \/>\n<meta name=\"twitter:card\" content=\"summary_large_image\" \/>\n<meta name=\"twitter:label1\" content=\"Est. reading time\" \/>\n\t<meta name=\"twitter:data1\" content=\"1 minut\" \/>\n<script type=\"application\/ld+json\" class=\"yoast-schema-graph\">{\"@context\":\"https:\/\/schema.org\",\"@graph\":[{\"@type\":\"WebSite\",\"@id\":\"https:\/\/www.lilleoru.ee\/et\/#website\",\"url\":\"https:\/\/www.lilleoru.ee\/et\/\",\"name\":\"Lilleoru\",\"description\":\"\",\"potentialAction\":[{\"@type\":\"SearchAction\",\"target\":{\"@type\":\"EntryPoint\",\"urlTemplate\":\"https:\/\/www.lilleoru.ee\/et\/?s={search_term_string}\"},\"query-input\":\"required name=search_term_string\"}],\"inLanguage\":\"et\"},{\"@type\":\"WebPage\",\"@id\":\"https:\/\/www.lilleoru.ee\/et\/toetusfond\/#webpage\",\"url\":\"https:\/\/www.lilleoru.ee\/et\/toetusfond\/\",\"name\":\"Toetusfond - Lilleoru\",\"isPartOf\":{\"@id\":\"https:\/\/www.lilleoru.ee\/et\/#website\"},\"datePublished\":\"2022-02-15T07:09:52+00:00\",\"dateModified\":\"2025-02-28T16:40:37+00:00\",\"description\":\"Teadlikuma Elu toetusfondi kaudu saad toetada \u00f5ppekeskuse t\u00f6\u00f6d ja ainulaadse Elulille pargi arendamist.\u00a0\",\"breadcrumb\":{\"@id\":\"https:\/\/www.lilleoru.ee\/et\/toetusfond\/#breadcrumb\"},\"inLanguage\":\"et\",\"potentialAction\":[{\"@type\":\"ReadAction\",\"target\":[\"https:\/\/www.lilleoru.ee\/et\/toetusfond\/\"]}]},{\"@type\":\"BreadcrumbList\",\"@id\":\"https:\/\/www.lilleoru.ee\/et\/toetusfond\/#breadcrumb\",\"itemListElement\":[{\"@type\":\"ListItem\",\"position\":1,\"name\":\"Home\",\"item\":\"https:\/\/www.lilleoru.ee\/et\/\"},{\"@type\":\"ListItem\",\"position\":2,\"name\":\"Toetusfond\"}]}]}<\/script>\n<!-- \/ Yoast SEO plugin. -->","yoast_head_json":{"title":"Toetusfond - Lilleoru","description":"Teadlikuma Elu toetusfondi kaudu saad toetada \u00f5ppekeskuse t\u00f6\u00f6d ja ainulaadse Elulille pargi arendamist.\u00a0","robots":{"index":"index","follow":"follow","max-snippet":"max-snippet:-1","max-image-preview":"max-image-preview:large","max-video-preview":"max-video-preview:-1"},"canonical":"https:\/\/www.lilleoru.ee\/et\/toetusfond\/","og_locale":"et_EE","og_type":"article","og_title":"Toetusfond - Lilleoru","og_description":"Teadlikuma Elu toetusfondi kaudu saad toetada \u00f5ppekeskuse t\u00f6\u00f6d ja ainulaadse Elulille pargi arendamist.\u00a0","og_url":"https:\/\/www.lilleoru.ee\/et\/toetusfond\/","og_site_name":"Lilleoru","article_publisher":"https:\/\/www.facebook.com\/lilleoru","article_modified_time":"2025-02-28T16:40:37+00:00","twitter_card":"summary_large_image","twitter_misc":{"Est. reading time":"1 minut"},"schema":{"@context":"https:\/\/schema.org","@graph":[{"@type":"WebSite","@id":"https:\/\/www.lilleoru.ee\/et\/#website","url":"https:\/\/www.lilleoru.ee\/et\/","name":"Lilleoru","description":"","potentialAction":[{"@type":"SearchAction","target":{"@type":"EntryPoint","urlTemplate":"https:\/\/www.lilleoru.ee\/et\/?s={search_term_string}"},"query-input":"required name=search_term_string"}],"inLanguage":"et"},{"@type":"WebPage","@id":"https:\/\/www.lilleoru.ee\/et\/toetusfond\/#webpage","url":"https:\/\/www.lilleoru.ee\/et\/toetusfond\/","name":"Toetusfond - Lilleoru","isPartOf":{"@id":"https:\/\/www.lilleoru.ee\/et\/#website"},"datePublished":"2022-02-15T07:09:52+00:00","dateModified":"2025-02-28T16:40:37+00:00","description":"Teadlikuma Elu toetusfondi kaudu saad toetada \u00f5ppekeskuse t\u00f6\u00f6d ja ainulaadse Elulille pargi arendamist.\u00a0","breadcrumb":{"@id":"https:\/\/www.lilleoru.ee\/et\/toetusfond\/#breadcrumb"},"inLanguage":"et","potentialAction":[{"@type":"ReadAction","target":["https:\/\/www.lilleoru.ee\/et\/toetusfond\/"]}]},{"@type":"BreadcrumbList","@id":"https:\/\/www.lilleoru.ee\/et\/toetusfond\/#breadcrumb","itemListElement":[{"@type":"ListItem","position":1,"name":"Home","item":"https:\/\/www.lilleoru.ee\/et\/"},{"@type":"ListItem","position":2,"name":"Toetusfond"}]}]}},"_links":{"self":[{"href":"https:\/\/www.lilleoru.ee\/et\/wp-json\/wp\/v2\/pages\/134"}],"collection":[{"href":"https:\/\/www.lilleoru.ee\/et\/wp-json\/wp\/v2\/pages"}],"about":[{"href":"https:\/\/www.lilleoru.ee\/et\/wp-json\/wp\/v2\/types\/page"}],"author":[{"embeddable":true,"href":"https:\/\/www.lilleoru.ee\/et\/wp-json\/wp\/v2\/users\/11"}],"replies":[{"embeddable":true,"href":"https:\/\/www.lilleoru.ee\/et\/wp-json\/wp\/v2\/comments?post=134"}],"version-history":[{"count":73,"href":"https:\/\/www.lilleoru.ee\/et\/wp-json\/wp\/v2\/pages\/134\/revisions"}],"predecessor-version":[{"id":6344,"href":"https:\/\/www.lilleoru.ee\/et\/wp-json\/wp\/v2\/pages\/134\/revisions\/6344"}],"wp:attachment":[{"href":"https:\/\/www.lilleoru.ee\/et\/wp-json\/wp\/v2\/media?parent=134"}],"curies":[{"name":"wp","href":"https:\/\/api.w.org\/{rel}","templated":true}]}}