{"id":150,"date":"2022-02-17T17:25:43","date_gmt":"2022-02-17T17:25:43","guid":{"rendered":"https:\/\/www.lilleoru.ee\/?page_id=150"},"modified":"2024-06-09T01:49:30","modified_gmt":"2024-06-08T22:49:30","slug":"elulille-muster","status":"publish","type":"page","link":"https:\/\/www.lilleoru.ee\/et\/elulille-muster\/","title":{"rendered":"Elulille muster"},"content":{"rendered":"<p>Elulille geomeetriline kujund on tuntud paljudes iidsetes kultuurides.<\/p>\n<p>Mustri maastikule rajamine algas 2004. aastal Lilleoru peaarhitekti Ain Padriku eestv\u00f5ttel ning see on teadaolevalt suurim omataoline geomeetriline rajatis maailmas. Pinnast t\u00f5steti astmeliselt ning muster \u00e4\u00e4ristati paekividest kontuuriga. Elulille \u201ckroonlehtedele\u201d istutati erinevad ravimtaimed. Juba varasemalt siin asunud v\u00e4ekohad sobitusid ideaalselt tervikusse. Shiva templi ala paikneb Elulille mustril ning peatempel geomeetrilise mustri s\u00fcdamikus.<\/p>\n<p>Elulille muster on p\u00f5nev n\u00e4ide p\u00fchast geomeetriast, mida kasutatakse looduse keerukate seadusp\u00e4rasuste visuaalseks v\u00e4ljendamiseks. Geomeetriatunnis v\u00f5isime \u00f5ppida, kuidas joonestada see muster \u2013 kui asetada sirkli teravik ringi servale ja joonestada sealt j\u00e4rgmise ringi, loome l\u00f5pptulemusena harmoonilise ja korrap\u00e4rase lillemotiivi. Elulille disain kajastab looduses leiduvaid suhteid ja proportsioone, ulatudes mikroskoopilisest rakutasemest kuni kosmiliste m\u00f5\u00f5tmeteni.<\/p>\n<p>Elulille mustril, Shiva templil ja igal siinsel p\u00fchakojal on unikaalne m\u00f5ju ja \u00fclesanne, mida on v\u00f5imalik tundma \u00f5ppida ja kasutada ning mida toetab Elulille geomeetrilise mustri harmooniline m\u00f5ju.<\/p>\n\n","protected":false},"excerpt":{"rendered":"<p>Elulille geomeetriline kujund on tuntud paljudes iidsetes kultuurides. Mustri maastikule rajamine algas 2004. aastal Lilleoru peaarhitekti Ain Padriku eestv\u00f5ttel ning see on teadaolevalt suurim omataoline geomeetriline rajatis maailmas. Pinnast t\u00f5steti astmeliselt ning muster \u00e4\u00e4ristati paekividest kontuuriga. Elulille \u201ckroonlehtedele\u201d istutati erinevad ravimtaimed. Juba varasemalt siin asunud v\u00e4ekohad sobitusid ideaalselt tervikusse. Shiva templi ala paikneb Elulille mustril [&hellip;]<\/p>\n","protected":false},"author":11,"featured_media":0,"parent":0,"menu_order":0,"comment_status":"closed","ping_status":"closed","template":"","meta":{"inline_featured_image":false},"acf":[],"yoast_head":"<!-- This site is optimized with the Yoast SEO plugin v19.0 - https:\/\/yoast.com\/wordpress\/plugins\/seo\/ -->\n<title>Elulille muster - Lilleoru<\/title>\n<meta name=\"description\" content=\"Elulille muster on tuntud paljudes iidsetes kultuurides. Elulille kujundis kajastuvaid suhteid ja proportsioone v\u00f5ib leida k\u00f5ikjalt looduses, raku tasandist kosmoseni.\" \/>\n<meta name=\"robots\" content=\"index, follow, max-snippet:-1, max-image-preview:large, max-video-preview:-1\" \/>\n<link rel=\"canonical\" href=\"https:\/\/www.lilleoru.ee\/et\/elulille-muster\/\" \/>\n<meta property=\"og:locale\" content=\"et_EE\" \/>\n<meta property=\"og:type\" content=\"article\" \/>\n<meta property=\"og:title\" content=\"Elulille muster - Lilleoru\" \/>\n<meta property=\"og:description\" content=\"Elulille muster on tuntud paljudes iidsetes kultuurides. Elulille kujundis kajastuvaid suhteid ja proportsioone v\u00f5ib leida k\u00f5ikjalt looduses, raku tasandist kosmoseni.\" \/>\n<meta property=\"og:url\" content=\"https:\/\/www.lilleoru.ee\/et\/elulille-muster\/\" \/>\n<meta property=\"og:site_name\" content=\"Lilleoru\" \/>\n<meta property=\"article:publisher\" content=\"https:\/\/www.facebook.com\/lilleoru\" \/>\n<meta property=\"article:modified_time\" content=\"2024-06-08T22:49:30+00:00\" \/>\n<meta name=\"twitter:card\" content=\"summary_large_image\" \/>\n<meta name=\"twitter:label1\" content=\"Est. reading time\" \/>\n\t<meta name=\"twitter:data1\" content=\"1 minut\" \/>\n<script type=\"application\/ld+json\" class=\"yoast-schema-graph\">{\"@context\":\"https:\/\/schema.org\",\"@graph\":[{\"@type\":\"WebSite\",\"@id\":\"https:\/\/www.lilleoru.ee\/et\/#website\",\"url\":\"https:\/\/www.lilleoru.ee\/et\/\",\"name\":\"Lilleoru\",\"description\":\"\",\"potentialAction\":[{\"@type\":\"SearchAction\",\"target\":{\"@type\":\"EntryPoint\",\"urlTemplate\":\"https:\/\/www.lilleoru.ee\/et\/?s={search_term_string}\"},\"query-input\":\"required name=search_term_string\"}],\"inLanguage\":\"et\"},{\"@type\":\"WebPage\",\"@id\":\"https:\/\/www.lilleoru.ee\/et\/elulille-muster\/#webpage\",\"url\":\"https:\/\/www.lilleoru.ee\/et\/elulille-muster\/\",\"name\":\"Elulille muster - Lilleoru\",\"isPartOf\":{\"@id\":\"https:\/\/www.lilleoru.ee\/et\/#website\"},\"datePublished\":\"2022-02-17T17:25:43+00:00\",\"dateModified\":\"2024-06-08T22:49:30+00:00\",\"description\":\"Elulille muster on tuntud paljudes iidsetes kultuurides. Elulille kujundis kajastuvaid suhteid ja proportsioone v\u00f5ib leida k\u00f5ikjalt looduses, raku tasandist kosmoseni.\",\"breadcrumb\":{\"@id\":\"https:\/\/www.lilleoru.ee\/et\/elulille-muster\/#breadcrumb\"},\"inLanguage\":\"et\",\"potentialAction\":[{\"@type\":\"ReadAction\",\"target\":[\"https:\/\/www.lilleoru.ee\/et\/elulille-muster\/\"]}]},{\"@type\":\"BreadcrumbList\",\"@id\":\"https:\/\/www.lilleoru.ee\/et\/elulille-muster\/#breadcrumb\",\"itemListElement\":[{\"@type\":\"ListItem\",\"position\":1,\"name\":\"Home\",\"item\":\"https:\/\/www.lilleoru.ee\/et\/\"},{\"@type\":\"ListItem\",\"position\":2,\"name\":\"Elulille muster\"}]}]}<\/script>\n<!-- \/ Yoast SEO plugin. -->","yoast_head_json":{"title":"Elulille muster - Lilleoru","description":"Elulille muster on tuntud paljudes iidsetes kultuurides. Elulille kujundis kajastuvaid suhteid ja proportsioone v\u00f5ib leida k\u00f5ikjalt looduses, raku tasandist kosmoseni.","robots":{"index":"index","follow":"follow","max-snippet":"max-snippet:-1","max-image-preview":"max-image-preview:large","max-video-preview":"max-video-preview:-1"},"canonical":"https:\/\/www.lilleoru.ee\/et\/elulille-muster\/","og_locale":"et_EE","og_type":"article","og_title":"Elulille muster - Lilleoru","og_description":"Elulille muster on tuntud paljudes iidsetes kultuurides. Elulille kujundis kajastuvaid suhteid ja proportsioone v\u00f5ib leida k\u00f5ikjalt looduses, raku tasandist kosmoseni.","og_url":"https:\/\/www.lilleoru.ee\/et\/elulille-muster\/","og_site_name":"Lilleoru","article_publisher":"https:\/\/www.facebook.com\/lilleoru","article_modified_time":"2024-06-08T22:49:30+00:00","twitter_card":"summary_large_image","twitter_misc":{"Est. reading time":"1 minut"},"schema":{"@context":"https:\/\/schema.org","@graph":[{"@type":"WebSite","@id":"https:\/\/www.lilleoru.ee\/et\/#website","url":"https:\/\/www.lilleoru.ee\/et\/","name":"Lilleoru","description":"","potentialAction":[{"@type":"SearchAction","target":{"@type":"EntryPoint","urlTemplate":"https:\/\/www.lilleoru.ee\/et\/?s={search_term_string}"},"query-input":"required name=search_term_string"}],"inLanguage":"et"},{"@type":"WebPage","@id":"https:\/\/www.lilleoru.ee\/et\/elulille-muster\/#webpage","url":"https:\/\/www.lilleoru.ee\/et\/elulille-muster\/","name":"Elulille muster - Lilleoru","isPartOf":{"@id":"https:\/\/www.lilleoru.ee\/et\/#website"},"datePublished":"2022-02-17T17:25:43+00:00","dateModified":"2024-06-08T22:49:30+00:00","description":"Elulille muster on tuntud paljudes iidsetes kultuurides. Elulille kujundis kajastuvaid suhteid ja proportsioone v\u00f5ib leida k\u00f5ikjalt looduses, raku tasandist kosmoseni.","breadcrumb":{"@id":"https:\/\/www.lilleoru.ee\/et\/elulille-muster\/#breadcrumb"},"inLanguage":"et","potentialAction":[{"@type":"ReadAction","target":["https:\/\/www.lilleoru.ee\/et\/elulille-muster\/"]}]},{"@type":"BreadcrumbList","@id":"https:\/\/www.lilleoru.ee\/et\/elulille-muster\/#breadcrumb","itemListElement":[{"@type":"ListItem","position":1,"name":"Home","item":"https:\/\/www.lilleoru.ee\/et\/"},{"@type":"ListItem","position":2,"name":"Elulille muster"}]}]}},"_links":{"self":[{"href":"https:\/\/www.lilleoru.ee\/et\/wp-json\/wp\/v2\/pages\/150"}],"collection":[{"href":"https:\/\/www.lilleoru.ee\/et\/wp-json\/wp\/v2\/pages"}],"about":[{"href":"https:\/\/www.lilleoru.ee\/et\/wp-json\/wp\/v2\/types\/page"}],"author":[{"embeddable":true,"href":"https:\/\/www.lilleoru.ee\/et\/wp-json\/wp\/v2\/users\/11"}],"replies":[{"embeddable":true,"href":"https:\/\/www.lilleoru.ee\/et\/wp-json\/wp\/v2\/comments?post=150"}],"version-history":[{"count":41,"href":"https:\/\/www.lilleoru.ee\/et\/wp-json\/wp\/v2\/pages\/150\/revisions"}],"predecessor-version":[{"id":5938,"href":"https:\/\/www.lilleoru.ee\/et\/wp-json\/wp\/v2\/pages\/150\/revisions\/5938"}],"wp:attachment":[{"href":"https:\/\/www.lilleoru.ee\/et\/wp-json\/wp\/v2\/media?parent=150"}],"curies":[{"name":"wp","href":"https:\/\/api.w.org\/{rel}","templated":true}]}}