{"id":156,"date":"2022-02-17T17:26:28","date_gmt":"2022-02-17T17:26:28","guid":{"rendered":"https:\/\/www.lilleoru.ee\/?page_id=156"},"modified":"2024-09-25T18:44:12","modified_gmt":"2024-09-25T15:44:12","slug":"aed-ja-mets","status":"publish","type":"page","link":"https:\/\/www.lilleoru.ee\/et\/aed-ja-mets\/","title":{"rendered":"Aed ja mets"},"content":{"rendered":"<p><span style=\"font-weight: 400;\">Oma elurikkuse, v\u00e4rvikirevuse ja andide rohkusega meenutab Lilleoru aed veidike Maa peale rajatud paradiisi. <\/span><span style=\"font-weight: 400;\">Loodusega harmoonias toimimine kuulub tarkuse juurde, mida siin \u00f5pitakse. <\/span><span style=\"font-weight: 400;\">Aia rajamine algas juba 1993. aastal ning see on olnud loomulik osa Lilleorust algusest peale. T\u00e4naseks oluliselt laienenud aed h\u00f5lmab toidu- ja \u00f5ppeaeda koos kasvuhoonetega, ravimtaime- ja iluaeda.<\/span><\/p>\n<p><strong>Permakultuuriaed<\/strong><\/p>\n<p><span style=\"font-weight: 400;\">Kogu aiapidamine Lilleorus tugineb kohalikele looduslikult v\u00e4ljakujunenud s\u00fcsteemidele ning aine taasringlusesse v\u00f5tmisele. 2010. aastal korraldasime siin Eesti esimese permakultuuri koolituse maailmas tuntud permakultuuri \u00f5petaja Albert Bates\u2019i k\u00e4e all. Sellest ajast on j\u00e4rk-j\u00e4rgult tungitud \u00fcha s\u00fcgavamale loodusl\u00e4hedase aiapidamise saladustesse ning kogutud teadmisi ka paljudele huvilistele edasi antud.<\/span><\/p>\n<p><span style=\"font-weight: 400;\">Taimekasvatus Lilleorus on algusest peale toimunud mahedalt. Taimede istutamisel ja k\u00fclvamisel arvestatakse nende omavahelist sobivust ja valitakse v\u00e4lja \u00f5ige kasvukoht. Mulla struktuuri ja elustikku ei h\u00e4irita ega l\u00f5huta kaevamisega. Eri viisidel mult\u0161imine tagab mullastiku taasloomise, mitmekesise elupaiga mikroorganismidele ja kobeda, toitainerikka mulla. K\u00f6\u00f6giviljade l\u00e4hedusse istutatakse kahjuritele vastumeelseid taimi ning soodsate tingimuste loomisega meelitatakse ligi nende looduslikke vaenlasi. Nii n\u00e4iteks pakuvad p\u00e4evalilled k\u00f6\u00f6giviljaaias nii meile silmailu kui ka toidulauda putukaid s\u00f6\u00f6vatele lindudele. V\u00e4etiste asemel turgutatakse taimi isevalmistatud n\u00f5gese-, varemerohu- v\u00f5i v\u00f5ililleleotistega. Tagasitee peenrale leiab nii bios\u00f6ega rikastatud kompost<\/span><span style=\"font-weight: 400;\"> kui ka muruniide ning kogume ise osadelt taimedelt seemneid j\u00e4rgmiseks hooajaks.<\/span><\/p>\n<p><strong>Ravimtaimeaed<\/strong><\/p>\n<p><span style=\"font-weight: 400;\">Shiva templi \u00fcmbruses Elulille 23 kroonlehel ning ravimtaimeaias kasvavatest \u00fcrtidest valmistatakse k\u00e4sit\u00f6\u00f6na eksklusiivseid tervist toetavaid teesegusid. Paljude retseptide autor on Ingvar Villido, kes tunneb taimede m\u00f5ju s\u00fcgavuti. Ingvari juhendusel on Lilleoru teemeistrid \u00f5ppinud taimede v\u00e4ge alal hoidma ja teadlikult kasutama. Seemned ja istikud pannakse mulda looduse r\u00fctme arvestades ja korjatakse ajal, mil toimeained on just \u00f5iges tasakaalus. \u00dcrdid kuivatatakse ettevaatlikult, et nende tervistavaid omadusi v\u00f5imalikult palju s\u00e4ilitada. V\u00fcrtsid ja taimed, mis Eestis ei kasva, tellitakse mahetootjatelt. Teesegude kaalumine ja pakendamine toimub \u00e4\u00e4rmise t\u00e4psusega. Lilleoru taimetarkusi on juba aastaid huvilistele jaganud Eesti tuntud taimetark, apteeker ja Ingvari \u00f5pilane, Maret Makko.\u00a0<\/span><\/p>\n<p><strong>Mets ja mesindus<\/strong><\/p>\n<p><span style=\"font-weight: 400;\">Suure osa Lilleoru territooriumist moodustab mets, mida kohtleme osana siinsest p\u00fchapaigast ning kus kulgevad kutsuvad metsarajad. 2018. aastal k\u00fclastas Lilleorut kestliku metsanduse ja looduslikkuse taastamise tippekspert Bernd Neugebauer, kelle kogemustele ning p\u00f5lisrahvastelt saadud teadmistele toetudes oleme tegemas samme siinse metsakoosluse p\u00f5hjalikumaks tundma\u00f5ppimiseks ning \u00f6koloogilise tervise parandamiseks. Bernd on \u00f5petanud, et: \u201cMe v\u00f5ime k\u00fcll istutada puid, aga mets on midagi enamat kui selles olevate puude summa. See on omalaadne struktuur ja olend \u2013 intelligentne, suhtlusaldis ja d\u00fcnaamiline. Enne puude istutamist on esmalt vaja metsast unistada, seda v\u00e4ljendada ja tunnetada.\u201d\u00a0<\/span><\/p>\n<p><span style=\"font-weight: 400;\">Mituk\u00fcmmend aastat on Lilleorus tegeletud ka mesindusega. T\u00e4na kogutakse mett Ingvar Villido poolt k\u00e4tte n\u00e4idatud looduslikesse energiapunktidesse paigutatud tarudest. Tundlikult valitud asukoht m\u00f5jutab mesilasperet ning m\u00f5ju salvestub ka mees, mist\u00f5ttu on Ishwarananda meed erilised ja toetavad inimesi eriomastel viisidel. N\u00e4iteks saad osta r\u00f5\u00f5mu, vaimse tervise, rahutuse ravi, m\u00fcstilise punkti, maaenergia ja mitmesuguste muude m\u00f5judega mett.\u00a0<\/span><\/p>\n<p>&nbsp;<\/p>\n<p><strong>Lilleoru <\/strong><span style=\"font-weight: 400;\"><strong>aed on avatud k\u00f5igile huvilistele!<\/strong><\/span><\/p>\n<p><span style=\"font-weight: 400;\">Neljal hooajal korraldasime ka populaarset Aiaakadeemiat, kus jagasime huvilistele praktilisi nippe ja teadmisi loodusl\u00e4hedase aiapidamise kohta. Siit saad vaadata viimase hooaja <a href=\"https:\/\/www.lilleoru.ee\/aiaakadeemia-videosalvestised\/\" target=\"_blank\" rel=\"noopener\">videosalvestisi<\/a>.<\/span><\/p>\n<hr \/>\n<p><span style=\"font-weight: 400;\">Ravimtaimi puudutavates k\u00fcsimustes kirjuta valdkonna juhile K\u00fcllikesele: <a href=\"mailto:kyllike.gergents@lilleoru.ee\" target=\"_blank\" rel=\"noopener\">kyllike.gergents@lilleoru.ee<\/a><\/span><\/p>\n<p>&nbsp;<\/p>\n\n","protected":false},"excerpt":{"rendered":"<p>Oma elurikkuse, v\u00e4rvikirevuse ja andide rohkusega meenutab Lilleoru aed veidike Maa peale rajatud paradiisi. Loodusega harmoonias toimimine kuulub tarkuse juurde, mida siin \u00f5pitakse. Aia rajamine algas juba 1993. aastal ning see on olnud loomulik osa Lilleorust algusest peale. T\u00e4naseks oluliselt laienenud aed h\u00f5lmab toidu- ja \u00f5ppeaeda koos kasvuhoonetega, ravimtaime- ja iluaeda. Permakultuuriaed Kogu aiapidamine Lilleorus [&hellip;]<\/p>\n","protected":false},"author":11,"featured_media":0,"parent":0,"menu_order":0,"comment_status":"closed","ping_status":"closed","template":"","meta":{"inline_featured_image":false},"acf":[],"yoast_head":"<!-- This site is optimized with the Yoast SEO plugin v19.0 - https:\/\/yoast.com\/wordpress\/plugins\/seo\/ -->\n<title>Aed ja mets - Lilleoru<\/title>\n<meta name=\"description\" content=\"Oma elurikkuse, v\u00e4rvikirevuse ja andide rohkusega meenutab Lilleoru aed veidike Maa peale rajatud paradiisi. Loodusega harmoonias toimimine kuulub tarkuse juurde, mida siin \u00f5pitakse.\" \/>\n<meta name=\"robots\" content=\"index, follow, max-snippet:-1, max-image-preview:large, max-video-preview:-1\" \/>\n<link rel=\"canonical\" href=\"https:\/\/www.lilleoru.ee\/et\/aed-ja-mets\/\" \/>\n<meta property=\"og:locale\" content=\"et_EE\" \/>\n<meta property=\"og:type\" content=\"article\" \/>\n<meta property=\"og:title\" content=\"Aed ja mets - Lilleoru\" \/>\n<meta property=\"og:description\" content=\"Oma elurikkuse, v\u00e4rvikirevuse ja andide rohkusega meenutab Lilleoru aed veidike Maa peale rajatud paradiisi. Loodusega harmoonias toimimine kuulub tarkuse juurde, mida siin \u00f5pitakse.\" \/>\n<meta property=\"og:url\" content=\"https:\/\/www.lilleoru.ee\/et\/aed-ja-mets\/\" \/>\n<meta property=\"og:site_name\" content=\"Lilleoru\" \/>\n<meta property=\"article:publisher\" content=\"https:\/\/www.facebook.com\/lilleoru\" \/>\n<meta property=\"article:modified_time\" content=\"2024-09-25T15:44:12+00:00\" \/>\n<meta name=\"twitter:card\" content=\"summary_large_image\" \/>\n<meta name=\"twitter:label1\" content=\"Est. reading time\" \/>\n\t<meta name=\"twitter:data1\" content=\"3 minutit\" \/>\n<script type=\"application\/ld+json\" class=\"yoast-schema-graph\">{\"@context\":\"https:\/\/schema.org\",\"@graph\":[{\"@type\":\"WebSite\",\"@id\":\"https:\/\/www.lilleoru.ee\/et\/#website\",\"url\":\"https:\/\/www.lilleoru.ee\/et\/\",\"name\":\"Lilleoru\",\"description\":\"\",\"potentialAction\":[{\"@type\":\"SearchAction\",\"target\":{\"@type\":\"EntryPoint\",\"urlTemplate\":\"https:\/\/www.lilleoru.ee\/et\/?s={search_term_string}\"},\"query-input\":\"required name=search_term_string\"}],\"inLanguage\":\"et\"},{\"@type\":\"WebPage\",\"@id\":\"https:\/\/www.lilleoru.ee\/et\/aed-ja-mets\/#webpage\",\"url\":\"https:\/\/www.lilleoru.ee\/et\/aed-ja-mets\/\",\"name\":\"Aed ja mets - Lilleoru\",\"isPartOf\":{\"@id\":\"https:\/\/www.lilleoru.ee\/et\/#website\"},\"datePublished\":\"2022-02-17T17:26:28+00:00\",\"dateModified\":\"2024-09-25T15:44:12+00:00\",\"description\":\"Oma elurikkuse, v\u00e4rvikirevuse ja andide rohkusega meenutab Lilleoru aed veidike Maa peale rajatud paradiisi. Loodusega harmoonias toimimine kuulub tarkuse juurde, mida siin \u00f5pitakse.\",\"breadcrumb\":{\"@id\":\"https:\/\/www.lilleoru.ee\/et\/aed-ja-mets\/#breadcrumb\"},\"inLanguage\":\"et\",\"potentialAction\":[{\"@type\":\"ReadAction\",\"target\":[\"https:\/\/www.lilleoru.ee\/et\/aed-ja-mets\/\"]}]},{\"@type\":\"BreadcrumbList\",\"@id\":\"https:\/\/www.lilleoru.ee\/et\/aed-ja-mets\/#breadcrumb\",\"itemListElement\":[{\"@type\":\"ListItem\",\"position\":1,\"name\":\"Home\",\"item\":\"https:\/\/www.lilleoru.ee\/et\/\"},{\"@type\":\"ListItem\",\"position\":2,\"name\":\"Aed ja mets\"}]}]}<\/script>\n<!-- \/ Yoast SEO plugin. -->","yoast_head_json":{"title":"Aed ja mets - Lilleoru","description":"Oma elurikkuse, v\u00e4rvikirevuse ja andide rohkusega meenutab Lilleoru aed veidike Maa peale rajatud paradiisi. Loodusega harmoonias toimimine kuulub tarkuse juurde, mida siin \u00f5pitakse.","robots":{"index":"index","follow":"follow","max-snippet":"max-snippet:-1","max-image-preview":"max-image-preview:large","max-video-preview":"max-video-preview:-1"},"canonical":"https:\/\/www.lilleoru.ee\/et\/aed-ja-mets\/","og_locale":"et_EE","og_type":"article","og_title":"Aed ja mets - Lilleoru","og_description":"Oma elurikkuse, v\u00e4rvikirevuse ja andide rohkusega meenutab Lilleoru aed veidike Maa peale rajatud paradiisi. Loodusega harmoonias toimimine kuulub tarkuse juurde, mida siin \u00f5pitakse.","og_url":"https:\/\/www.lilleoru.ee\/et\/aed-ja-mets\/","og_site_name":"Lilleoru","article_publisher":"https:\/\/www.facebook.com\/lilleoru","article_modified_time":"2024-09-25T15:44:12+00:00","twitter_card":"summary_large_image","twitter_misc":{"Est. reading time":"3 minutit"},"schema":{"@context":"https:\/\/schema.org","@graph":[{"@type":"WebSite","@id":"https:\/\/www.lilleoru.ee\/et\/#website","url":"https:\/\/www.lilleoru.ee\/et\/","name":"Lilleoru","description":"","potentialAction":[{"@type":"SearchAction","target":{"@type":"EntryPoint","urlTemplate":"https:\/\/www.lilleoru.ee\/et\/?s={search_term_string}"},"query-input":"required name=search_term_string"}],"inLanguage":"et"},{"@type":"WebPage","@id":"https:\/\/www.lilleoru.ee\/et\/aed-ja-mets\/#webpage","url":"https:\/\/www.lilleoru.ee\/et\/aed-ja-mets\/","name":"Aed ja mets - Lilleoru","isPartOf":{"@id":"https:\/\/www.lilleoru.ee\/et\/#website"},"datePublished":"2022-02-17T17:26:28+00:00","dateModified":"2024-09-25T15:44:12+00:00","description":"Oma elurikkuse, v\u00e4rvikirevuse ja andide rohkusega meenutab Lilleoru aed veidike Maa peale rajatud paradiisi. Loodusega harmoonias toimimine kuulub tarkuse juurde, mida siin \u00f5pitakse.","breadcrumb":{"@id":"https:\/\/www.lilleoru.ee\/et\/aed-ja-mets\/#breadcrumb"},"inLanguage":"et","potentialAction":[{"@type":"ReadAction","target":["https:\/\/www.lilleoru.ee\/et\/aed-ja-mets\/"]}]},{"@type":"BreadcrumbList","@id":"https:\/\/www.lilleoru.ee\/et\/aed-ja-mets\/#breadcrumb","itemListElement":[{"@type":"ListItem","position":1,"name":"Home","item":"https:\/\/www.lilleoru.ee\/et\/"},{"@type":"ListItem","position":2,"name":"Aed ja mets"}]}]}},"_links":{"self":[{"href":"https:\/\/www.lilleoru.ee\/et\/wp-json\/wp\/v2\/pages\/156"}],"collection":[{"href":"https:\/\/www.lilleoru.ee\/et\/wp-json\/wp\/v2\/pages"}],"about":[{"href":"https:\/\/www.lilleoru.ee\/et\/wp-json\/wp\/v2\/types\/page"}],"author":[{"embeddable":true,"href":"https:\/\/www.lilleoru.ee\/et\/wp-json\/wp\/v2\/users\/11"}],"replies":[{"embeddable":true,"href":"https:\/\/www.lilleoru.ee\/et\/wp-json\/wp\/v2\/comments?post=156"}],"version-history":[{"count":39,"href":"https:\/\/www.lilleoru.ee\/et\/wp-json\/wp\/v2\/pages\/156\/revisions"}],"predecessor-version":[{"id":6216,"href":"https:\/\/www.lilleoru.ee\/et\/wp-json\/wp\/v2\/pages\/156\/revisions\/6216"}],"wp:attachment":[{"href":"https:\/\/www.lilleoru.ee\/et\/wp-json\/wp\/v2\/media?parent=156"}],"curies":[{"name":"wp","href":"https:\/\/api.w.org\/{rel}","templated":true}]}}