{"id":166,"date":"2022-02-17T17:27:53","date_gmt":"2022-02-17T15:27:53","guid":{"rendered":"https:\/\/www.lilleoru.ee\/?page_id=166"},"modified":"2026-04-13T18:15:08","modified_gmt":"2026-04-13T15:15:08","slug":"ruumide-rent","status":"publish","type":"page","link":"https:\/\/www.lilleoru.ee\/et\/ruumide-rent\/","title":{"rendered":"Ruumide rent"},"content":{"rendered":"<p>Korralda oma \u00fcritus Lilleoru erilises, rahulikus, looduslikus ja inspireerivas keskkonnas! Meelerahu, selgus ja inspiratsioon on garanteeritud!<\/p>\n<p><strong>Asume Rae vallas looduskaunis kohas, k\u00f5igest 25-minutilise autos\u00f5idu kaugusel Tallinnast.<\/strong><\/p>\n<p><a href=\"https:\/\/www.google.com\/maps\/place\/Taevasmaa+tee+2,+Aruvalla,+75320+Harju+maakond,+Eesti\/@59.343876,24.907318,9z\/data=!4m5!3m4!1s0x4692dd6eb3f58209:0xc52ed7984f11715c!8m2!3d59.2597731!4d25.0420683?hl=et-EE\" target=\"_blank\" rel=\"noopener\">Asukoht kaardil<\/a><\/p>\n<p>Lilleoru \u00f5ppekeskuse isikup\u00e4rased ja valgusk\u00fcllased seminariruumid koos kaasaegsete tehniliste v\u00f5imalustega ootavad Sind korraldama oma koolitust, konverentsi, seminari, meeskonna\u00fcritust, koosolekut v\u00f5i muud s\u00fcndmust.<\/p>\n<p><strong>K\u00fcsi pakkumist: <\/strong><span style=\"font-weight: 400;\"><strong><br \/>\n<\/strong><a href=\"mailto:ruumid@lilleoru.ee\">ruumid@lilleoru.ee<br \/>\n<\/a>+ 372 506 0519<br \/>\n<\/span><\/p>\n<p>&nbsp;<\/p>\n<p><strong>SUUR SAAL \u2013\u00a0<\/strong>\u00a0kuni 100 inimest<\/p>\n<p>P\u00f5neva arhitektuuriga valgusk\u00fcllane ja \u00f5dus saal koos k\u00f5ikide kaasaegsete tehniliste v\u00f5imalustega sobib suuremate koolituste, loengute, konverentside, vastuv\u00f5ttude ja kultuuris\u00fcndmuste korraldamiseks.<\/p>\n<p>Saalis on wifi, dataprojektor, ekraan, pabertahvel ja markerid, valge magnettahvel, lauad, toolid, konditsioneer, helitehnika. Saali juurde kuuluvad audio-video stuudio ja s\u00fcnkroont\u00f5lke ruum, kust on v\u00f5imalik teha salvestisi ning t\u00f5lget kuni kahte keelde.<\/p>\n<p>Ruum suurusega 132 m\u00b2 mahutab:<\/p>\n<ul>\n<li>Teatristiilis kuni 100 inimest<\/li>\n<li>Laudkondadena kuni 90 inimest<\/li>\n<li>Klassina kuni 50 inimest<\/li>\n<li>U-kujuliselt kuni 22 inimest<\/li>\n<li>Mattidel kuni 30 inimest<\/li>\n<\/ul>\n\n<p>&nbsp;<\/p>\n<p>&nbsp;<\/p>\n<p><strong>SEMINARIRUUM \u2013\u00a0<\/strong>kuni 20 inimest<\/p>\n<p>Hubane ja valgusk\u00fcllane seminariruum on sobiv v\u00e4iksemate koolituste, loengute, koosolekute ja t\u00f6\u00f6tubade korraldamiseks.<\/p>\n<p>Ruumis on wifi, esitlusteler (65&#8243;), pabertahvel ja markerid.<\/p>\n<p>Ruum suurusega 37\u00a0m\u00b2\u00a0\u00a0mahutab:<\/p>\n<ul>\n<li>Teatristiilis kuni 25 inimest<\/li>\n<li>Klassina kuni 10 inimest<\/li>\n<li>N\u00f5upidamiseruum kuni 11 inimest<\/li>\n<\/ul>\n\n<p>&nbsp;<\/p>\n<p>&nbsp;<\/p>\n<p><strong>KOOSOLEKURUUM<\/strong>\u00a0\u2013 kuni 4 inimest<\/p>\n<p>V\u00e4iksem koosolekuruum (14 m\u00b2) on sobiv arutelude, vestluste, grupit\u00f6\u00f6de, esitluste ja v\u00e4iksemate koosolekute l\u00e4biviimiseks.<\/p>\n<p>Ruumis on esitlusteler (55\u2033), wifi, lauad, toolid, pabertahvel ja markerid, kraanikauss ning olemas ka v\u00e4ike tee- ja kohvinurk.<\/p>\n\n<p>&nbsp;<\/p>\n<p>&nbsp;<\/p>\n<p><strong>KOHVIKUALA\u00a0<\/strong>\u2013 kuni 80 inimest<\/p>\n<p>Esimesel korrusel asuv s\u00f6\u00f6gisaal (100\u00a0m\u00b2)\u00a0\u00a0sobib l\u00f5una- ja \u00f5htus\u00f6\u00f6kide, s\u00fcnnip\u00e4evade ja vastuv\u00f5ttude ja muude pidulike s\u00fcndmuste korraldamiseks kuni 80le inimesele. Pukklaudu kasutades on v\u00f5imalik korraldada toitlustust ja vastuv\u00f5tte kuni 100le inimesele.<\/p>\n<p>Kohvikuala k\u00f5rval paikneb l\u00f5unap\u00e4ikesele avatud m\u00f5nus suveterrass ning suve perioodil on \u00f5ues valge telk, mis mahutab mugavalt istuma kuni 120 inimest.<\/p>\n\n<p>&nbsp;<\/p>\n<p>&nbsp;<\/p>\n<p><strong>TOITLUSTUS<\/strong><\/p>\n<p>S\u00fcndmuse parimale \u00f5nnestumisele aitab kaasa kvaliteetne ja maitsev toit, mida pakume oma kohvikus. Lilleoru kohvikus valmistatakse eelk\u00f5ige taimset toitu, soovi korral aga ka kala ja maheliha.<\/p>\n<p>Vastavalt hooajale on tooraine osaliselt p\u00e4rit mahep\u00f5llumajandusest ja kohapealsest permakultuuri maheaiast. Meil on erinevaid men\u00fc\u00fcsid l\u00f5una- ja \u00f5htus\u00f6\u00f6giks, suupisteteks ja kohvipausideks. Kohapeal pakume ka erilist Lilleoru teed kohalike mesinike poolt valmistatud meega.<\/p>\n\n<p>&nbsp;<\/p>\n<p>&nbsp;<\/p>\n<p><strong>VALGE TELK<\/strong><span style=\"font-weight: 400;\">\u00a0(150 m\u00b2)\u00a0suveperioodil \u00f5ues, mis mahutab mugavalt istuma kuni 120 inimest.<\/span><\/p>\n\n<p>&nbsp;<\/p>\n<hr \/>\n<p>&nbsp;<\/p>\n<p>V\u00f5imalus tellida lisaks ekskursioon k\u00f5rvalasuvasse Elulille parki v\u00f5i permakultuuri aeda. Firma \u00fcrituse tarvis on meilt v\u00f5imalik tellida ka teadliku arengu ja enesejuhtimise teemalisi v\u00f5i kunsti t\u00f6\u00f6tubasid.<\/p>\n<p>Tutvu l\u00e4hemalt meie \u00a0<a href=\"https:\/\/www.lilleoru.ee\/ruumide-rent-lilleoru-tootoad\/\" target=\"_blank\" rel=\"noopener\">T\u00d6\u00d6TUBADE JA KOOLITUSTEGA<\/a>.<\/p>\n<p><strong>K\u00fcsi pakkumist: <\/strong><span style=\"font-weight: 400;\"><strong><br \/>\n<\/strong><a href=\"mailto:ruumid@lilleoru.ee\">ruumid@lilleoru.ee<br \/>\n<\/a>+ 372 506 0519<br \/>\n<\/span><\/p>\n<p>&nbsp;<\/p>\n<p>&nbsp;<\/p>\n<hr \/>\n<p>&nbsp;<\/p>\n<p>Ecosh Life O\u00dc tagasiside:<\/p>\n<blockquote><p><em>See p\u00e4ev oli t\u00e4iesti\u00a0imeline!\u00a0<\/em><em>\u2764 <\/em><em>Kui l\u00f5pus muljetasime, siis oli see \u00fcks suur rahu ja \u00f5nnelikkuse kogemuse jagamine k\u00f5ikide osalenute poolt. <\/em><em>Nii, et s\u00fcdamest t\u00e4nud teile. Tundsime end seal v\u00e4ga teretulnult ja v\u00e4ga h\u00e4sti vastu v\u00f5etult.\u00a0<\/em><\/p><\/blockquote>\n<p>&nbsp;<\/p>\n","protected":false},"excerpt":{"rendered":"<p>Korralda oma \u00fcritus Lilleoru erilises, rahulikus, looduslikus ja inspireerivas keskkonnas! Meelerahu, selgus ja inspiratsioon on garanteeritud! Asume Rae vallas looduskaunis kohas, k\u00f5igest 25-minutilise autos\u00f5idu kaugusel Tallinnast. Asukoht kaardil Lilleoru \u00f5ppekeskuse isikup\u00e4rased ja valgusk\u00fcllased seminariruumid koos kaasaegsete tehniliste v\u00f5imalustega ootavad Sind korraldama oma koolitust, konverentsi, seminari, meeskonna\u00fcritust, koosolekut v\u00f5i muud s\u00fcndmust. K\u00fcsi pakkumist: ruumid@lilleoru.ee + 372 [&hellip;]<\/p>\n","protected":false},"author":11,"featured_media":0,"parent":0,"menu_order":0,"comment_status":"closed","ping_status":"closed","template":"","meta":{"inline_featured_image":false},"acf":[],"yoast_head":"<!-- This site is optimized with the Yoast SEO plugin v19.0 - https:\/\/yoast.com\/wordpress\/plugins\/seo\/ -->\n<title>Ruumide rent - Lilleoru<\/title>\n<meta name=\"description\" content=\"Korralda oma \u00fcritus Lilleoru erilises, rahulikus, looduslikus ja inspireerivas keskkonnas! V\u00e4rskest toorainest mahetoit, huvitavad t\u00f6\u00f6toad!\" \/>\n<meta name=\"robots\" content=\"index, follow, max-snippet:-1, max-image-preview:large, max-video-preview:-1\" \/>\n<link rel=\"canonical\" href=\"https:\/\/www.lilleoru.ee\/et\/ruumide-rent\/\" \/>\n<meta property=\"og:locale\" content=\"et_EE\" \/>\n<meta property=\"og:type\" content=\"article\" \/>\n<meta property=\"og:title\" content=\"Ruumide rent - Lilleoru\" \/>\n<meta property=\"og:description\" content=\"Korralda oma \u00fcritus Lilleoru erilises, rahulikus, looduslikus ja inspireerivas keskkonnas! V\u00e4rskest toorainest mahetoit, huvitavad t\u00f6\u00f6toad!\" \/>\n<meta property=\"og:url\" content=\"https:\/\/www.lilleoru.ee\/et\/ruumide-rent\/\" \/>\n<meta property=\"og:site_name\" content=\"Lilleoru\" \/>\n<meta property=\"article:publisher\" content=\"https:\/\/www.facebook.com\/lilleoru\" \/>\n<meta property=\"article:modified_time\" content=\"2026-04-13T15:15:08+00:00\" \/>\n<meta name=\"twitter:card\" content=\"summary_large_image\" \/>\n<meta name=\"twitter:label1\" content=\"Est. reading time\" \/>\n\t<meta name=\"twitter:data1\" content=\"3 minutit\" \/>\n<script type=\"application\/ld+json\" class=\"yoast-schema-graph\">{\"@context\":\"https:\/\/schema.org\",\"@graph\":[{\"@type\":\"WebSite\",\"@id\":\"https:\/\/www.lilleoru.ee\/et\/#website\",\"url\":\"https:\/\/www.lilleoru.ee\/et\/\",\"name\":\"Lilleoru\",\"description\":\"\",\"potentialAction\":[{\"@type\":\"SearchAction\",\"target\":{\"@type\":\"EntryPoint\",\"urlTemplate\":\"https:\/\/www.lilleoru.ee\/et\/?s={search_term_string}\"},\"query-input\":\"required name=search_term_string\"}],\"inLanguage\":\"et\"},{\"@type\":\"WebPage\",\"@id\":\"https:\/\/www.lilleoru.ee\/et\/ruumide-rent\/#webpage\",\"url\":\"https:\/\/www.lilleoru.ee\/et\/ruumide-rent\/\",\"name\":\"Ruumide rent - Lilleoru\",\"isPartOf\":{\"@id\":\"https:\/\/www.lilleoru.ee\/et\/#website\"},\"datePublished\":\"2022-02-17T15:27:53+00:00\",\"dateModified\":\"2026-04-13T15:15:08+00:00\",\"description\":\"Korralda oma \u00fcritus Lilleoru erilises, rahulikus, looduslikus ja inspireerivas keskkonnas! V\u00e4rskest toorainest mahetoit, huvitavad t\u00f6\u00f6toad!\",\"breadcrumb\":{\"@id\":\"https:\/\/www.lilleoru.ee\/et\/ruumide-rent\/#breadcrumb\"},\"inLanguage\":\"et\",\"potentialAction\":[{\"@type\":\"ReadAction\",\"target\":[\"https:\/\/www.lilleoru.ee\/et\/ruumide-rent\/\"]}]},{\"@type\":\"BreadcrumbList\",\"@id\":\"https:\/\/www.lilleoru.ee\/et\/ruumide-rent\/#breadcrumb\",\"itemListElement\":[{\"@type\":\"ListItem\",\"position\":1,\"name\":\"Home\",\"item\":\"https:\/\/www.lilleoru.ee\/et\/\"},{\"@type\":\"ListItem\",\"position\":2,\"name\":\"Ruumide rent\"}]}]}<\/script>\n<!-- \/ Yoast SEO plugin. -->","yoast_head_json":{"title":"Ruumide rent - Lilleoru","description":"Korralda oma \u00fcritus Lilleoru erilises, rahulikus, looduslikus ja inspireerivas keskkonnas! V\u00e4rskest toorainest mahetoit, huvitavad t\u00f6\u00f6toad!","robots":{"index":"index","follow":"follow","max-snippet":"max-snippet:-1","max-image-preview":"max-image-preview:large","max-video-preview":"max-video-preview:-1"},"canonical":"https:\/\/www.lilleoru.ee\/et\/ruumide-rent\/","og_locale":"et_EE","og_type":"article","og_title":"Ruumide rent - Lilleoru","og_description":"Korralda oma \u00fcritus Lilleoru erilises, rahulikus, looduslikus ja inspireerivas keskkonnas! V\u00e4rskest toorainest mahetoit, huvitavad t\u00f6\u00f6toad!","og_url":"https:\/\/www.lilleoru.ee\/et\/ruumide-rent\/","og_site_name":"Lilleoru","article_publisher":"https:\/\/www.facebook.com\/lilleoru","article_modified_time":"2026-04-13T15:15:08+00:00","twitter_card":"summary_large_image","twitter_misc":{"Est. reading time":"3 minutit"},"schema":{"@context":"https:\/\/schema.org","@graph":[{"@type":"WebSite","@id":"https:\/\/www.lilleoru.ee\/et\/#website","url":"https:\/\/www.lilleoru.ee\/et\/","name":"Lilleoru","description":"","potentialAction":[{"@type":"SearchAction","target":{"@type":"EntryPoint","urlTemplate":"https:\/\/www.lilleoru.ee\/et\/?s={search_term_string}"},"query-input":"required name=search_term_string"}],"inLanguage":"et"},{"@type":"WebPage","@id":"https:\/\/www.lilleoru.ee\/et\/ruumide-rent\/#webpage","url":"https:\/\/www.lilleoru.ee\/et\/ruumide-rent\/","name":"Ruumide rent - Lilleoru","isPartOf":{"@id":"https:\/\/www.lilleoru.ee\/et\/#website"},"datePublished":"2022-02-17T15:27:53+00:00","dateModified":"2026-04-13T15:15:08+00:00","description":"Korralda oma \u00fcritus Lilleoru erilises, rahulikus, looduslikus ja inspireerivas keskkonnas! V\u00e4rskest toorainest mahetoit, huvitavad t\u00f6\u00f6toad!","breadcrumb":{"@id":"https:\/\/www.lilleoru.ee\/et\/ruumide-rent\/#breadcrumb"},"inLanguage":"et","potentialAction":[{"@type":"ReadAction","target":["https:\/\/www.lilleoru.ee\/et\/ruumide-rent\/"]}]},{"@type":"BreadcrumbList","@id":"https:\/\/www.lilleoru.ee\/et\/ruumide-rent\/#breadcrumb","itemListElement":[{"@type":"ListItem","position":1,"name":"Home","item":"https:\/\/www.lilleoru.ee\/et\/"},{"@type":"ListItem","position":2,"name":"Ruumide rent"}]}]}},"_links":{"self":[{"href":"https:\/\/www.lilleoru.ee\/et\/wp-json\/wp\/v2\/pages\/166"}],"collection":[{"href":"https:\/\/www.lilleoru.ee\/et\/wp-json\/wp\/v2\/pages"}],"about":[{"href":"https:\/\/www.lilleoru.ee\/et\/wp-json\/wp\/v2\/types\/page"}],"author":[{"embeddable":true,"href":"https:\/\/www.lilleoru.ee\/et\/wp-json\/wp\/v2\/users\/11"}],"replies":[{"embeddable":true,"href":"https:\/\/www.lilleoru.ee\/et\/wp-json\/wp\/v2\/comments?post=166"}],"version-history":[{"count":96,"href":"https:\/\/www.lilleoru.ee\/et\/wp-json\/wp\/v2\/pages\/166\/revisions"}],"predecessor-version":[{"id":6616,"href":"https:\/\/www.lilleoru.ee\/et\/wp-json\/wp\/v2\/pages\/166\/revisions\/6616"}],"wp:attachment":[{"href":"https:\/\/www.lilleoru.ee\/et\/wp-json\/wp\/v2\/media?parent=166"}],"curies":[{"name":"wp","href":"https:\/\/api.w.org\/{rel}","templated":true}]}}