{"id":168,"date":"2022-02-17T17:28:06","date_gmt":"2022-02-17T17:28:06","guid":{"rendered":"https:\/\/www.lilleoru.ee\/?page_id=168"},"modified":"2022-10-18T23:29:34","modified_gmt":"2022-10-18T20:29:34","slug":"pood","status":"publish","type":"page","link":"https:\/\/www.lilleoru.ee\/et\/pood\/","title":{"rendered":"Pood"},"content":{"rendered":"<p>Meie oman\u00e4olisest poekesest leiad unikaalse valiku <strong>enesearengut ja joogalikku eluviisi<\/strong> <strong>toetavaid<\/strong> tooteid. V\u00e4\u00e4rtustame keskkonnas\u00f5bralikkust ning pakume Lilleoru erip\u00e4raga seotud tootevalikut:<\/p>\n<ul>\n<li>erilised k\u00e4sitsi valmistatud teesegud Lilleoru \u00fcrtidest<\/li>\n<li>valitud maaenergia punktidest kogutud Ishwarananda mesi<\/li>\n<li>Lilleorus tegutsevate kunstnike looming, sh keraamika, graafika<\/li>\n<li>valik eesti- ja inglisekeelset joogakirjandust<\/li>\n<li>enesearengut ja \u00f6koloogilist elustiili toetav kirjandus<\/li>\n<li>kvaliteetsed joogariided ja -vahendid<\/li>\n<li>k\u00e4sit\u00f6\u00f6na valminud palvekeed ja ehted<\/li>\n<li>Elulille mustriga veen\u00f5ud ja klaasist joogipudelid<\/li>\n<li>looduslikud tervise-, ilu- ja h\u00fcgieenitooteid<\/li>\n<\/ul>\n<p>Pood on avatud s\u00fcndmuste ajal ja n\u00e4dalavahetusel. Muul ajal helista julgelt ukse k\u00f5rval olevale numbrile.<\/p>\n<p><a href=\"https:\/\/madlivali.ee\/\" target=\"_blank\" rel=\"noopener\">Keraamik Madli V\u00e4li<\/a> t\u00f6\u00f6tab Lilleorus koha peal ning soovi korral teeb ka tellimust\u00f6id.<\/p>\n<p><span style=\"font-weight: 400;\">Astu sisse ka meie <\/span><span style=\"font-weight: 400;\"><a href=\"https:\/\/pood.lilleoru.ee\/\" target=\"_blank\" rel=\"noopener\">e-poodi<\/a>.<\/span><\/p>\n<p>&nbsp;<\/p>\n","protected":false},"excerpt":{"rendered":"<p>Meie oman\u00e4olisest poekesest leiad unikaalse valiku enesearengut ja joogalikku eluviisi toetavaid tooteid. V\u00e4\u00e4rtustame keskkonnas\u00f5bralikkust ning pakume Lilleoru erip\u00e4raga seotud tootevalikut: erilised k\u00e4sitsi valmistatud teesegud Lilleoru \u00fcrtidest valitud maaenergia punktidest kogutud Ishwarananda mesi Lilleorus tegutsevate kunstnike looming, sh keraamika, graafika valik eesti- ja inglisekeelset joogakirjandust enesearengut ja \u00f6koloogilist elustiili toetav kirjandus kvaliteetsed joogariided ja -vahendid k\u00e4sit\u00f6\u00f6na [&hellip;]<\/p>\n","protected":false},"author":11,"featured_media":0,"parent":0,"menu_order":0,"comment_status":"closed","ping_status":"closed","template":"","meta":{"inline_featured_image":false},"acf":[],"yoast_head":"<!-- This site is optimized with the Yoast SEO plugin v19.0 - https:\/\/yoast.com\/wordpress\/plugins\/seo\/ -->\n<title>Pood - Lilleoru<\/title>\n<meta name=\"description\" content=\"Meie oman\u00e4olisest poest leiad unikaalse valiku enesearengut ja joogalikku eluviisi toetavaid tooteid.\" \/>\n<meta name=\"robots\" content=\"index, follow, max-snippet:-1, max-image-preview:large, max-video-preview:-1\" \/>\n<link rel=\"canonical\" href=\"https:\/\/www.lilleoru.ee\/et\/pood\/\" \/>\n<meta property=\"og:locale\" content=\"et_EE\" \/>\n<meta property=\"og:type\" content=\"article\" \/>\n<meta property=\"og:title\" content=\"Pood - Lilleoru\" \/>\n<meta property=\"og:description\" content=\"Meie oman\u00e4olisest poest leiad unikaalse valiku enesearengut ja joogalikku eluviisi toetavaid tooteid.\" \/>\n<meta property=\"og:url\" content=\"https:\/\/www.lilleoru.ee\/et\/pood\/\" \/>\n<meta property=\"og:site_name\" content=\"Lilleoru\" \/>\n<meta property=\"article:publisher\" content=\"https:\/\/www.facebook.com\/lilleoru\" \/>\n<meta property=\"article:modified_time\" content=\"2022-10-18T20:29:34+00:00\" \/>\n<meta name=\"twitter:card\" content=\"summary_large_image\" \/>\n<meta name=\"twitter:label1\" content=\"Est. reading time\" \/>\n\t<meta name=\"twitter:data1\" content=\"1 minut\" \/>\n<script type=\"application\/ld+json\" class=\"yoast-schema-graph\">{\"@context\":\"https:\/\/schema.org\",\"@graph\":[{\"@type\":\"WebSite\",\"@id\":\"https:\/\/www.lilleoru.ee\/et\/#website\",\"url\":\"https:\/\/www.lilleoru.ee\/et\/\",\"name\":\"Lilleoru\",\"description\":\"\",\"potentialAction\":[{\"@type\":\"SearchAction\",\"target\":{\"@type\":\"EntryPoint\",\"urlTemplate\":\"https:\/\/www.lilleoru.ee\/et\/?s={search_term_string}\"},\"query-input\":\"required name=search_term_string\"}],\"inLanguage\":\"et\"},{\"@type\":\"WebPage\",\"@id\":\"https:\/\/www.lilleoru.ee\/et\/pood\/#webpage\",\"url\":\"https:\/\/www.lilleoru.ee\/et\/pood\/\",\"name\":\"Pood - Lilleoru\",\"isPartOf\":{\"@id\":\"https:\/\/www.lilleoru.ee\/et\/#website\"},\"datePublished\":\"2022-02-17T17:28:06+00:00\",\"dateModified\":\"2022-10-18T20:29:34+00:00\",\"description\":\"Meie oman\u00e4olisest poest leiad unikaalse valiku enesearengut ja joogalikku eluviisi toetavaid tooteid.\",\"breadcrumb\":{\"@id\":\"https:\/\/www.lilleoru.ee\/et\/pood\/#breadcrumb\"},\"inLanguage\":\"et\",\"potentialAction\":[{\"@type\":\"ReadAction\",\"target\":[\"https:\/\/www.lilleoru.ee\/et\/pood\/\"]}]},{\"@type\":\"BreadcrumbList\",\"@id\":\"https:\/\/www.lilleoru.ee\/et\/pood\/#breadcrumb\",\"itemListElement\":[{\"@type\":\"ListItem\",\"position\":1,\"name\":\"Home\",\"item\":\"https:\/\/www.lilleoru.ee\/et\/\"},{\"@type\":\"ListItem\",\"position\":2,\"name\":\"Pood\"}]}]}<\/script>\n<!-- \/ Yoast SEO plugin. -->","yoast_head_json":{"title":"Pood - Lilleoru","description":"Meie oman\u00e4olisest poest leiad unikaalse valiku enesearengut ja joogalikku eluviisi toetavaid tooteid.","robots":{"index":"index","follow":"follow","max-snippet":"max-snippet:-1","max-image-preview":"max-image-preview:large","max-video-preview":"max-video-preview:-1"},"canonical":"https:\/\/www.lilleoru.ee\/et\/pood\/","og_locale":"et_EE","og_type":"article","og_title":"Pood - Lilleoru","og_description":"Meie oman\u00e4olisest poest leiad unikaalse valiku enesearengut ja joogalikku eluviisi toetavaid tooteid.","og_url":"https:\/\/www.lilleoru.ee\/et\/pood\/","og_site_name":"Lilleoru","article_publisher":"https:\/\/www.facebook.com\/lilleoru","article_modified_time":"2022-10-18T20:29:34+00:00","twitter_card":"summary_large_image","twitter_misc":{"Est. reading time":"1 minut"},"schema":{"@context":"https:\/\/schema.org","@graph":[{"@type":"WebSite","@id":"https:\/\/www.lilleoru.ee\/et\/#website","url":"https:\/\/www.lilleoru.ee\/et\/","name":"Lilleoru","description":"","potentialAction":[{"@type":"SearchAction","target":{"@type":"EntryPoint","urlTemplate":"https:\/\/www.lilleoru.ee\/et\/?s={search_term_string}"},"query-input":"required name=search_term_string"}],"inLanguage":"et"},{"@type":"WebPage","@id":"https:\/\/www.lilleoru.ee\/et\/pood\/#webpage","url":"https:\/\/www.lilleoru.ee\/et\/pood\/","name":"Pood - Lilleoru","isPartOf":{"@id":"https:\/\/www.lilleoru.ee\/et\/#website"},"datePublished":"2022-02-17T17:28:06+00:00","dateModified":"2022-10-18T20:29:34+00:00","description":"Meie oman\u00e4olisest poest leiad unikaalse valiku enesearengut ja joogalikku eluviisi toetavaid tooteid.","breadcrumb":{"@id":"https:\/\/www.lilleoru.ee\/et\/pood\/#breadcrumb"},"inLanguage":"et","potentialAction":[{"@type":"ReadAction","target":["https:\/\/www.lilleoru.ee\/et\/pood\/"]}]},{"@type":"BreadcrumbList","@id":"https:\/\/www.lilleoru.ee\/et\/pood\/#breadcrumb","itemListElement":[{"@type":"ListItem","position":1,"name":"Home","item":"https:\/\/www.lilleoru.ee\/et\/"},{"@type":"ListItem","position":2,"name":"Pood"}]}]}},"_links":{"self":[{"href":"https:\/\/www.lilleoru.ee\/et\/wp-json\/wp\/v2\/pages\/168"}],"collection":[{"href":"https:\/\/www.lilleoru.ee\/et\/wp-json\/wp\/v2\/pages"}],"about":[{"href":"https:\/\/www.lilleoru.ee\/et\/wp-json\/wp\/v2\/types\/page"}],"author":[{"embeddable":true,"href":"https:\/\/www.lilleoru.ee\/et\/wp-json\/wp\/v2\/users\/11"}],"replies":[{"embeddable":true,"href":"https:\/\/www.lilleoru.ee\/et\/wp-json\/wp\/v2\/comments?post=168"}],"version-history":[{"count":10,"href":"https:\/\/www.lilleoru.ee\/et\/wp-json\/wp\/v2\/pages\/168\/revisions"}],"predecessor-version":[{"id":2064,"href":"https:\/\/www.lilleoru.ee\/et\/wp-json\/wp\/v2\/pages\/168\/revisions\/2064"}],"wp:attachment":[{"href":"https:\/\/www.lilleoru.ee\/et\/wp-json\/wp\/v2\/media?parent=168"}],"curies":[{"name":"wp","href":"https:\/\/api.w.org\/{rel}","templated":true}]}}