{"id":170,"date":"2022-02-17T17:28:31","date_gmt":"2022-02-17T17:28:31","guid":{"rendered":"https:\/\/www.lilleoru.ee\/?page_id=170"},"modified":"2024-11-29T23:21:16","modified_gmt":"2024-11-29T21:21:16","slug":"asutaja-ingvar-villido","status":"publish","type":"page","link":"https:\/\/www.lilleoru.ee\/et\/asutaja-ingvar-villido\/","title":{"rendered":"Ingvar Villido Ishwarananda"},"content":{"rendered":"<p><strong>Ingvar Villido Ishwarananda<\/strong> on tunnustatud <em>siddha<\/em> jooga meister\u00f5petaja ehk <em>acharya<\/em>, Lilleorus asuva Shiva templi asutaja, samuti rahvusvahelise <em>siddha<\/em> jooga \u00f5ppekeskuse ja Practical Consciousness&#8217;i sihtasutuse asutaja ning mitmete raamatute autor.<\/p>\n<p>Ingvar Villido Ishwarananda on alates 1992. aastast p\u00fchendunud teadlikkuse ja <em>siddha<\/em> jooga \u00f5petamisele. Tema s\u00fcgavad teadmised joogast p\u00f5hinevad iidsetel <em>siddha<\/em>\u00b4de traditsioonil ja <em>sanathana<\/em> <em>dharma<\/em> v\u00e4\u00e4rtustel ja printsiipidel, mis on maailma vanimaid traditsioone. Tema \u00f5petused joogast toovad praktikasse haruldase s\u00fcgavuse ja otsetee eneseteadlikkuse suurendamisele.<\/p>\n<p>Eestis s\u00fcndinud ja kasvanud Ingvar Villido Ishwarananda hakkas inimese ps\u00fc\u00fchika toimemehhanismide vastu huvi tundma juba teismelisena. Noore mehena j\u00f5udis ta j\u00e4rjekindla joogaliku praktiseerimise tulemusena enda t\u00f5elise olemuse puhtuse ja eneserealisatsioonini. Hiljem sai ta teadmisi, \u00f5petust ja p\u00fchendusi mitmete eri traditsioonide meistritelt.<\/p>\n<p>Ta r\u00f5hutab, et t\u00f5eline muutus maailmas saab alguse igast \u00fcksikisikust. Ta on p\u00fchendunud, et teha joogalikud teadmised inimestele laialdaselt k\u00e4ttesaadavaks, muutes need kergesti m\u00f5istetavaks ja rakendatavaks iga\u00fche jaoks. Iga samm sisemise rahu ja heatahtlikkuse poole on v\u00e4\u00e4rtuslik, sest aitab nii kasvatada inimlikkust ja hoolivust maailmas. Tema missiooniks <em>siddha<\/em> jooga \u00f5ppes on aidata joogale p\u00fchendunud inimesi jooga l\u00f5ppeesm\u00e4rgini \u2013 t\u00f5elise vabanemiseni.<\/p>\n<p>Tema <em>siddha<\/em> jooga \u00f5petus p\u00f5hineb iidsete t\u00e4iuslikkuse saavutanud joogameistrite \u2013 <em>siddha<\/em>\u00b4de \u2013 teadmistel ja praktikatel, mille tuumaks on teadvelolek, teadvustatud tegutsemine ja teadvuse omaduste oskuslik sihip\u00e4rane rakendamine.<br \/>\nIngvar Villido Ishwarananda on oma teadmised ja aastatepikkused kogemused destilleerinud praktiliseks s\u00fcsteemiks, mida tuntakse Practical Consciousness&#8217;i nime all (endise nimega Teadliku Muutuse Kunst). Selle meetodi kaudu edastab ta selgelt ja arusaadavalt inimese sisemaailma toimimise p\u00f5him\u00f5tteid, \u00fchtlasi pakub ka praktilisi vahendeid isiklikuks kasvuks. Meetodi keskmes on inimese v\u00f5ime muuta oma sisemaailma tasakaalukamaks, vabaneda h\u00e4irivatest emotsioonidest ning m\u00f5ttemustritest iseseisvalt, igas elu olukorras. See meetod tugineb teadvuse praktilisel kasutamisel ning v\u00f5imaldab inimestel kiiresti ja t\u00f5husalt p\u00fcsivaid muutusi luua.<\/p>\n<p><strong>Vaimne tee:<\/strong><\/p>\n<ul>\n<li>\n<h5>v\u00f5itluskunstide, akupunktuuri ja agni jooga meister (dr Vladimir Antonovi kool)<\/h5>\n<\/li>\n<li>\n<h5>p\u00fchendus Buddhi joogasse edasiandmise \u00f5igusega meister dr Vladimir Antonovilt<\/h5>\n<\/li>\n<li>\n<h5>p\u00fchendus raja joogasse edasiandmise \u00f5igusega meister dr Vladimir Antonovilt<\/h5>\n<\/li>\n<li>\n<h5>p\u00fchendus dzogchen\u00b4i edasiandmise \u00f5igusega dzogchen&#8217;i meistri Ch\u00f6gyal Namkhai Norbu Rinpoche\u013at<\/h5>\n<\/li>\n<li>\n<h5>p\u00fchendus budistlikku nyingma\u00b4sse meistritelt Chime Rigdzin Rinpochelt ja Drubwang Rinpochelt<\/h5>\n<\/li>\n<li>\n<h5>p\u00fchendus drikung kagyu liini pealaamalt H.H. Chetsang Kyabgon Rinpochelt<\/h5>\n<\/li>\n<li>\n<h5>p\u00fchendus veeda tarkustesse ja \u00f5igus l\u00e4bi viia iidseid veedalikke tuletseremooniaid meister Mahavatar Haidakhan Babaji j\u00e4reltulijalt, Haidakhan Babaji aa\u0161ramite juhilt Shri Muniraj\u00b4ilt<\/h5>\n<\/li>\n<li>\n<h5>p\u00fchendus ja vastuv\u00f5tmine Babaji Kriya Jooga Acharyate \u00fchendusse (Babaji\u00b4s Kriya Yoga Order of Acharias, Canada, Quebeck)<\/h5>\n<\/li>\n<li>\n<h5>\u00f5nnistus Tolteca vanameistrilt Tlakaeli\u00b4lt,<\/h5>\n<\/li>\n<li>\n<h5>\u00f5nnistus budistlikult meistrilt ja joogilt Baba Kulavadhuta Satpurananda\u00b4lt<\/h5>\n<\/li>\n<\/ul>\n","protected":false},"excerpt":{"rendered":"<p>Ingvar Villido Ishwarananda on tunnustatud siddha jooga meister\u00f5petaja ehk acharya, Lilleorus asuva Shiva templi asutaja, samuti rahvusvahelise siddha jooga \u00f5ppekeskuse ja Practical Consciousness&#8217;i sihtasutuse asutaja ning mitmete raamatute autor. Ingvar Villido Ishwarananda on alates 1992. aastast p\u00fchendunud teadlikkuse ja siddha jooga \u00f5petamisele. Tema s\u00fcgavad teadmised joogast p\u00f5hinevad iidsetel siddha\u00b4de traditsioonil ja sanathana dharma v\u00e4\u00e4rtustel ja [&hellip;]<\/p>\n","protected":false},"author":11,"featured_media":0,"parent":0,"menu_order":0,"comment_status":"closed","ping_status":"closed","template":"","meta":{"inline_featured_image":false},"acf":[],"yoast_head":"<!-- This site is optimized with the Yoast SEO plugin v19.0 - https:\/\/yoast.com\/wordpress\/plugins\/seo\/ -->\n<title>Ingvar Villido Ishwarananda - Lilleoru<\/title>\n<meta name=\"description\" content=\"Ingvar ei ole Lilleorus mitte \u00fcksnes inimesi \u00f5petanud, vaid vedanud ka algusaastatel eest koha \u00f5ppekeskuseks kujundamist ja arendamist.\" \/>\n<meta name=\"robots\" content=\"index, follow, max-snippet:-1, max-image-preview:large, max-video-preview:-1\" \/>\n<link rel=\"canonical\" href=\"https:\/\/www.lilleoru.ee\/et\/asutaja-ingvar-villido\/\" \/>\n<meta property=\"og:locale\" content=\"et_EE\" \/>\n<meta property=\"og:type\" content=\"article\" \/>\n<meta property=\"og:title\" content=\"Ingvar Villido Ishwarananda - Lilleoru\" \/>\n<meta property=\"og:description\" content=\"Ingvar ei ole Lilleorus mitte \u00fcksnes inimesi \u00f5petanud, vaid vedanud ka algusaastatel eest koha \u00f5ppekeskuseks kujundamist ja arendamist.\" \/>\n<meta property=\"og:url\" content=\"https:\/\/www.lilleoru.ee\/et\/asutaja-ingvar-villido\/\" \/>\n<meta property=\"og:site_name\" content=\"Lilleoru\" \/>\n<meta property=\"article:publisher\" content=\"https:\/\/www.facebook.com\/lilleoru\" \/>\n<meta property=\"article:modified_time\" content=\"2024-11-29T21:21:16+00:00\" \/>\n<meta name=\"twitter:card\" content=\"summary_large_image\" \/>\n<meta name=\"twitter:label1\" content=\"Est. reading time\" \/>\n\t<meta name=\"twitter:data1\" content=\"3 minutit\" \/>\n<script type=\"application\/ld+json\" class=\"yoast-schema-graph\">{\"@context\":\"https:\/\/schema.org\",\"@graph\":[{\"@type\":\"WebSite\",\"@id\":\"https:\/\/www.lilleoru.ee\/et\/#website\",\"url\":\"https:\/\/www.lilleoru.ee\/et\/\",\"name\":\"Lilleoru\",\"description\":\"\",\"potentialAction\":[{\"@type\":\"SearchAction\",\"target\":{\"@type\":\"EntryPoint\",\"urlTemplate\":\"https:\/\/www.lilleoru.ee\/et\/?s={search_term_string}\"},\"query-input\":\"required name=search_term_string\"}],\"inLanguage\":\"et\"},{\"@type\":\"WebPage\",\"@id\":\"https:\/\/www.lilleoru.ee\/et\/asutaja-ingvar-villido\/#webpage\",\"url\":\"https:\/\/www.lilleoru.ee\/et\/asutaja-ingvar-villido\/\",\"name\":\"Ingvar Villido Ishwarananda - Lilleoru\",\"isPartOf\":{\"@id\":\"https:\/\/www.lilleoru.ee\/et\/#website\"},\"datePublished\":\"2022-02-17T17:28:31+00:00\",\"dateModified\":\"2024-11-29T21:21:16+00:00\",\"description\":\"Ingvar ei ole Lilleorus mitte \u00fcksnes inimesi \u00f5petanud, vaid vedanud ka algusaastatel eest koha \u00f5ppekeskuseks kujundamist ja arendamist.\",\"breadcrumb\":{\"@id\":\"https:\/\/www.lilleoru.ee\/et\/asutaja-ingvar-villido\/#breadcrumb\"},\"inLanguage\":\"et\",\"potentialAction\":[{\"@type\":\"ReadAction\",\"target\":[\"https:\/\/www.lilleoru.ee\/et\/asutaja-ingvar-villido\/\"]}]},{\"@type\":\"BreadcrumbList\",\"@id\":\"https:\/\/www.lilleoru.ee\/et\/asutaja-ingvar-villido\/#breadcrumb\",\"itemListElement\":[{\"@type\":\"ListItem\",\"position\":1,\"name\":\"Home\",\"item\":\"https:\/\/www.lilleoru.ee\/et\/\"},{\"@type\":\"ListItem\",\"position\":2,\"name\":\"Ingvar Villido Ishwarananda\"}]}]}<\/script>\n<!-- \/ Yoast SEO plugin. -->","yoast_head_json":{"title":"Ingvar Villido Ishwarananda - Lilleoru","description":"Ingvar ei ole Lilleorus mitte \u00fcksnes inimesi \u00f5petanud, vaid vedanud ka algusaastatel eest koha \u00f5ppekeskuseks kujundamist ja arendamist.","robots":{"index":"index","follow":"follow","max-snippet":"max-snippet:-1","max-image-preview":"max-image-preview:large","max-video-preview":"max-video-preview:-1"},"canonical":"https:\/\/www.lilleoru.ee\/et\/asutaja-ingvar-villido\/","og_locale":"et_EE","og_type":"article","og_title":"Ingvar Villido Ishwarananda - Lilleoru","og_description":"Ingvar ei ole Lilleorus mitte \u00fcksnes inimesi \u00f5petanud, vaid vedanud ka algusaastatel eest koha \u00f5ppekeskuseks kujundamist ja arendamist.","og_url":"https:\/\/www.lilleoru.ee\/et\/asutaja-ingvar-villido\/","og_site_name":"Lilleoru","article_publisher":"https:\/\/www.facebook.com\/lilleoru","article_modified_time":"2024-11-29T21:21:16+00:00","twitter_card":"summary_large_image","twitter_misc":{"Est. reading time":"3 minutit"},"schema":{"@context":"https:\/\/schema.org","@graph":[{"@type":"WebSite","@id":"https:\/\/www.lilleoru.ee\/et\/#website","url":"https:\/\/www.lilleoru.ee\/et\/","name":"Lilleoru","description":"","potentialAction":[{"@type":"SearchAction","target":{"@type":"EntryPoint","urlTemplate":"https:\/\/www.lilleoru.ee\/et\/?s={search_term_string}"},"query-input":"required name=search_term_string"}],"inLanguage":"et"},{"@type":"WebPage","@id":"https:\/\/www.lilleoru.ee\/et\/asutaja-ingvar-villido\/#webpage","url":"https:\/\/www.lilleoru.ee\/et\/asutaja-ingvar-villido\/","name":"Ingvar Villido Ishwarananda - Lilleoru","isPartOf":{"@id":"https:\/\/www.lilleoru.ee\/et\/#website"},"datePublished":"2022-02-17T17:28:31+00:00","dateModified":"2024-11-29T21:21:16+00:00","description":"Ingvar ei ole Lilleorus mitte \u00fcksnes inimesi \u00f5petanud, vaid vedanud ka algusaastatel eest koha \u00f5ppekeskuseks kujundamist ja arendamist.","breadcrumb":{"@id":"https:\/\/www.lilleoru.ee\/et\/asutaja-ingvar-villido\/#breadcrumb"},"inLanguage":"et","potentialAction":[{"@type":"ReadAction","target":["https:\/\/www.lilleoru.ee\/et\/asutaja-ingvar-villido\/"]}]},{"@type":"BreadcrumbList","@id":"https:\/\/www.lilleoru.ee\/et\/asutaja-ingvar-villido\/#breadcrumb","itemListElement":[{"@type":"ListItem","position":1,"name":"Home","item":"https:\/\/www.lilleoru.ee\/et\/"},{"@type":"ListItem","position":2,"name":"Ingvar Villido Ishwarananda"}]}]}},"_links":{"self":[{"href":"https:\/\/www.lilleoru.ee\/et\/wp-json\/wp\/v2\/pages\/170"}],"collection":[{"href":"https:\/\/www.lilleoru.ee\/et\/wp-json\/wp\/v2\/pages"}],"about":[{"href":"https:\/\/www.lilleoru.ee\/et\/wp-json\/wp\/v2\/types\/page"}],"author":[{"embeddable":true,"href":"https:\/\/www.lilleoru.ee\/et\/wp-json\/wp\/v2\/users\/11"}],"replies":[{"embeddable":true,"href":"https:\/\/www.lilleoru.ee\/et\/wp-json\/wp\/v2\/comments?post=170"}],"version-history":[{"count":33,"href":"https:\/\/www.lilleoru.ee\/et\/wp-json\/wp\/v2\/pages\/170\/revisions"}],"predecessor-version":[{"id":6283,"href":"https:\/\/www.lilleoru.ee\/et\/wp-json\/wp\/v2\/pages\/170\/revisions\/6283"}],"wp:attachment":[{"href":"https:\/\/www.lilleoru.ee\/et\/wp-json\/wp\/v2\/media?parent=170"}],"curies":[{"name":"wp","href":"https:\/\/api.w.org\/{rel}","templated":true}]}}