{"id":172,"date":"2022-02-17T17:28:46","date_gmt":"2022-02-17T17:28:46","guid":{"rendered":"https:\/\/www.lilleoru.ee\/?page_id=172"},"modified":"2024-11-29T23:36:16","modified_gmt":"2024-11-29T21:36:16","slug":"practical-consciousness-kool","status":"publish","type":"page","link":"https:\/\/www.lilleoru.ee\/et\/practical-consciousness-kool\/","title":{"rendered":"Practical Consciousness kool"},"content":{"rendered":"<p>Lilleoru on Practical Consciousness&#8217;i s\u00fcnnikoht. Meetodi looja on Ingvar Villido Ishwarananda, kes \u00fchendas iidse <em>siddha<\/em> jooga ja iidsete tarkade <em>siddha<\/em>\u00b4de \u00f5petused kaasaegsete teadmistega, et igal inimesel oleks v\u00f5imalus enesearenguks ja teadlikkuse rakendamiseks.<\/p>\n<h2>Practical Consciousness meetodist<\/h2>\n<p>Practical Consciousness on loodud eesm\u00e4rgiga anda inimestele t\u00f5husad t\u00f6\u00f6riistad ja teadmised negatiivsetest emotsioonidest ja m\u00f5ttemustritest vabanemiseks. Meetod \u00f5petab teadvust praktiliselt kasutama ning p\u00f5hineb nn viie keha s\u00fcsteemil. See v\u00f5imaldab elada \u00f5nnelikumat ja t\u00e4isv\u00e4\u00e4rtuslikumat elu, mis on koosk\u00f5las inimese t\u00f5eliste v\u00e4\u00e4rtuste ja eesm\u00e4rkidega.<\/p>\n<p>Practical Consciousness meetod \u00f5petab inimesi looma ja hoidma oma sisemist rahu ja tasakaalu, aitab oma elu selgemalt m\u00f5ista, annab ligip\u00e4\u00e4su sisemisele tarkusele ja l\u00f5pptulemusena v\u00f5imaldab realiseerida oma t\u00e4ieliku potentsiaali. Meetod koosneb \u00fcksikasjalikust juhendist, mis k\u00e4sitleb k\u00f5iki olulisi aspekte isiklikus arengus, sealhulgas t\u00f5elisest minast p\u00fcsivalt teadliku seisundi saavutamist, teadveloleku kultiveerimist, emotsioonide juhtimist ja piiravatest uskumustest ehk m\u00f5ttemustritest vabanemist.<\/p>\n<h2>Kursused<\/h2>\n<ul>\n<li><strong>SELGUS ja EMOTSIOONID (I ja II kursus)<\/strong> \u2013 need kursused \u00f5petavad m\u00f5istma viie keha s\u00fcsteemi, keskenduvad m\u00e4rkamise, eristamise jt teadvuse omaduste teadlikule kasutamisele ning annavad efektiivsed tehnikad negatiivsetest emotsioonidest vabanemiseks.<\/li>\n<li><strong>M\u00d5TTED ( III kursus)<\/strong> \u2013 selle kursuse eesm\u00e4rk on aidata inimesel vabaneda eneseh\u00e4vituslikest jt kahjulikest m\u00f5ttemustritest. \u00d5petatakse taotluse j\u00f5u kui \u00fcliv\u00f5imsa positiivse muutuse looja kasutamist.<\/li>\n<li><strong>TEADVUS (IV kursus)<\/strong> \u2013 kursusel osalejad avastavad oma sisemise geeniuse \u2013 puudutavad oma intuitsiooni ja sisemist tarkust, saavad ligip\u00e4\u00e4su uutele taipamistele ja inspiratsioonile. See kursus keskendub teadvuse seitsme omaduse praktilisele kasutamisele ja sisaldab v\u00e4ga s\u00fcgavaid teadmisi ning tehnikaid intellekti kasutamiseks.<\/li>\n<li><strong>VOO SEISUND (V kursus)<\/strong> \u2013 tuginedes eelnevatel kursustel omandatud teadmistele ja oskustele, aitab see kursus tehnikaid t\u00e4iustada nii, et voo seisund muutub p\u00fcsivaks. \u00d5pitakse Practical Consciousness meetodit integreerima oma igap\u00e4evaellu, elus ettetulevate igap\u00e4evaste v\u00e4ljakutsetega toimetulek muutub lihtsaks ja eesm\u00e4rgip\u00e4raseks.<\/li>\n<\/ul>\n<h2>Kuidas Practical Consciousness aitab<\/h2>\n<p>Vabanedes negatiivsetest emotsioonidest ja m\u00f5ttemustritest, avaneb inimesele ligip\u00e4\u00e4s teadvuse k\u00f5rgematele omadustele ning \u00fchtlasi v\u00f5imekus juhtida oma elu suurema selgusega. Meetod \u00f5petab teadvuse omaduste praktilist kasutamist \u2013 see t\u00e4hendab, \u00f5petab kasutama teadvuse selliseid omadusi nagu m\u00e4rkamine, arusaamine, eristamine, s\u00fcvenemine, intuitsioon, taipamine ja inspiratsioon. J\u00e4rjekindlalt praktiseerides \u00f5pivad inimesed elama voo seisundis ning p\u00fcsima oma t\u00f5elises minas alati ja igas elu olukorras.<br \/>\nPikemalt meetodi kohta ja lisainfo kursustele registreerumiseks leiate <a href=\"https:\/\/ee.practicalconsciousness.com\">Practical Consciousness veebilehelt<\/a>.<\/p>\n","protected":false},"excerpt":{"rendered":"<p>Lilleoru on Practical Consciousness&#8217;i s\u00fcnnikoht. Meetodi looja on Ingvar Villido Ishwarananda, kes \u00fchendas iidse siddha jooga ja iidsete tarkade siddha\u00b4de \u00f5petused kaasaegsete teadmistega, et igal inimesel oleks v\u00f5imalus enesearenguks ja teadlikkuse rakendamiseks. Practical Consciousness meetodist Practical Consciousness on loodud eesm\u00e4rgiga anda inimestele t\u00f5husad t\u00f6\u00f6riistad ja teadmised negatiivsetest emotsioonidest ja m\u00f5ttemustritest vabanemiseks. Meetod \u00f5petab teadvust praktiliselt [&hellip;]<\/p>\n","protected":false},"author":11,"featured_media":0,"parent":0,"menu_order":0,"comment_status":"closed","ping_status":"closed","template":"","meta":{"inline_featured_image":false},"acf":[],"yoast_head":"<!-- This site is optimized with the Yoast SEO plugin v19.0 - https:\/\/yoast.com\/wordpress\/plugins\/seo\/ -->\n<title>Practical Consciousness kool - Lilleoru<\/title>\n<meta name=\"description\" content=\"Siin asub Practical Consciousness kooli s\u00fcnni- ja kodukoht ning rahvusvahelise v\u00f5rgustiku tugipunkt.\" \/>\n<meta name=\"robots\" content=\"index, follow, max-snippet:-1, max-image-preview:large, max-video-preview:-1\" \/>\n<link rel=\"canonical\" href=\"https:\/\/www.lilleoru.ee\/et\/practical-consciousness-kool\/\" \/>\n<meta property=\"og:locale\" content=\"et_EE\" \/>\n<meta property=\"og:type\" content=\"article\" \/>\n<meta property=\"og:title\" content=\"Practical Consciousness kool - Lilleoru\" \/>\n<meta property=\"og:description\" content=\"Siin asub Practical Consciousness kooli s\u00fcnni- ja kodukoht ning rahvusvahelise v\u00f5rgustiku tugipunkt.\" \/>\n<meta property=\"og:url\" content=\"https:\/\/www.lilleoru.ee\/et\/practical-consciousness-kool\/\" \/>\n<meta property=\"og:site_name\" content=\"Lilleoru\" \/>\n<meta property=\"article:publisher\" content=\"https:\/\/www.facebook.com\/lilleoru\" \/>\n<meta property=\"article:modified_time\" content=\"2024-11-29T21:36:16+00:00\" \/>\n<meta name=\"twitter:card\" content=\"summary_large_image\" \/>\n<meta name=\"twitter:label1\" content=\"Est. reading time\" \/>\n\t<meta name=\"twitter:data1\" content=\"1 minut\" \/>\n<script type=\"application\/ld+json\" class=\"yoast-schema-graph\">{\"@context\":\"https:\/\/schema.org\",\"@graph\":[{\"@type\":\"WebSite\",\"@id\":\"https:\/\/www.lilleoru.ee\/et\/#website\",\"url\":\"https:\/\/www.lilleoru.ee\/et\/\",\"name\":\"Lilleoru\",\"description\":\"\",\"potentialAction\":[{\"@type\":\"SearchAction\",\"target\":{\"@type\":\"EntryPoint\",\"urlTemplate\":\"https:\/\/www.lilleoru.ee\/et\/?s={search_term_string}\"},\"query-input\":\"required name=search_term_string\"}],\"inLanguage\":\"et\"},{\"@type\":\"WebPage\",\"@id\":\"https:\/\/www.lilleoru.ee\/et\/practical-consciousness-kool\/#webpage\",\"url\":\"https:\/\/www.lilleoru.ee\/et\/practical-consciousness-kool\/\",\"name\":\"Practical Consciousness kool - Lilleoru\",\"isPartOf\":{\"@id\":\"https:\/\/www.lilleoru.ee\/et\/#website\"},\"datePublished\":\"2022-02-17T17:28:46+00:00\",\"dateModified\":\"2024-11-29T21:36:16+00:00\",\"description\":\"Siin asub Practical Consciousness kooli s\u00fcnni- ja kodukoht ning rahvusvahelise v\u00f5rgustiku tugipunkt.\",\"breadcrumb\":{\"@id\":\"https:\/\/www.lilleoru.ee\/et\/practical-consciousness-kool\/#breadcrumb\"},\"inLanguage\":\"et\",\"potentialAction\":[{\"@type\":\"ReadAction\",\"target\":[\"https:\/\/www.lilleoru.ee\/et\/practical-consciousness-kool\/\"]}]},{\"@type\":\"BreadcrumbList\",\"@id\":\"https:\/\/www.lilleoru.ee\/et\/practical-consciousness-kool\/#breadcrumb\",\"itemListElement\":[{\"@type\":\"ListItem\",\"position\":1,\"name\":\"Home\",\"item\":\"https:\/\/www.lilleoru.ee\/et\/\"},{\"@type\":\"ListItem\",\"position\":2,\"name\":\"Practical Consciousness kool\"}]}]}<\/script>\n<!-- \/ Yoast SEO plugin. -->","yoast_head_json":{"title":"Practical Consciousness kool - Lilleoru","description":"Siin asub Practical Consciousness kooli s\u00fcnni- ja kodukoht ning rahvusvahelise v\u00f5rgustiku tugipunkt.","robots":{"index":"index","follow":"follow","max-snippet":"max-snippet:-1","max-image-preview":"max-image-preview:large","max-video-preview":"max-video-preview:-1"},"canonical":"https:\/\/www.lilleoru.ee\/et\/practical-consciousness-kool\/","og_locale":"et_EE","og_type":"article","og_title":"Practical Consciousness kool - Lilleoru","og_description":"Siin asub Practical Consciousness kooli s\u00fcnni- ja kodukoht ning rahvusvahelise v\u00f5rgustiku tugipunkt.","og_url":"https:\/\/www.lilleoru.ee\/et\/practical-consciousness-kool\/","og_site_name":"Lilleoru","article_publisher":"https:\/\/www.facebook.com\/lilleoru","article_modified_time":"2024-11-29T21:36:16+00:00","twitter_card":"summary_large_image","twitter_misc":{"Est. reading time":"1 minut"},"schema":{"@context":"https:\/\/schema.org","@graph":[{"@type":"WebSite","@id":"https:\/\/www.lilleoru.ee\/et\/#website","url":"https:\/\/www.lilleoru.ee\/et\/","name":"Lilleoru","description":"","potentialAction":[{"@type":"SearchAction","target":{"@type":"EntryPoint","urlTemplate":"https:\/\/www.lilleoru.ee\/et\/?s={search_term_string}"},"query-input":"required name=search_term_string"}],"inLanguage":"et"},{"@type":"WebPage","@id":"https:\/\/www.lilleoru.ee\/et\/practical-consciousness-kool\/#webpage","url":"https:\/\/www.lilleoru.ee\/et\/practical-consciousness-kool\/","name":"Practical Consciousness kool - Lilleoru","isPartOf":{"@id":"https:\/\/www.lilleoru.ee\/et\/#website"},"datePublished":"2022-02-17T17:28:46+00:00","dateModified":"2024-11-29T21:36:16+00:00","description":"Siin asub Practical Consciousness kooli s\u00fcnni- ja kodukoht ning rahvusvahelise v\u00f5rgustiku tugipunkt.","breadcrumb":{"@id":"https:\/\/www.lilleoru.ee\/et\/practical-consciousness-kool\/#breadcrumb"},"inLanguage":"et","potentialAction":[{"@type":"ReadAction","target":["https:\/\/www.lilleoru.ee\/et\/practical-consciousness-kool\/"]}]},{"@type":"BreadcrumbList","@id":"https:\/\/www.lilleoru.ee\/et\/practical-consciousness-kool\/#breadcrumb","itemListElement":[{"@type":"ListItem","position":1,"name":"Home","item":"https:\/\/www.lilleoru.ee\/et\/"},{"@type":"ListItem","position":2,"name":"Practical Consciousness kool"}]}]}},"_links":{"self":[{"href":"https:\/\/www.lilleoru.ee\/et\/wp-json\/wp\/v2\/pages\/172"}],"collection":[{"href":"https:\/\/www.lilleoru.ee\/et\/wp-json\/wp\/v2\/pages"}],"about":[{"href":"https:\/\/www.lilleoru.ee\/et\/wp-json\/wp\/v2\/types\/page"}],"author":[{"embeddable":true,"href":"https:\/\/www.lilleoru.ee\/et\/wp-json\/wp\/v2\/users\/11"}],"replies":[{"embeddable":true,"href":"https:\/\/www.lilleoru.ee\/et\/wp-json\/wp\/v2\/comments?post=172"}],"version-history":[{"count":24,"href":"https:\/\/www.lilleoru.ee\/et\/wp-json\/wp\/v2\/pages\/172\/revisions"}],"predecessor-version":[{"id":6289,"href":"https:\/\/www.lilleoru.ee\/et\/wp-json\/wp\/v2\/pages\/172\/revisions\/6289"}],"wp:attachment":[{"href":"https:\/\/www.lilleoru.ee\/et\/wp-json\/wp\/v2\/media?parent=172"}],"curies":[{"name":"wp","href":"https:\/\/api.w.org\/{rel}","templated":true}]}}