{"id":174,"date":"2022-02-17T17:29:04","date_gmt":"2022-02-17T17:29:04","guid":{"rendered":"https:\/\/www.lilleoru.ee\/?page_id=174"},"modified":"2023-07-23T00:04:19","modified_gmt":"2023-07-22T21:04:19","slug":"ishwarananda-aasram","status":"publish","type":"page","link":"https:\/\/www.lilleoru.ee\/et\/ishwarananda-aasram\/","title":{"rendered":"Ishwarananda aa\u0161ram"},"content":{"rendered":"<p>Aa\u0161ram on koht, kuhu on v\u00f5imalik muust maailmast m\u00f5neks ajaks tagasi t\u00f5mbuda, et p\u00fchenduda s\u00fcvenenult joogapraktikatele.<\/p>\n<p>Lilleorus \u00f5petatav jooga kuulub siddhade \u00f5petusliini, millest tuleneb ka aa\u0161rami indiap\u00e4rane nimi \u2013 Sat Chit Agastishwarar Gurukulam.<br \/>\nSamuti kuulub Lilleoru 2002. aastast Haidakhan Babaji aa\u0161ramite perre.<\/p>\n<p>Aa\u0161ramis on \u00f5petajaks Ingvar Villido Ishwarananda ja sel p\u00f5hjusel nimetavad \u00f5pilased seda kohta Ishwarananda aa\u0161ramiks.<\/p>\n<p>Ishwarananda aa\u0161ram on jooga s\u00fcva\u00f5ppe keskne, kus l\u00e4bivaks jooneks on teadvuse omaduste praktiline rakendamine.<\/p>\n<p>Isikliku edenemise toetamiseks kehtib aa\u0161ramis kindel p\u00e4evakava ja distsipliin. P\u00e4evakava arvestab nii isiklike joogapraktikate, regulaarsete tseremooniate kui ka igap\u00e4evase, k\u00f5igi h\u00fcvanguks tehtava t\u00f6\u00f6, karma joogaga.<\/p>\n<p>&nbsp;<\/p>\n\n","protected":false},"excerpt":{"rendered":"<p>Aa\u0161ram on koht, kuhu on v\u00f5imalik muust maailmast m\u00f5neks ajaks tagasi t\u00f5mbuda, et p\u00fchenduda s\u00fcvenenult joogapraktikatele. Lilleorus \u00f5petatav jooga kuulub siddhade \u00f5petusliini, millest tuleneb ka aa\u0161rami indiap\u00e4rane nimi \u2013 Sat Chit Agastishwarar Gurukulam. Samuti kuulub Lilleoru 2002. aastast Haidakhan Babaji aa\u0161ramite perre. Aa\u0161ramis on \u00f5petajaks Ingvar Villido Ishwarananda ja sel p\u00f5hjusel nimetavad \u00f5pilased seda kohta [&hellip;]<\/p>\n","protected":false},"author":11,"featured_media":0,"parent":0,"menu_order":0,"comment_status":"closed","ping_status":"closed","template":"","meta":{"inline_featured_image":false},"acf":[],"yoast_head":"<!-- This site is optimized with the Yoast SEO plugin v19.0 - https:\/\/yoast.com\/wordpress\/plugins\/seo\/ -->\n<title>Ishwarananda aa\u0161ram - Lilleoru<\/title>\n<meta name=\"description\" content=\"Aa\u0161ram on koht, kuhu on v\u00f5imalik muust maailmast m\u00f5neks ajaks eralduda, et p\u00fchenduda s\u00fcvenenult praktiseerimisele \u00f5petaja otsesel juhendamisel. Ishwarananda aa\u0161ram on Lilleorus asuv joogaliku s\u00fcva\u00f5ppe keskus.\" \/>\n<meta name=\"robots\" content=\"index, follow, max-snippet:-1, max-image-preview:large, max-video-preview:-1\" \/>\n<link rel=\"canonical\" href=\"https:\/\/www.lilleoru.ee\/et\/ishwarananda-aasram\/\" \/>\n<meta property=\"og:locale\" content=\"et_EE\" \/>\n<meta property=\"og:type\" content=\"article\" \/>\n<meta property=\"og:title\" content=\"Ishwarananda aa\u0161ram - Lilleoru\" \/>\n<meta property=\"og:description\" content=\"Aa\u0161ram on koht, kuhu on v\u00f5imalik muust maailmast m\u00f5neks ajaks eralduda, et p\u00fchenduda s\u00fcvenenult praktiseerimisele \u00f5petaja otsesel juhendamisel. Ishwarananda aa\u0161ram on Lilleorus asuv joogaliku s\u00fcva\u00f5ppe keskus.\" \/>\n<meta property=\"og:url\" content=\"https:\/\/www.lilleoru.ee\/et\/ishwarananda-aasram\/\" \/>\n<meta property=\"og:site_name\" content=\"Lilleoru\" \/>\n<meta property=\"article:publisher\" content=\"https:\/\/www.facebook.com\/lilleoru\" \/>\n<meta property=\"article:modified_time\" content=\"2023-07-22T21:04:19+00:00\" \/>\n<meta name=\"twitter:card\" content=\"summary_large_image\" \/>\n<meta name=\"twitter:label1\" content=\"Est. reading time\" \/>\n\t<meta name=\"twitter:data1\" content=\"1 minut\" \/>\n<script type=\"application\/ld+json\" class=\"yoast-schema-graph\">{\"@context\":\"https:\/\/schema.org\",\"@graph\":[{\"@type\":\"WebSite\",\"@id\":\"https:\/\/www.lilleoru.ee\/et\/#website\",\"url\":\"https:\/\/www.lilleoru.ee\/et\/\",\"name\":\"Lilleoru\",\"description\":\"\",\"potentialAction\":[{\"@type\":\"SearchAction\",\"target\":{\"@type\":\"EntryPoint\",\"urlTemplate\":\"https:\/\/www.lilleoru.ee\/et\/?s={search_term_string}\"},\"query-input\":\"required name=search_term_string\"}],\"inLanguage\":\"et\"},{\"@type\":\"WebPage\",\"@id\":\"https:\/\/www.lilleoru.ee\/et\/ishwarananda-aasram\/#webpage\",\"url\":\"https:\/\/www.lilleoru.ee\/et\/ishwarananda-aasram\/\",\"name\":\"Ishwarananda aa\u0161ram - Lilleoru\",\"isPartOf\":{\"@id\":\"https:\/\/www.lilleoru.ee\/et\/#website\"},\"datePublished\":\"2022-02-17T17:29:04+00:00\",\"dateModified\":\"2023-07-22T21:04:19+00:00\",\"description\":\"Aa\u0161ram on koht, kuhu on v\u00f5imalik muust maailmast m\u00f5neks ajaks eralduda, et p\u00fchenduda s\u00fcvenenult praktiseerimisele \u00f5petaja otsesel juhendamisel. Ishwarananda aa\u0161ram on Lilleorus asuv joogaliku s\u00fcva\u00f5ppe keskus.\",\"breadcrumb\":{\"@id\":\"https:\/\/www.lilleoru.ee\/et\/ishwarananda-aasram\/#breadcrumb\"},\"inLanguage\":\"et\",\"potentialAction\":[{\"@type\":\"ReadAction\",\"target\":[\"https:\/\/www.lilleoru.ee\/et\/ishwarananda-aasram\/\"]}]},{\"@type\":\"BreadcrumbList\",\"@id\":\"https:\/\/www.lilleoru.ee\/et\/ishwarananda-aasram\/#breadcrumb\",\"itemListElement\":[{\"@type\":\"ListItem\",\"position\":1,\"name\":\"Home\",\"item\":\"https:\/\/www.lilleoru.ee\/et\/\"},{\"@type\":\"ListItem\",\"position\":2,\"name\":\"Ishwarananda aa\u0161ram\"}]}]}<\/script>\n<!-- \/ Yoast SEO plugin. -->","yoast_head_json":{"title":"Ishwarananda aa\u0161ram - Lilleoru","description":"Aa\u0161ram on koht, kuhu on v\u00f5imalik muust maailmast m\u00f5neks ajaks eralduda, et p\u00fchenduda s\u00fcvenenult praktiseerimisele \u00f5petaja otsesel juhendamisel. Ishwarananda aa\u0161ram on Lilleorus asuv joogaliku s\u00fcva\u00f5ppe keskus.","robots":{"index":"index","follow":"follow","max-snippet":"max-snippet:-1","max-image-preview":"max-image-preview:large","max-video-preview":"max-video-preview:-1"},"canonical":"https:\/\/www.lilleoru.ee\/et\/ishwarananda-aasram\/","og_locale":"et_EE","og_type":"article","og_title":"Ishwarananda aa\u0161ram - Lilleoru","og_description":"Aa\u0161ram on koht, kuhu on v\u00f5imalik muust maailmast m\u00f5neks ajaks eralduda, et p\u00fchenduda s\u00fcvenenult praktiseerimisele \u00f5petaja otsesel juhendamisel. Ishwarananda aa\u0161ram on Lilleorus asuv joogaliku s\u00fcva\u00f5ppe keskus.","og_url":"https:\/\/www.lilleoru.ee\/et\/ishwarananda-aasram\/","og_site_name":"Lilleoru","article_publisher":"https:\/\/www.facebook.com\/lilleoru","article_modified_time":"2023-07-22T21:04:19+00:00","twitter_card":"summary_large_image","twitter_misc":{"Est. reading time":"1 minut"},"schema":{"@context":"https:\/\/schema.org","@graph":[{"@type":"WebSite","@id":"https:\/\/www.lilleoru.ee\/et\/#website","url":"https:\/\/www.lilleoru.ee\/et\/","name":"Lilleoru","description":"","potentialAction":[{"@type":"SearchAction","target":{"@type":"EntryPoint","urlTemplate":"https:\/\/www.lilleoru.ee\/et\/?s={search_term_string}"},"query-input":"required name=search_term_string"}],"inLanguage":"et"},{"@type":"WebPage","@id":"https:\/\/www.lilleoru.ee\/et\/ishwarananda-aasram\/#webpage","url":"https:\/\/www.lilleoru.ee\/et\/ishwarananda-aasram\/","name":"Ishwarananda aa\u0161ram - Lilleoru","isPartOf":{"@id":"https:\/\/www.lilleoru.ee\/et\/#website"},"datePublished":"2022-02-17T17:29:04+00:00","dateModified":"2023-07-22T21:04:19+00:00","description":"Aa\u0161ram on koht, kuhu on v\u00f5imalik muust maailmast m\u00f5neks ajaks eralduda, et p\u00fchenduda s\u00fcvenenult praktiseerimisele \u00f5petaja otsesel juhendamisel. Ishwarananda aa\u0161ram on Lilleorus asuv joogaliku s\u00fcva\u00f5ppe keskus.","breadcrumb":{"@id":"https:\/\/www.lilleoru.ee\/et\/ishwarananda-aasram\/#breadcrumb"},"inLanguage":"et","potentialAction":[{"@type":"ReadAction","target":["https:\/\/www.lilleoru.ee\/et\/ishwarananda-aasram\/"]}]},{"@type":"BreadcrumbList","@id":"https:\/\/www.lilleoru.ee\/et\/ishwarananda-aasram\/#breadcrumb","itemListElement":[{"@type":"ListItem","position":1,"name":"Home","item":"https:\/\/www.lilleoru.ee\/et\/"},{"@type":"ListItem","position":2,"name":"Ishwarananda aa\u0161ram"}]}]}},"_links":{"self":[{"href":"https:\/\/www.lilleoru.ee\/et\/wp-json\/wp\/v2\/pages\/174"}],"collection":[{"href":"https:\/\/www.lilleoru.ee\/et\/wp-json\/wp\/v2\/pages"}],"about":[{"href":"https:\/\/www.lilleoru.ee\/et\/wp-json\/wp\/v2\/types\/page"}],"author":[{"embeddable":true,"href":"https:\/\/www.lilleoru.ee\/et\/wp-json\/wp\/v2\/users\/11"}],"replies":[{"embeddable":true,"href":"https:\/\/www.lilleoru.ee\/et\/wp-json\/wp\/v2\/comments?post=174"}],"version-history":[{"count":21,"href":"https:\/\/www.lilleoru.ee\/et\/wp-json\/wp\/v2\/pages\/174\/revisions"}],"predecessor-version":[{"id":4925,"href":"https:\/\/www.lilleoru.ee\/et\/wp-json\/wp\/v2\/pages\/174\/revisions\/4925"}],"wp:attachment":[{"href":"https:\/\/www.lilleoru.ee\/et\/wp-json\/wp\/v2\/media?parent=174"}],"curies":[{"name":"wp","href":"https:\/\/api.w.org\/{rel}","templated":true}]}}