{"id":178,"date":"2022-02-17T17:29:38","date_gmt":"2022-02-17T17:29:38","guid":{"rendered":"https:\/\/www.lilleoru.ee\/?page_id=178"},"modified":"2024-04-23T17:47:20","modified_gmt":"2024-04-23T14:47:20","slug":"pohikool","status":"publish","type":"page","link":"https:\/\/www.lilleoru.ee\/et\/pohikool\/","title":{"rendered":"Lilleoru P\u00f5hikool"},"content":{"rendered":"<p>Lilleoru P\u00f5hikooliga saad l\u00e4hemalt tutvuda <a href=\"https:\/\/pohikool.tervikharidus.ee\/\" target=\"_blank\" rel=\"noopener\">p\u00f5hikooli kodulehel<\/a>.<\/p>\n<p><span style=\"font-weight: 400;\">Alates 2018. aasta septembrist tegutseb Lilleorus 6-klassiline p\u00f5hikool. \u00d5ppet\u00f6\u00f6 koolis toetub laste kaasas\u00fcndinud uudishimule ja huvile. Koolit\u00fckkide k\u00f5rval \u00f5pime lastega, kuidas arendada t\u00e4helepanu ja keskendumisv\u00f5imet ja tulla toime emotsioonidega.<\/span><\/p>\n<p><span style=\"font-weight: 400;\">Kooli asutajateks olid Practical Consciousness (varem Teadliku Muutuse Kunsti) kursused l\u00e4binud lapsevanemad, kelle unistuseks oli luua lastele \u00f5ppekeskkond, kus lisaks lugemisele ja arvutamisele \u00f5piksid lapsed tundma ka elu ennast. Kooli \u00f5ppeprogramm on koostatud riikliku \u00f5ppekava alusel. \u00d5petajad on lisaks \u00f5petajakutsele omandanud Practical Consciousness teadmised.<\/span><\/p>\n<p><span style=\"font-weight: 400;\">Meie koolis on v\u00e4ikesed klassid, suur ja mitmekesine \u00f5ueala oma metsatuka, seikluspargi ja aiaga. Lapse kasvamise toetamiseks liigume palju ja teeme joogal p\u00f5hinevaid harjutusi.<\/span><\/p>\n<p><span style=\"font-weight: 400;\">Soovime, et lapsest kasvaks arukas, ennast usaldav ja oma ideid teostada julgev isiksus. <\/span><\/p>\n","protected":false},"excerpt":{"rendered":"<p>Lilleoru P\u00f5hikooliga saad l\u00e4hemalt tutvuda p\u00f5hikooli kodulehel. Alates 2018. aasta septembrist tegutseb Lilleorus 6-klassiline p\u00f5hikool. \u00d5ppet\u00f6\u00f6 koolis toetub laste kaasas\u00fcndinud uudishimule ja huvile. Koolit\u00fckkide k\u00f5rval \u00f5pime lastega, kuidas arendada t\u00e4helepanu ja keskendumisv\u00f5imet ja tulla toime emotsioonidega. Kooli asutajateks olid Practical Consciousness (varem Teadliku Muutuse Kunsti) kursused l\u00e4binud lapsevanemad, kelle unistuseks oli luua lastele \u00f5ppekeskkond, kus [&hellip;]<\/p>\n","protected":false},"author":11,"featured_media":0,"parent":0,"menu_order":0,"comment_status":"closed","ping_status":"closed","template":"","meta":{"inline_featured_image":false},"acf":[],"yoast_head":"<!-- This site is optimized with the Yoast SEO plugin v19.0 - https:\/\/yoast.com\/wordpress\/plugins\/seo\/ -->\n<title>Lilleoru P\u00f5hikool - Lilleoru<\/title>\n<meta name=\"description\" content=\"Alates 2018. aasta septembrist tegutseb Lilleorus ka 6-klassiline p\u00f5hikool. \u00d5ppet\u00f6\u00f6 koolis toetub laste kaasas\u00fcndinud uudishimule ja huvile.\" \/>\n<meta name=\"robots\" content=\"index, follow, max-snippet:-1, max-image-preview:large, max-video-preview:-1\" \/>\n<link rel=\"canonical\" href=\"https:\/\/www.lilleoru.ee\/et\/pohikool\/\" \/>\n<meta property=\"og:locale\" content=\"et_EE\" \/>\n<meta property=\"og:type\" content=\"article\" \/>\n<meta property=\"og:title\" content=\"Lilleoru P\u00f5hikool - Lilleoru\" \/>\n<meta property=\"og:description\" content=\"Alates 2018. aasta septembrist tegutseb Lilleorus ka 6-klassiline p\u00f5hikool. \u00d5ppet\u00f6\u00f6 koolis toetub laste kaasas\u00fcndinud uudishimule ja huvile.\" \/>\n<meta property=\"og:url\" content=\"https:\/\/www.lilleoru.ee\/et\/pohikool\/\" \/>\n<meta property=\"og:site_name\" content=\"Lilleoru\" \/>\n<meta property=\"article:publisher\" content=\"https:\/\/www.facebook.com\/lilleoru\" \/>\n<meta property=\"article:modified_time\" content=\"2024-04-23T14:47:20+00:00\" \/>\n<meta name=\"twitter:card\" content=\"summary_large_image\" \/>\n<meta name=\"twitter:label1\" content=\"Est. reading time\" \/>\n\t<meta name=\"twitter:data1\" content=\"1 minut\" \/>\n<script type=\"application\/ld+json\" class=\"yoast-schema-graph\">{\"@context\":\"https:\/\/schema.org\",\"@graph\":[{\"@type\":\"WebSite\",\"@id\":\"https:\/\/www.lilleoru.ee\/et\/#website\",\"url\":\"https:\/\/www.lilleoru.ee\/et\/\",\"name\":\"Lilleoru\",\"description\":\"\",\"potentialAction\":[{\"@type\":\"SearchAction\",\"target\":{\"@type\":\"EntryPoint\",\"urlTemplate\":\"https:\/\/www.lilleoru.ee\/et\/?s={search_term_string}\"},\"query-input\":\"required name=search_term_string\"}],\"inLanguage\":\"et\"},{\"@type\":\"WebPage\",\"@id\":\"https:\/\/www.lilleoru.ee\/et\/pohikool\/#webpage\",\"url\":\"https:\/\/www.lilleoru.ee\/et\/pohikool\/\",\"name\":\"Lilleoru P\u00f5hikool - Lilleoru\",\"isPartOf\":{\"@id\":\"https:\/\/www.lilleoru.ee\/et\/#website\"},\"datePublished\":\"2022-02-17T17:29:38+00:00\",\"dateModified\":\"2024-04-23T14:47:20+00:00\",\"description\":\"Alates 2018. aasta septembrist tegutseb Lilleorus ka 6-klassiline p\u00f5hikool. \u00d5ppet\u00f6\u00f6 koolis toetub laste kaasas\u00fcndinud uudishimule ja huvile.\",\"breadcrumb\":{\"@id\":\"https:\/\/www.lilleoru.ee\/et\/pohikool\/#breadcrumb\"},\"inLanguage\":\"et\",\"potentialAction\":[{\"@type\":\"ReadAction\",\"target\":[\"https:\/\/www.lilleoru.ee\/et\/pohikool\/\"]}]},{\"@type\":\"BreadcrumbList\",\"@id\":\"https:\/\/www.lilleoru.ee\/et\/pohikool\/#breadcrumb\",\"itemListElement\":[{\"@type\":\"ListItem\",\"position\":1,\"name\":\"Home\",\"item\":\"https:\/\/www.lilleoru.ee\/et\/\"},{\"@type\":\"ListItem\",\"position\":2,\"name\":\"Lilleoru P\u00f5hikool\"}]}]}<\/script>\n<!-- \/ Yoast SEO plugin. -->","yoast_head_json":{"title":"Lilleoru P\u00f5hikool - Lilleoru","description":"Alates 2018. aasta septembrist tegutseb Lilleorus ka 6-klassiline p\u00f5hikool. \u00d5ppet\u00f6\u00f6 koolis toetub laste kaasas\u00fcndinud uudishimule ja huvile.","robots":{"index":"index","follow":"follow","max-snippet":"max-snippet:-1","max-image-preview":"max-image-preview:large","max-video-preview":"max-video-preview:-1"},"canonical":"https:\/\/www.lilleoru.ee\/et\/pohikool\/","og_locale":"et_EE","og_type":"article","og_title":"Lilleoru P\u00f5hikool - Lilleoru","og_description":"Alates 2018. aasta septembrist tegutseb Lilleorus ka 6-klassiline p\u00f5hikool. \u00d5ppet\u00f6\u00f6 koolis toetub laste kaasas\u00fcndinud uudishimule ja huvile.","og_url":"https:\/\/www.lilleoru.ee\/et\/pohikool\/","og_site_name":"Lilleoru","article_publisher":"https:\/\/www.facebook.com\/lilleoru","article_modified_time":"2024-04-23T14:47:20+00:00","twitter_card":"summary_large_image","twitter_misc":{"Est. reading time":"1 minut"},"schema":{"@context":"https:\/\/schema.org","@graph":[{"@type":"WebSite","@id":"https:\/\/www.lilleoru.ee\/et\/#website","url":"https:\/\/www.lilleoru.ee\/et\/","name":"Lilleoru","description":"","potentialAction":[{"@type":"SearchAction","target":{"@type":"EntryPoint","urlTemplate":"https:\/\/www.lilleoru.ee\/et\/?s={search_term_string}"},"query-input":"required name=search_term_string"}],"inLanguage":"et"},{"@type":"WebPage","@id":"https:\/\/www.lilleoru.ee\/et\/pohikool\/#webpage","url":"https:\/\/www.lilleoru.ee\/et\/pohikool\/","name":"Lilleoru P\u00f5hikool - Lilleoru","isPartOf":{"@id":"https:\/\/www.lilleoru.ee\/et\/#website"},"datePublished":"2022-02-17T17:29:38+00:00","dateModified":"2024-04-23T14:47:20+00:00","description":"Alates 2018. aasta septembrist tegutseb Lilleorus ka 6-klassiline p\u00f5hikool. \u00d5ppet\u00f6\u00f6 koolis toetub laste kaasas\u00fcndinud uudishimule ja huvile.","breadcrumb":{"@id":"https:\/\/www.lilleoru.ee\/et\/pohikool\/#breadcrumb"},"inLanguage":"et","potentialAction":[{"@type":"ReadAction","target":["https:\/\/www.lilleoru.ee\/et\/pohikool\/"]}]},{"@type":"BreadcrumbList","@id":"https:\/\/www.lilleoru.ee\/et\/pohikool\/#breadcrumb","itemListElement":[{"@type":"ListItem","position":1,"name":"Home","item":"https:\/\/www.lilleoru.ee\/et\/"},{"@type":"ListItem","position":2,"name":"Lilleoru P\u00f5hikool"}]}]}},"_links":{"self":[{"href":"https:\/\/www.lilleoru.ee\/et\/wp-json\/wp\/v2\/pages\/178"}],"collection":[{"href":"https:\/\/www.lilleoru.ee\/et\/wp-json\/wp\/v2\/pages"}],"about":[{"href":"https:\/\/www.lilleoru.ee\/et\/wp-json\/wp\/v2\/types\/page"}],"author":[{"embeddable":true,"href":"https:\/\/www.lilleoru.ee\/et\/wp-json\/wp\/v2\/users\/11"}],"replies":[{"embeddable":true,"href":"https:\/\/www.lilleoru.ee\/et\/wp-json\/wp\/v2\/comments?post=178"}],"version-history":[{"count":23,"href":"https:\/\/www.lilleoru.ee\/et\/wp-json\/wp\/v2\/pages\/178\/revisions"}],"predecessor-version":[{"id":5700,"href":"https:\/\/www.lilleoru.ee\/et\/wp-json\/wp\/v2\/pages\/178\/revisions\/5700"}],"wp:attachment":[{"href":"https:\/\/www.lilleoru.ee\/et\/wp-json\/wp\/v2\/media?parent=178"}],"curies":[{"name":"wp","href":"https:\/\/api.w.org\/{rel}","templated":true}]}}