{"id":292,"date":"2022-02-28T14:50:10","date_gmt":"2022-02-28T14:50:10","guid":{"rendered":"https:\/\/www.lilleoru.ee\/?page_id=292"},"modified":"2024-11-29T23:49:55","modified_gmt":"2024-11-29T21:49:55","slug":"lilleoru","status":"publish","type":"page","link":"https:\/\/www.lilleoru.ee\/et\/lilleoru\/","title":{"rendered":"Lilleoru"},"content":{"rendered":"<p>Lilleoru on kaunis ja avatud p\u00fchapaik, mis asub Tallinna l\u00e4hedal. Siin asuvad \u00fcks Euroopa suurimaid Shiva templeid ja ainulaadne <em>siddha<\/em> jooga \u00f5ppekeskus. Lilleoru on tuntud ka oma Elulille p\u00fchapaiga poolest, mis on loodud p\u00fcha geomeetria alusel. Shiva templi ala paikneb Elulille mustril ning peatempel geomeetrilise mustri s\u00fcdamikus. Parki rajatud tempel koos p\u00fchakodadega ning peenrad hoolikalt valitud ravimtaimedega ei paku \u00fcksnes esteetilist naudingut, vaid omavad ka s\u00fcgavat vaimset t\u00e4hendust ja m\u00f5ju.<\/p>\n<p><span style=\"font-weight: 400;\">Lilleoru on ajalooliselt siin varem asunud talu nimi. \u00d5ppekeskuseks kujunemise lugu ulatub 1990-ndate algusesse, kui <\/span><a href=\"https:\/\/www.lilleoru.ee\/asutaja-ingvar-villido\/\"><span style=\"font-weight: 400;\">Ingvar Villido<\/span><\/a><span style=\"font-weight: 400;\"> alustas siin tegevust koos oma esimeste \u00f5pilastega. T\u00e4naseks, 30 aastat hiljem, on kogukonna ja vabatahtlike toel siia loodud rahvusvahelise \u00f5pilaskonnaga <\/span><a href=\"https:\/\/www.lilleoru.ee\/practical-consciousness-kool\/\"><span style=\"font-weight: 400;\">Practical Consciousness kool<\/span><\/a><span style=\"font-weight: 400;\">, toimuvad regulaarsed kursused ja joogalik s\u00fcva\u00f5pe.<\/span><\/p>\n<p><span style=\"font-weight: 400;\">Lilleoru ja Shiva tempel on avatud k\u00f5igile <a href=\"https:\/\/www.lilleoru.ee\/tere-tulemast\/\">k\u00fclastajatele ja huvilistele<\/a>. Tule ja naudi jalutusk\u00e4iku, koge siinset rahu ja harmooniat v\u00f5i uudista lihtsalt \u00fcmbrust. Meie metsarajad ja suveterrassiga kohvik pakuvad ideaalset v\u00f5imalust l\u00f5\u00f5gastuda ning nautida loodust. Osaleda saab mitmesugustel kursustel ja teistel <a href=\"https:\/\/www.lilleoru.ee\/events\/koik-sundmused\/\">s\u00fcndmustel<\/a>. <\/span><\/p>\n<p>Metsatukas peidab end silmakujuline Amrita j\u00e4rv. Lilleoru permakultuuri p\u00f5him\u00f5tetel haritavas k\u00f6\u00f6givilja-, ravimtaime- ja iluaias k\u00e4iakse taimetarkust ja loodusl\u00e4hedast aiapidamist omandamas \u00fcle kogu Eesti.<\/p>\n<p>Lilleorus asuv Shiva tempel on vaimsete energiate ristumiskoht, pakkudes k\u00fclastajatele ainulaadset v\u00f5imalust uurida Sanatana Dharma rikkalikku traditsiooni ja luua \u00fchendust jumalikkusega.<\/p>\n<p>Lisaks asuvad siin nathide, 18 siddha ja rishide ning nende kaasade kujud. Need valgustunud olendid, kes on saavutanud eneseteostuse ja vaimse vabanemise, inspireerivad ja toetavad k\u00fclastajaid nende vaimsel teekonnal. Nende kujude ees mediteerimine v\u00f5ib tugevdada intellektuaalset p\u00fc\u00fcdlust ja vaimset valgustatust, soodustades tarkust, sissevaadet ja jumalikku \u00fchendust.<\/p>\n<p>Lilleoru on paik, kus iga\u00fcks v\u00f5ib leida rahu, \u00fchenduda oma sisemise tarkusega ja astuda sammu l\u00e4hemale vaimsele vabanemisele. Shiva ja tema perele p\u00fchendatud templid, siddhade, rishide ja nathide kujud loovad inspireeriva ja unikaalse keskkonna vaimseks r\u00e4nnakuks, muutes Lilleoru t\u00f5eliselt eriliseks kohaks k\u00fclastamiseks ja avastamiseks.<\/p>\n<p>&nbsp;<\/p>\n\n","protected":false},"excerpt":{"rendered":"<p>Lilleoru on kaunis ja avatud p\u00fchapaik, mis asub Tallinna l\u00e4hedal. Siin asuvad \u00fcks Euroopa suurimaid Shiva templeid ja ainulaadne siddha jooga \u00f5ppekeskus. Lilleoru on tuntud ka oma Elulille p\u00fchapaiga poolest, mis on loodud p\u00fcha geomeetria alusel. Shiva templi ala paikneb Elulille mustril ning peatempel geomeetrilise mustri s\u00fcdamikus. Parki rajatud tempel koos p\u00fchakodadega ning peenrad hoolikalt [&hellip;]<\/p>\n","protected":false},"author":11,"featured_media":0,"parent":0,"menu_order":0,"comment_status":"closed","ping_status":"closed","template":"","meta":{"inline_featured_image":false},"acf":[],"yoast_head":"<!-- This site is optimized with the Yoast SEO plugin v19.0 - https:\/\/yoast.com\/wordpress\/plugins\/seo\/ -->\n<title>Tere tulemast - Lilleoru<\/title>\n<meta name=\"description\" content=\"Lilleoru on avatud, kaunis ja m\u00f5jus p\u00fchapaik, ainulaadne \u00f5ppekeskus, mis asub Tallinna l\u00e4hedal. Tuntud ka Elulille pargi poolest.\" \/>\n<meta name=\"robots\" content=\"index, follow, max-snippet:-1, max-image-preview:large, max-video-preview:-1\" \/>\n<link rel=\"canonical\" href=\"https:\/\/www.lilleoru.ee\/et\/lilleoru\/\" \/>\n<meta property=\"og:locale\" content=\"et_EE\" \/>\n<meta property=\"og:type\" content=\"article\" \/>\n<meta property=\"og:title\" content=\"Tere tulemast - Lilleoru\" \/>\n<meta property=\"og:description\" content=\"Lilleoru on avatud, kaunis ja m\u00f5jus p\u00fchapaik, ainulaadne \u00f5ppekeskus, mis asub Tallinna l\u00e4hedal. Tuntud ka Elulille pargi poolest.\" \/>\n<meta property=\"og:url\" content=\"https:\/\/www.lilleoru.ee\/et\/lilleoru\/\" \/>\n<meta property=\"og:site_name\" content=\"Lilleoru\" \/>\n<meta property=\"article:publisher\" content=\"https:\/\/www.facebook.com\/lilleoru\" \/>\n<meta property=\"article:modified_time\" content=\"2024-11-29T21:49:55+00:00\" \/>\n<meta name=\"twitter:card\" content=\"summary_large_image\" \/>\n<meta name=\"twitter:label1\" content=\"Est. reading time\" \/>\n\t<meta name=\"twitter:data1\" content=\"1 minut\" \/>\n<script type=\"application\/ld+json\" class=\"yoast-schema-graph\">{\"@context\":\"https:\/\/schema.org\",\"@graph\":[{\"@type\":\"WebSite\",\"@id\":\"https:\/\/www.lilleoru.ee\/et\/#website\",\"url\":\"https:\/\/www.lilleoru.ee\/et\/\",\"name\":\"Lilleoru\",\"description\":\"\",\"potentialAction\":[{\"@type\":\"SearchAction\",\"target\":{\"@type\":\"EntryPoint\",\"urlTemplate\":\"https:\/\/www.lilleoru.ee\/et\/?s={search_term_string}\"},\"query-input\":\"required name=search_term_string\"}],\"inLanguage\":\"et\"},{\"@type\":\"WebPage\",\"@id\":\"https:\/\/www.lilleoru.ee\/et\/lilleoru\/#webpage\",\"url\":\"https:\/\/www.lilleoru.ee\/et\/lilleoru\/\",\"name\":\"Tere tulemast - Lilleoru\",\"isPartOf\":{\"@id\":\"https:\/\/www.lilleoru.ee\/et\/#website\"},\"datePublished\":\"2022-02-28T14:50:10+00:00\",\"dateModified\":\"2024-11-29T21:49:55+00:00\",\"description\":\"Lilleoru on avatud, kaunis ja m\u00f5jus p\u00fchapaik, ainulaadne \u00f5ppekeskus, mis asub Tallinna l\u00e4hedal. Tuntud ka Elulille pargi poolest.\",\"breadcrumb\":{\"@id\":\"https:\/\/www.lilleoru.ee\/et\/lilleoru\/#breadcrumb\"},\"inLanguage\":\"et\",\"potentialAction\":[{\"@type\":\"ReadAction\",\"target\":[\"https:\/\/www.lilleoru.ee\/et\/lilleoru\/\"]}]},{\"@type\":\"BreadcrumbList\",\"@id\":\"https:\/\/www.lilleoru.ee\/et\/lilleoru\/#breadcrumb\",\"itemListElement\":[{\"@type\":\"ListItem\",\"position\":1,\"name\":\"Home\",\"item\":\"https:\/\/www.lilleoru.ee\/et\/\"},{\"@type\":\"ListItem\",\"position\":2,\"name\":\"Lilleoru\"}]}]}<\/script>\n<!-- \/ Yoast SEO plugin. -->","yoast_head_json":{"title":"Tere tulemast - Lilleoru","description":"Lilleoru on avatud, kaunis ja m\u00f5jus p\u00fchapaik, ainulaadne \u00f5ppekeskus, mis asub Tallinna l\u00e4hedal. Tuntud ka Elulille pargi poolest.","robots":{"index":"index","follow":"follow","max-snippet":"max-snippet:-1","max-image-preview":"max-image-preview:large","max-video-preview":"max-video-preview:-1"},"canonical":"https:\/\/www.lilleoru.ee\/et\/lilleoru\/","og_locale":"et_EE","og_type":"article","og_title":"Tere tulemast - Lilleoru","og_description":"Lilleoru on avatud, kaunis ja m\u00f5jus p\u00fchapaik, ainulaadne \u00f5ppekeskus, mis asub Tallinna l\u00e4hedal. Tuntud ka Elulille pargi poolest.","og_url":"https:\/\/www.lilleoru.ee\/et\/lilleoru\/","og_site_name":"Lilleoru","article_publisher":"https:\/\/www.facebook.com\/lilleoru","article_modified_time":"2024-11-29T21:49:55+00:00","twitter_card":"summary_large_image","twitter_misc":{"Est. reading time":"1 minut"},"schema":{"@context":"https:\/\/schema.org","@graph":[{"@type":"WebSite","@id":"https:\/\/www.lilleoru.ee\/et\/#website","url":"https:\/\/www.lilleoru.ee\/et\/","name":"Lilleoru","description":"","potentialAction":[{"@type":"SearchAction","target":{"@type":"EntryPoint","urlTemplate":"https:\/\/www.lilleoru.ee\/et\/?s={search_term_string}"},"query-input":"required name=search_term_string"}],"inLanguage":"et"},{"@type":"WebPage","@id":"https:\/\/www.lilleoru.ee\/et\/lilleoru\/#webpage","url":"https:\/\/www.lilleoru.ee\/et\/lilleoru\/","name":"Tere tulemast - Lilleoru","isPartOf":{"@id":"https:\/\/www.lilleoru.ee\/et\/#website"},"datePublished":"2022-02-28T14:50:10+00:00","dateModified":"2024-11-29T21:49:55+00:00","description":"Lilleoru on avatud, kaunis ja m\u00f5jus p\u00fchapaik, ainulaadne \u00f5ppekeskus, mis asub Tallinna l\u00e4hedal. Tuntud ka Elulille pargi poolest.","breadcrumb":{"@id":"https:\/\/www.lilleoru.ee\/et\/lilleoru\/#breadcrumb"},"inLanguage":"et","potentialAction":[{"@type":"ReadAction","target":["https:\/\/www.lilleoru.ee\/et\/lilleoru\/"]}]},{"@type":"BreadcrumbList","@id":"https:\/\/www.lilleoru.ee\/et\/lilleoru\/#breadcrumb","itemListElement":[{"@type":"ListItem","position":1,"name":"Home","item":"https:\/\/www.lilleoru.ee\/et\/"},{"@type":"ListItem","position":2,"name":"Lilleoru"}]}]}},"_links":{"self":[{"href":"https:\/\/www.lilleoru.ee\/et\/wp-json\/wp\/v2\/pages\/292"}],"collection":[{"href":"https:\/\/www.lilleoru.ee\/et\/wp-json\/wp\/v2\/pages"}],"about":[{"href":"https:\/\/www.lilleoru.ee\/et\/wp-json\/wp\/v2\/types\/page"}],"author":[{"embeddable":true,"href":"https:\/\/www.lilleoru.ee\/et\/wp-json\/wp\/v2\/users\/11"}],"replies":[{"embeddable":true,"href":"https:\/\/www.lilleoru.ee\/et\/wp-json\/wp\/v2\/comments?post=292"}],"version-history":[{"count":33,"href":"https:\/\/www.lilleoru.ee\/et\/wp-json\/wp\/v2\/pages\/292\/revisions"}],"predecessor-version":[{"id":6293,"href":"https:\/\/www.lilleoru.ee\/et\/wp-json\/wp\/v2\/pages\/292\/revisions\/6293"}],"wp:attachment":[{"href":"https:\/\/www.lilleoru.ee\/et\/wp-json\/wp\/v2\/media?parent=292"}],"curies":[{"name":"wp","href":"https:\/\/api.w.org\/{rel}","templated":true}]}}