{"id":2964,"date":"2022-05-06T12:48:49","date_gmt":"2022-05-06T09:48:49","guid":{"rendered":"https:\/\/www.lilleoru.ee\/?page_id=2964"},"modified":"2022-05-06T22:07:45","modified_gmt":"2022-05-06T19:07:45","slug":"aiaakadeemia-videosalvestised","status":"publish","type":"page","link":"https:\/\/www.lilleoru.ee\/et\/aiaakadeemia-videosalvestised\/","title":{"rendered":"Aiaakadeemia salvestised"},"content":{"rendered":"<p>Viimase hooaja videosalvestised leiad siit:<\/p>\n<p><a href=\"https:\/\/fienta.com\/et\/aiaakadeemia-jarelvaatamine-biosysi\" target=\"_blank\" rel=\"noopener\">1. Bios\u00fcsi \u2013 k\u00f5ik on ringluses<\/a><\/p>\n<p><a href=\"https:\/\/fienta.com\/et\/aiaakadeemia-jarelvaatamine-peenrad\" target=\"_blank\" rel=\"noopener\">2. Teeme peenraid! K\u00f5rgpeenar v\u00f5i peenrakast? Mult\u0161imise kunst<\/a><\/p>\n<p><a href=\"https:\/\/fienta.com\/et\/aiaakadeemia-jarelvaatamine-taimevaetised\" target=\"_blank\" rel=\"noopener\">3. Looduslike taimev\u00e4etiste valmistamine<\/a><\/p>\n<p><a href=\"https:\/\/fienta.com\/et\/aiaakadeemia-jaerelvaatamine-seltsilistaimed-multshimine\" target=\"_blank\" rel=\"noopener\">4. Permakultuuri p\u00f5him\u00f5tted aianduses I. Seltsilistaimed ja mult\u0161imine<\/a><\/p>\n<p><a href=\"https:\/\/fienta.com\/et\/aiaakadeemia-jaerelvaatamine-keskkond-taimed-toit-kompost\" target=\"_blank\" rel=\"noopener\">5. Permakultuuri p\u00f5him\u00f5tted aianduses II. Keskkond, taimed, toit, kompost<\/a><\/p>\n<p><a href=\"https:\/\/fienta.com\/et\/aiaakadeemia-jaerelvaatamine-permakultuur3\" target=\"_blank\" rel=\"noopener\">6. Permakultuuri p\u00f5him\u00f5tted aianduses III<\/a><\/p>\n<p><a href=\"https:\/\/fienta.com\/et\/aiaakadeemia-jaerelvaatamine-aiahooaja-lopetamine\" target=\"_blank\" rel=\"noopener\">7. Aiahooaja l\u00f5petamine<\/a><\/p>\n","protected":false},"excerpt":{"rendered":"<p>Viimase hooaja videosalvestised leiad siit: 1. Bios\u00fcsi \u2013 k\u00f5ik on ringluses 2. Teeme peenraid! K\u00f5rgpeenar v\u00f5i peenrakast? Mult\u0161imise kunst 3. Looduslike taimev\u00e4etiste valmistamine 4. Permakultuuri p\u00f5him\u00f5tted aianduses I. Seltsilistaimed ja mult\u0161imine 5. Permakultuuri p\u00f5him\u00f5tted aianduses II. Keskkond, taimed, toit, kompost 6. Permakultuuri p\u00f5him\u00f5tted aianduses III 7. Aiahooaja l\u00f5petamine<\/p>\n","protected":false},"author":11,"featured_media":0,"parent":0,"menu_order":0,"comment_status":"closed","ping_status":"closed","template":"","meta":{"inline_featured_image":false},"acf":[],"yoast_head":"<!-- This site is optimized with the Yoast SEO plugin v19.0 - https:\/\/yoast.com\/wordpress\/plugins\/seo\/ -->\n<title>Aiaakadeemia salvestised - Lilleoru<\/title>\n<meta name=\"robots\" content=\"index, follow, max-snippet:-1, max-image-preview:large, max-video-preview:-1\" \/>\n<link rel=\"canonical\" href=\"https:\/\/www.lilleoru.ee\/et\/aiaakadeemia-videosalvestised\/\" \/>\n<meta property=\"og:locale\" content=\"et_EE\" \/>\n<meta property=\"og:type\" content=\"article\" \/>\n<meta property=\"og:title\" content=\"Aiaakadeemia salvestised - Lilleoru\" \/>\n<meta property=\"og:description\" content=\"Viimase hooaja videosalvestised leiad siit: 1. Bios\u00fcsi \u2013 k\u00f5ik on ringluses 2. Teeme peenraid! K\u00f5rgpeenar v\u00f5i peenrakast? Mult\u0161imise kunst 3. Looduslike taimev\u00e4etiste valmistamine 4. Permakultuuri p\u00f5him\u00f5tted aianduses I. Seltsilistaimed ja mult\u0161imine 5. Permakultuuri p\u00f5him\u00f5tted aianduses II. Keskkond, taimed, toit, kompost 6. Permakultuuri p\u00f5him\u00f5tted aianduses III 7. Aiahooaja l\u00f5petamine\" \/>\n<meta property=\"og:url\" content=\"https:\/\/www.lilleoru.ee\/et\/aiaakadeemia-videosalvestised\/\" \/>\n<meta property=\"og:site_name\" content=\"Lilleoru\" \/>\n<meta property=\"article:publisher\" content=\"https:\/\/www.facebook.com\/lilleoru\" \/>\n<meta property=\"article:modified_time\" content=\"2022-05-06T19:07:45+00:00\" \/>\n<meta name=\"twitter:card\" content=\"summary_large_image\" \/>\n<script type=\"application\/ld+json\" class=\"yoast-schema-graph\">{\"@context\":\"https:\/\/schema.org\",\"@graph\":[{\"@type\":\"WebSite\",\"@id\":\"https:\/\/www.lilleoru.ee\/et\/#website\",\"url\":\"https:\/\/www.lilleoru.ee\/et\/\",\"name\":\"Lilleoru\",\"description\":\"\",\"potentialAction\":[{\"@type\":\"SearchAction\",\"target\":{\"@type\":\"EntryPoint\",\"urlTemplate\":\"https:\/\/www.lilleoru.ee\/et\/?s={search_term_string}\"},\"query-input\":\"required name=search_term_string\"}],\"inLanguage\":\"et\"},{\"@type\":\"WebPage\",\"@id\":\"https:\/\/www.lilleoru.ee\/et\/aiaakadeemia-videosalvestised\/#webpage\",\"url\":\"https:\/\/www.lilleoru.ee\/et\/aiaakadeemia-videosalvestised\/\",\"name\":\"Aiaakadeemia salvestised - Lilleoru\",\"isPartOf\":{\"@id\":\"https:\/\/www.lilleoru.ee\/et\/#website\"},\"datePublished\":\"2022-05-06T09:48:49+00:00\",\"dateModified\":\"2022-05-06T19:07:45+00:00\",\"breadcrumb\":{\"@id\":\"https:\/\/www.lilleoru.ee\/et\/aiaakadeemia-videosalvestised\/#breadcrumb\"},\"inLanguage\":\"et\",\"potentialAction\":[{\"@type\":\"ReadAction\",\"target\":[\"https:\/\/www.lilleoru.ee\/et\/aiaakadeemia-videosalvestised\/\"]}]},{\"@type\":\"BreadcrumbList\",\"@id\":\"https:\/\/www.lilleoru.ee\/et\/aiaakadeemia-videosalvestised\/#breadcrumb\",\"itemListElement\":[{\"@type\":\"ListItem\",\"position\":1,\"name\":\"Home\",\"item\":\"https:\/\/www.lilleoru.ee\/et\/\"},{\"@type\":\"ListItem\",\"position\":2,\"name\":\"Aiaakadeemia salvestised\"}]}]}<\/script>\n<!-- \/ Yoast SEO plugin. -->","yoast_head_json":{"title":"Aiaakadeemia salvestised - Lilleoru","robots":{"index":"index","follow":"follow","max-snippet":"max-snippet:-1","max-image-preview":"max-image-preview:large","max-video-preview":"max-video-preview:-1"},"canonical":"https:\/\/www.lilleoru.ee\/et\/aiaakadeemia-videosalvestised\/","og_locale":"et_EE","og_type":"article","og_title":"Aiaakadeemia salvestised - Lilleoru","og_description":"Viimase hooaja videosalvestised leiad siit: 1. Bios\u00fcsi \u2013 k\u00f5ik on ringluses 2. Teeme peenraid! K\u00f5rgpeenar v\u00f5i peenrakast? Mult\u0161imise kunst 3. Looduslike taimev\u00e4etiste valmistamine 4. Permakultuuri p\u00f5him\u00f5tted aianduses I. Seltsilistaimed ja mult\u0161imine 5. Permakultuuri p\u00f5him\u00f5tted aianduses II. Keskkond, taimed, toit, kompost 6. Permakultuuri p\u00f5him\u00f5tted aianduses III 7. Aiahooaja l\u00f5petamine","og_url":"https:\/\/www.lilleoru.ee\/et\/aiaakadeemia-videosalvestised\/","og_site_name":"Lilleoru","article_publisher":"https:\/\/www.facebook.com\/lilleoru","article_modified_time":"2022-05-06T19:07:45+00:00","twitter_card":"summary_large_image","schema":{"@context":"https:\/\/schema.org","@graph":[{"@type":"WebSite","@id":"https:\/\/www.lilleoru.ee\/et\/#website","url":"https:\/\/www.lilleoru.ee\/et\/","name":"Lilleoru","description":"","potentialAction":[{"@type":"SearchAction","target":{"@type":"EntryPoint","urlTemplate":"https:\/\/www.lilleoru.ee\/et\/?s={search_term_string}"},"query-input":"required name=search_term_string"}],"inLanguage":"et"},{"@type":"WebPage","@id":"https:\/\/www.lilleoru.ee\/et\/aiaakadeemia-videosalvestised\/#webpage","url":"https:\/\/www.lilleoru.ee\/et\/aiaakadeemia-videosalvestised\/","name":"Aiaakadeemia salvestised - Lilleoru","isPartOf":{"@id":"https:\/\/www.lilleoru.ee\/et\/#website"},"datePublished":"2022-05-06T09:48:49+00:00","dateModified":"2022-05-06T19:07:45+00:00","breadcrumb":{"@id":"https:\/\/www.lilleoru.ee\/et\/aiaakadeemia-videosalvestised\/#breadcrumb"},"inLanguage":"et","potentialAction":[{"@type":"ReadAction","target":["https:\/\/www.lilleoru.ee\/et\/aiaakadeemia-videosalvestised\/"]}]},{"@type":"BreadcrumbList","@id":"https:\/\/www.lilleoru.ee\/et\/aiaakadeemia-videosalvestised\/#breadcrumb","itemListElement":[{"@type":"ListItem","position":1,"name":"Home","item":"https:\/\/www.lilleoru.ee\/et\/"},{"@type":"ListItem","position":2,"name":"Aiaakadeemia salvestised"}]}]}},"_links":{"self":[{"href":"https:\/\/www.lilleoru.ee\/et\/wp-json\/wp\/v2\/pages\/2964"}],"collection":[{"href":"https:\/\/www.lilleoru.ee\/et\/wp-json\/wp\/v2\/pages"}],"about":[{"href":"https:\/\/www.lilleoru.ee\/et\/wp-json\/wp\/v2\/types\/page"}],"author":[{"embeddable":true,"href":"https:\/\/www.lilleoru.ee\/et\/wp-json\/wp\/v2\/users\/11"}],"replies":[{"embeddable":true,"href":"https:\/\/www.lilleoru.ee\/et\/wp-json\/wp\/v2\/comments?post=2964"}],"version-history":[{"count":2,"href":"https:\/\/www.lilleoru.ee\/et\/wp-json\/wp\/v2\/pages\/2964\/revisions"}],"predecessor-version":[{"id":2981,"href":"https:\/\/www.lilleoru.ee\/et\/wp-json\/wp\/v2\/pages\/2964\/revisions\/2981"}],"wp:attachment":[{"href":"https:\/\/www.lilleoru.ee\/et\/wp-json\/wp\/v2\/media?parent=2964"}],"curies":[{"name":"wp","href":"https:\/\/api.w.org\/{rel}","templated":true}]}}