{"id":3071,"date":"2022-05-23T10:08:42","date_gmt":"2022-05-23T07:08:42","guid":{"rendered":"https:\/\/www.lilleoru.ee\/?page_id=3071"},"modified":"2022-05-23T10:30:55","modified_gmt":"2022-05-23T07:30:55","slug":"joogalaager-unikaalses-lilleorus-juuli-2022-programm","status":"publish","type":"page","link":"https:\/\/www.lilleoru.ee\/et\/joogalaager-unikaalses-lilleorus-juuli-2022-programm\/","title":{"rendered":"Joogalaager unikaalses Lilleorus: programm"},"content":{"rendered":"<p><strong>Reede<\/strong><br \/>\n16:00 \u2013 17:30 \u00a0saabumine,\u00a0iseseisev tutvumine\u00a0\u00fcmbrusega,\u00a0majutumine \/\u00a0vastuv\u00f5tt koolimajas<\/p>\n<p>17:30 \u2013 19:00 \u00a0tutvumine ja kontakti loomine\u00a0Lilleoruga<br \/>\n19:00 \u2013 20:00 \u00a0\u00f5htus\u00f6\u00f6k<\/p>\n<p>20:00 \u2013 22:00\u00a0 h\u00e4\u00e4lestus l\u00f5kke \u00e4\u00e4res<br \/>\n22:00 \u00a0\u00f6\u00f6rahu<\/p>\n<p><strong>Laup\u00e4ev<\/strong><br \/>\n8:00 \u2013 9:00\u00a0hommikuk\u00fcmblus ja\u00a0p\u00e4ikesetervitus<br \/>\n9:00 \u2013 10:00\u00a0hommikueine<br \/>\n10:00 \u2013 12:30\u00a0j\u00f5uk\u00f5nd ja\u00a0hatha jooga<br \/>\n10:00 \u2013 11:00\u00a0teraapiad (valikuline)<\/p>\n<p>13:00 \u2013 14:00\u00a0l\u00f5una<br \/>\n14:00 \u2013 16:00\u00a0vaba aeg ja tutvustav\u00a0ringk\u00e4ik soovijatele<br \/>\n16:10 \u2013 18:30\u00a0hatha\u00a0jooga<br \/>\n19:00 \u2013 20:00\u00a0\u00f5htus\u00f6\u00f6k<br \/>\n20:00 \u2013 22:00\u00a0hilis\u00f5htune praktika<\/p>\n<p>22:00 \u00f6\u00f6rahu<\/p>\n<p><strong>P\u00fchap\u00e4ev<\/strong><br \/>\n8:00 \u2013 9:00\u00a0hommikuk\u00fcmblus ja\u00a0p\u00e4ikesetervitus<br \/>\n9:00 \u2013 10:00\u00a0hommikueine<br \/>\n10:00 \u2013 12:00\u00a0hatha jooga ja\u00a0dhyan (meditatsioon)<\/p>\n<p>13:00 \u2013 14:00\u00a0l\u00f5una<\/p>\n<p>14:00 \u2013 15:00 laagri\u00a0kokkuv\u00f5te, kogemuste jagamine<br \/>\n15:00 l\u00f5puring<\/p>\n<p>&nbsp;<\/p>\n<div class=\"b-home-tb-main-button\"><a class=\"b-button m-dark\" style=\"text-decoration: none;\" href=\"https:\/\/fienta.com\/et\/lilleoru-joogalaager-2022juuli\" target=\"_blank\" rel=\"noopener\">Registreeri<\/a><\/div>\n<p>&nbsp;<\/p>\n<p>&nbsp;<\/p>\n<p><a href=\"https:\/\/www.lilleoru.ee\/event\/joogalaager-unikaalses-lilleorus-juhendaja-annapurna-juuli-2022\/\">TAGASI<\/a><\/p>\n","protected":false},"excerpt":{"rendered":"<p>Reede 16:00 \u2013 17:30 \u00a0saabumine,\u00a0iseseisev tutvumine\u00a0\u00fcmbrusega,\u00a0majutumine \/\u00a0vastuv\u00f5tt koolimajas 17:30 \u2013 19:00 \u00a0tutvumine ja kontakti loomine\u00a0Lilleoruga 19:00 \u2013 20:00 \u00a0\u00f5htus\u00f6\u00f6k 20:00 \u2013 22:00\u00a0 h\u00e4\u00e4lestus l\u00f5kke \u00e4\u00e4res 22:00 \u00a0\u00f6\u00f6rahu Laup\u00e4ev 8:00 \u2013 9:00\u00a0hommikuk\u00fcmblus ja\u00a0p\u00e4ikesetervitus 9:00 \u2013 10:00\u00a0hommikueine 10:00 \u2013 12:30\u00a0j\u00f5uk\u00f5nd ja\u00a0hatha jooga 10:00 \u2013 11:00\u00a0teraapiad (valikuline) 13:00 \u2013 14:00\u00a0l\u00f5una 14:00 \u2013 16:00\u00a0vaba aeg ja tutvustav\u00a0ringk\u00e4ik soovijatele 16:10 [&hellip;]<\/p>\n","protected":false},"author":11,"featured_media":0,"parent":0,"menu_order":0,"comment_status":"closed","ping_status":"closed","template":"","meta":{"inline_featured_image":false},"acf":[],"yoast_head":"<!-- This site is optimized with the Yoast SEO plugin v19.0 - https:\/\/yoast.com\/wordpress\/plugins\/seo\/ -->\n<title>Joogalaager unikaalses Lilleorus: programm<\/title>\n<meta name=\"description\" content=\"Iga osaleja saab teha ise valiku - kas olla veidi eraldunud ja vaikuses v\u00f5i olla seltskondlik. J\u00e4\u00e4gu see otsustamiseks kohapeal!\" \/>\n<meta name=\"robots\" content=\"index, follow, max-snippet:-1, max-image-preview:large, max-video-preview:-1\" \/>\n<link rel=\"canonical\" href=\"https:\/\/www.lilleoru.ee\/et\/joogalaager-unikaalses-lilleorus-juuli-2022-programm\/\" \/>\n<meta property=\"og:locale\" content=\"et_EE\" \/>\n<meta property=\"og:type\" content=\"article\" \/>\n<meta property=\"og:title\" content=\"Joogalaager unikaalses Lilleorus: programm\" \/>\n<meta property=\"og:description\" content=\"Iga osaleja saab teha ise valiku - kas olla veidi eraldunud ja vaikuses v\u00f5i olla seltskondlik. J\u00e4\u00e4gu see otsustamiseks kohapeal!\" \/>\n<meta property=\"og:url\" content=\"https:\/\/www.lilleoru.ee\/et\/joogalaager-unikaalses-lilleorus-juuli-2022-programm\/\" \/>\n<meta property=\"og:site_name\" content=\"Lilleoru\" \/>\n<meta property=\"article:publisher\" content=\"https:\/\/www.facebook.com\/lilleoru\" \/>\n<meta property=\"article:modified_time\" content=\"2022-05-23T07:30:55+00:00\" \/>\n<meta name=\"twitter:card\" content=\"summary_large_image\" \/>\n<meta name=\"twitter:label1\" content=\"Est. reading time\" \/>\n\t<meta name=\"twitter:data1\" content=\"1 minut\" \/>\n<script type=\"application\/ld+json\" class=\"yoast-schema-graph\">{\"@context\":\"https:\/\/schema.org\",\"@graph\":[{\"@type\":\"WebSite\",\"@id\":\"https:\/\/www.lilleoru.ee\/et\/#website\",\"url\":\"https:\/\/www.lilleoru.ee\/et\/\",\"name\":\"Lilleoru\",\"description\":\"\",\"potentialAction\":[{\"@type\":\"SearchAction\",\"target\":{\"@type\":\"EntryPoint\",\"urlTemplate\":\"https:\/\/www.lilleoru.ee\/et\/?s={search_term_string}\"},\"query-input\":\"required name=search_term_string\"}],\"inLanguage\":\"et\"},{\"@type\":\"WebPage\",\"@id\":\"https:\/\/www.lilleoru.ee\/et\/joogalaager-unikaalses-lilleorus-juuli-2022-programm\/#webpage\",\"url\":\"https:\/\/www.lilleoru.ee\/et\/joogalaager-unikaalses-lilleorus-juuli-2022-programm\/\",\"name\":\"Joogalaager unikaalses Lilleorus: programm\",\"isPartOf\":{\"@id\":\"https:\/\/www.lilleoru.ee\/et\/#website\"},\"datePublished\":\"2022-05-23T07:08:42+00:00\",\"dateModified\":\"2022-05-23T07:30:55+00:00\",\"description\":\"Iga osaleja saab teha ise valiku - kas olla veidi eraldunud ja vaikuses v\u00f5i olla seltskondlik. J\u00e4\u00e4gu see otsustamiseks kohapeal!\",\"breadcrumb\":{\"@id\":\"https:\/\/www.lilleoru.ee\/et\/joogalaager-unikaalses-lilleorus-juuli-2022-programm\/#breadcrumb\"},\"inLanguage\":\"et\",\"potentialAction\":[{\"@type\":\"ReadAction\",\"target\":[\"https:\/\/www.lilleoru.ee\/et\/joogalaager-unikaalses-lilleorus-juuli-2022-programm\/\"]}]},{\"@type\":\"BreadcrumbList\",\"@id\":\"https:\/\/www.lilleoru.ee\/et\/joogalaager-unikaalses-lilleorus-juuli-2022-programm\/#breadcrumb\",\"itemListElement\":[{\"@type\":\"ListItem\",\"position\":1,\"name\":\"Home\",\"item\":\"https:\/\/www.lilleoru.ee\/et\/\"},{\"@type\":\"ListItem\",\"position\":2,\"name\":\"Joogalaager unikaalses Lilleorus: programm\"}]}]}<\/script>\n<!-- \/ Yoast SEO plugin. -->","yoast_head_json":{"title":"Joogalaager unikaalses Lilleorus: programm","description":"Iga osaleja saab teha ise valiku - kas olla veidi eraldunud ja vaikuses v\u00f5i olla seltskondlik. J\u00e4\u00e4gu see otsustamiseks kohapeal!","robots":{"index":"index","follow":"follow","max-snippet":"max-snippet:-1","max-image-preview":"max-image-preview:large","max-video-preview":"max-video-preview:-1"},"canonical":"https:\/\/www.lilleoru.ee\/et\/joogalaager-unikaalses-lilleorus-juuli-2022-programm\/","og_locale":"et_EE","og_type":"article","og_title":"Joogalaager unikaalses Lilleorus: programm","og_description":"Iga osaleja saab teha ise valiku - kas olla veidi eraldunud ja vaikuses v\u00f5i olla seltskondlik. J\u00e4\u00e4gu see otsustamiseks kohapeal!","og_url":"https:\/\/www.lilleoru.ee\/et\/joogalaager-unikaalses-lilleorus-juuli-2022-programm\/","og_site_name":"Lilleoru","article_publisher":"https:\/\/www.facebook.com\/lilleoru","article_modified_time":"2022-05-23T07:30:55+00:00","twitter_card":"summary_large_image","twitter_misc":{"Est. reading time":"1 minut"},"schema":{"@context":"https:\/\/schema.org","@graph":[{"@type":"WebSite","@id":"https:\/\/www.lilleoru.ee\/et\/#website","url":"https:\/\/www.lilleoru.ee\/et\/","name":"Lilleoru","description":"","potentialAction":[{"@type":"SearchAction","target":{"@type":"EntryPoint","urlTemplate":"https:\/\/www.lilleoru.ee\/et\/?s={search_term_string}"},"query-input":"required name=search_term_string"}],"inLanguage":"et"},{"@type":"WebPage","@id":"https:\/\/www.lilleoru.ee\/et\/joogalaager-unikaalses-lilleorus-juuli-2022-programm\/#webpage","url":"https:\/\/www.lilleoru.ee\/et\/joogalaager-unikaalses-lilleorus-juuli-2022-programm\/","name":"Joogalaager unikaalses Lilleorus: programm","isPartOf":{"@id":"https:\/\/www.lilleoru.ee\/et\/#website"},"datePublished":"2022-05-23T07:08:42+00:00","dateModified":"2022-05-23T07:30:55+00:00","description":"Iga osaleja saab teha ise valiku - kas olla veidi eraldunud ja vaikuses v\u00f5i olla seltskondlik. J\u00e4\u00e4gu see otsustamiseks kohapeal!","breadcrumb":{"@id":"https:\/\/www.lilleoru.ee\/et\/joogalaager-unikaalses-lilleorus-juuli-2022-programm\/#breadcrumb"},"inLanguage":"et","potentialAction":[{"@type":"ReadAction","target":["https:\/\/www.lilleoru.ee\/et\/joogalaager-unikaalses-lilleorus-juuli-2022-programm\/"]}]},{"@type":"BreadcrumbList","@id":"https:\/\/www.lilleoru.ee\/et\/joogalaager-unikaalses-lilleorus-juuli-2022-programm\/#breadcrumb","itemListElement":[{"@type":"ListItem","position":1,"name":"Home","item":"https:\/\/www.lilleoru.ee\/et\/"},{"@type":"ListItem","position":2,"name":"Joogalaager unikaalses Lilleorus: programm"}]}]}},"_links":{"self":[{"href":"https:\/\/www.lilleoru.ee\/et\/wp-json\/wp\/v2\/pages\/3071"}],"collection":[{"href":"https:\/\/www.lilleoru.ee\/et\/wp-json\/wp\/v2\/pages"}],"about":[{"href":"https:\/\/www.lilleoru.ee\/et\/wp-json\/wp\/v2\/types\/page"}],"author":[{"embeddable":true,"href":"https:\/\/www.lilleoru.ee\/et\/wp-json\/wp\/v2\/users\/11"}],"replies":[{"embeddable":true,"href":"https:\/\/www.lilleoru.ee\/et\/wp-json\/wp\/v2\/comments?post=3071"}],"version-history":[{"count":13,"href":"https:\/\/www.lilleoru.ee\/et\/wp-json\/wp\/v2\/pages\/3071\/revisions"}],"predecessor-version":[{"id":3094,"href":"https:\/\/www.lilleoru.ee\/et\/wp-json\/wp\/v2\/pages\/3071\/revisions\/3094"}],"wp:attachment":[{"href":"https:\/\/www.lilleoru.ee\/et\/wp-json\/wp\/v2\/media?parent=3071"}],"curies":[{"name":"wp","href":"https:\/\/api.w.org\/{rel}","templated":true}]}}