{"id":3263,"date":"2022-06-20T16:36:28","date_gmt":"2022-06-20T13:36:28","guid":{"rendered":"https:\/\/www.lilleoru.ee\/?page_id=3263"},"modified":"2022-06-20T16:36:28","modified_gmt":"2022-06-20T13:36:28","slug":"online-koolituste-tehniline-info","status":"publish","type":"page","link":"https:\/\/www.lilleoru.ee\/et\/online-koolituste-tehniline-info\/","title":{"rendered":"Online koolituste tehniline info"},"content":{"rendered":"<p>RAKENDUSE ZOOM MEETINGS PAIGALDAMINE SEADMESSE<\/p>\n<p><strong>Windows arvuti (PC)<\/strong><\/p>\n<p>Minge\u00a0<a href=\"https:\/\/zoom.us\/download\" target=\"_blank\" rel=\"noopener\">rakenduse kodulehele<\/a>\u00a0ja\u00a0laadige alla ning paigaldage oma arvutisse &#8220;Zoom Client for Meetings&#8221;<\/p>\n<p><strong>Mac arvuti<\/strong><\/p>\n<p>Minge\u00a0<a href=\"https:\/\/zoom.us\/download\" target=\"_blank\" rel=\"noopener\">rakenduse kodulehele<\/a>\u00a0ja laadige alla ning paigaldage oma arvutisse &#8220;Zoom Client for Meetings&#8221;<\/p>\n<p><strong>Android telefon v\u00f5i tahvelarvuti<\/strong><\/p>\n<p>Laadige Google Play&#8217;st alla\u00a0&#8220;ZOOM Cloud Meetings&#8221;<\/p>\n<p><strong>iPhone \/ iPad<\/strong><\/p>\n<p>Laadige App Store&#8217;ist alla &#8220;ZOOM Cloud Meetings&#8221;<\/p>\n<p><strong>ZOOMI TEST\u00dcLEKANNE<\/strong><\/p>\n<p>Veendumaks, et ZOOM teie seadmes avaneb ja toimib, saate kasutada ZOOM test\u00fclekannet (test meeting).<br \/>\n1. Avage see siin lingil:\u00a0<a href=\"https:\/\/zoom.us\/test\" target=\"_blank\" rel=\"noopener\">https:\/\/zoom.us\/test<\/a><br \/>\n2. Vajutage sinisele nupule &#8220;Join&#8221;<br \/>\n3. Seadme ekraanile ilmub aken, kus on vaja vajutada &#8220;Zoom&#8221; v\u00f5i &#8220;Open&#8221;.<br \/>\n4. Kui test\u00fclekanne (test meeting) on avanenud, peaksite n\u00e4gema akent, kus on must v\u00f5i hall taust ja all nupud &#8220;audio&#8221;, &#8220;video&#8221;, &#8220;share&#8221; jne. N\u00fc\u00fcd on teie seade \u00fclekande j\u00e4lgmiseks valmis. Meistriklassi \u00fclekandega liitumiseks kasutage piletiga koos saadetud linki.<\/p>\n<p>Rohkem juhiseid leiab\u00a0<a href=\"https:\/\/support.zoom.us\/hc\/en-us\" target=\"_blank\" rel=\"noopener\">ZOOM abilehelt<\/a><\/p>\n<p><strong>OSALEMISE JUHEND<\/strong><\/p>\n<p>\u00dclekandega liitumiseks kasutage piletiga koos saadetud linki. Soovitame \u00fclekande avada juba\u00a05-15 minutit enne loengu algust.<\/p>\n<p><strong>OSALEMISE TINGIMUSED<\/strong><\/p>\n<p>Link on m\u00f5eldud individuaalseks kasutamiseks isikutele, kes on ostnud pileti ja tasunud osalustasu, link ei ole m\u00f5eldud jagamiseks teiste inimestega. Loengute sisu on autori\u00f5igustega kaitstud ja selle salvestamine ei ole lubatud.<\/p>\n<p>Palun veendu, et sinu interneti\u00fchendus on piisavalt stabiilne \u00fclekande j\u00e4lgimiseks. \u00dclekannet ei saa j\u00e4rele vaadata. Selleks tuleb salvestis eraldi tellida.\u00a0Rakendus on saadaval nii App Store\u2019s, Google Play\u2019s kui\u00a0<a href=\"https:\/\/zoom.us\/download\" target=\"_blank\" rel=\"noopener\">rakenduse kodulehel<\/a>.<\/p>\n","protected":false},"excerpt":{"rendered":"<p>RAKENDUSE ZOOM MEETINGS PAIGALDAMINE SEADMESSE Windows arvuti (PC) Minge\u00a0rakenduse kodulehele\u00a0ja\u00a0laadige alla ning paigaldage oma arvutisse &#8220;Zoom Client for Meetings&#8221; Mac arvuti Minge\u00a0rakenduse kodulehele\u00a0ja laadige alla ning paigaldage oma arvutisse &#8220;Zoom Client for Meetings&#8221; Android telefon v\u00f5i tahvelarvuti Laadige Google Play&#8217;st alla\u00a0&#8220;ZOOM Cloud Meetings&#8221; iPhone \/ iPad Laadige App Store&#8217;ist alla &#8220;ZOOM Cloud Meetings&#8221; ZOOMI TEST\u00dcLEKANNE [&hellip;]<\/p>\n","protected":false},"author":11,"featured_media":0,"parent":0,"menu_order":0,"comment_status":"closed","ping_status":"closed","template":"","meta":{"inline_featured_image":false},"acf":[],"yoast_head":"<!-- This site is optimized with the Yoast SEO plugin v19.0 - https:\/\/yoast.com\/wordpress\/plugins\/seo\/ -->\n<title>Online koolituste tehniline info - Lilleoru<\/title>\n<meta name=\"robots\" content=\"index, follow, max-snippet:-1, max-image-preview:large, max-video-preview:-1\" \/>\n<link rel=\"canonical\" href=\"https:\/\/www.lilleoru.ee\/et\/online-koolituste-tehniline-info\/\" \/>\n<meta property=\"og:locale\" content=\"et_EE\" \/>\n<meta property=\"og:type\" content=\"article\" \/>\n<meta property=\"og:title\" content=\"Online koolituste tehniline info - Lilleoru\" \/>\n<meta property=\"og:description\" content=\"RAKENDUSE ZOOM MEETINGS PAIGALDAMINE SEADMESSE Windows arvuti (PC) Minge\u00a0rakenduse kodulehele\u00a0ja\u00a0laadige alla ning paigaldage oma arvutisse &#8220;Zoom Client for Meetings&#8221; Mac arvuti Minge\u00a0rakenduse kodulehele\u00a0ja laadige alla ning paigaldage oma arvutisse &#8220;Zoom Client for Meetings&#8221; Android telefon v\u00f5i tahvelarvuti Laadige Google Play&#8217;st alla\u00a0&#8220;ZOOM Cloud Meetings&#8221; iPhone \/ iPad Laadige App Store&#8217;ist alla &#8220;ZOOM Cloud Meetings&#8221; ZOOMI TEST\u00dcLEKANNE [&hellip;]\" \/>\n<meta property=\"og:url\" content=\"https:\/\/www.lilleoru.ee\/et\/online-koolituste-tehniline-info\/\" \/>\n<meta property=\"og:site_name\" content=\"Lilleoru\" \/>\n<meta property=\"article:publisher\" content=\"https:\/\/www.facebook.com\/lilleoru\" \/>\n<meta name=\"twitter:card\" content=\"summary_large_image\" \/>\n<meta name=\"twitter:label1\" content=\"Est. reading time\" \/>\n\t<meta name=\"twitter:data1\" content=\"1 minut\" \/>\n<script type=\"application\/ld+json\" class=\"yoast-schema-graph\">{\"@context\":\"https:\/\/schema.org\",\"@graph\":[{\"@type\":\"WebSite\",\"@id\":\"https:\/\/www.lilleoru.ee\/et\/#website\",\"url\":\"https:\/\/www.lilleoru.ee\/et\/\",\"name\":\"Lilleoru\",\"description\":\"\",\"potentialAction\":[{\"@type\":\"SearchAction\",\"target\":{\"@type\":\"EntryPoint\",\"urlTemplate\":\"https:\/\/www.lilleoru.ee\/et\/?s={search_term_string}\"},\"query-input\":\"required name=search_term_string\"}],\"inLanguage\":\"et\"},{\"@type\":\"WebPage\",\"@id\":\"https:\/\/www.lilleoru.ee\/et\/online-koolituste-tehniline-info\/#webpage\",\"url\":\"https:\/\/www.lilleoru.ee\/et\/online-koolituste-tehniline-info\/\",\"name\":\"Online koolituste tehniline info - Lilleoru\",\"isPartOf\":{\"@id\":\"https:\/\/www.lilleoru.ee\/et\/#website\"},\"datePublished\":\"2022-06-20T13:36:28+00:00\",\"dateModified\":\"2022-06-20T13:36:28+00:00\",\"breadcrumb\":{\"@id\":\"https:\/\/www.lilleoru.ee\/et\/online-koolituste-tehniline-info\/#breadcrumb\"},\"inLanguage\":\"et\",\"potentialAction\":[{\"@type\":\"ReadAction\",\"target\":[\"https:\/\/www.lilleoru.ee\/et\/online-koolituste-tehniline-info\/\"]}]},{\"@type\":\"BreadcrumbList\",\"@id\":\"https:\/\/www.lilleoru.ee\/et\/online-koolituste-tehniline-info\/#breadcrumb\",\"itemListElement\":[{\"@type\":\"ListItem\",\"position\":1,\"name\":\"Home\",\"item\":\"https:\/\/www.lilleoru.ee\/et\/\"},{\"@type\":\"ListItem\",\"position\":2,\"name\":\"Online koolituste tehniline info\"}]}]}<\/script>\n<!-- \/ Yoast SEO plugin. -->","yoast_head_json":{"title":"Online koolituste tehniline info - Lilleoru","robots":{"index":"index","follow":"follow","max-snippet":"max-snippet:-1","max-image-preview":"max-image-preview:large","max-video-preview":"max-video-preview:-1"},"canonical":"https:\/\/www.lilleoru.ee\/et\/online-koolituste-tehniline-info\/","og_locale":"et_EE","og_type":"article","og_title":"Online koolituste tehniline info - Lilleoru","og_description":"RAKENDUSE ZOOM MEETINGS PAIGALDAMINE SEADMESSE Windows arvuti (PC) Minge\u00a0rakenduse kodulehele\u00a0ja\u00a0laadige alla ning paigaldage oma arvutisse &#8220;Zoom Client for Meetings&#8221; Mac arvuti Minge\u00a0rakenduse kodulehele\u00a0ja laadige alla ning paigaldage oma arvutisse &#8220;Zoom Client for Meetings&#8221; Android telefon v\u00f5i tahvelarvuti Laadige Google Play&#8217;st alla\u00a0&#8220;ZOOM Cloud Meetings&#8221; iPhone \/ iPad Laadige App Store&#8217;ist alla &#8220;ZOOM Cloud Meetings&#8221; ZOOMI TEST\u00dcLEKANNE [&hellip;]","og_url":"https:\/\/www.lilleoru.ee\/et\/online-koolituste-tehniline-info\/","og_site_name":"Lilleoru","article_publisher":"https:\/\/www.facebook.com\/lilleoru","twitter_card":"summary_large_image","twitter_misc":{"Est. reading time":"1 minut"},"schema":{"@context":"https:\/\/schema.org","@graph":[{"@type":"WebSite","@id":"https:\/\/www.lilleoru.ee\/et\/#website","url":"https:\/\/www.lilleoru.ee\/et\/","name":"Lilleoru","description":"","potentialAction":[{"@type":"SearchAction","target":{"@type":"EntryPoint","urlTemplate":"https:\/\/www.lilleoru.ee\/et\/?s={search_term_string}"},"query-input":"required name=search_term_string"}],"inLanguage":"et"},{"@type":"WebPage","@id":"https:\/\/www.lilleoru.ee\/et\/online-koolituste-tehniline-info\/#webpage","url":"https:\/\/www.lilleoru.ee\/et\/online-koolituste-tehniline-info\/","name":"Online koolituste tehniline info - Lilleoru","isPartOf":{"@id":"https:\/\/www.lilleoru.ee\/et\/#website"},"datePublished":"2022-06-20T13:36:28+00:00","dateModified":"2022-06-20T13:36:28+00:00","breadcrumb":{"@id":"https:\/\/www.lilleoru.ee\/et\/online-koolituste-tehniline-info\/#breadcrumb"},"inLanguage":"et","potentialAction":[{"@type":"ReadAction","target":["https:\/\/www.lilleoru.ee\/et\/online-koolituste-tehniline-info\/"]}]},{"@type":"BreadcrumbList","@id":"https:\/\/www.lilleoru.ee\/et\/online-koolituste-tehniline-info\/#breadcrumb","itemListElement":[{"@type":"ListItem","position":1,"name":"Home","item":"https:\/\/www.lilleoru.ee\/et\/"},{"@type":"ListItem","position":2,"name":"Online koolituste tehniline info"}]}]}},"_links":{"self":[{"href":"https:\/\/www.lilleoru.ee\/et\/wp-json\/wp\/v2\/pages\/3263"}],"collection":[{"href":"https:\/\/www.lilleoru.ee\/et\/wp-json\/wp\/v2\/pages"}],"about":[{"href":"https:\/\/www.lilleoru.ee\/et\/wp-json\/wp\/v2\/types\/page"}],"author":[{"embeddable":true,"href":"https:\/\/www.lilleoru.ee\/et\/wp-json\/wp\/v2\/users\/11"}],"replies":[{"embeddable":true,"href":"https:\/\/www.lilleoru.ee\/et\/wp-json\/wp\/v2\/comments?post=3263"}],"version-history":[{"count":1,"href":"https:\/\/www.lilleoru.ee\/et\/wp-json\/wp\/v2\/pages\/3263\/revisions"}],"predecessor-version":[{"id":3264,"href":"https:\/\/www.lilleoru.ee\/et\/wp-json\/wp\/v2\/pages\/3263\/revisions\/3264"}],"wp:attachment":[{"href":"https:\/\/www.lilleoru.ee\/et\/wp-json\/wp\/v2\/media?parent=3263"}],"curies":[{"name":"wp","href":"https:\/\/api.w.org\/{rel}","templated":true}]}}