{"id":3309,"date":"2022-06-20T19:09:41","date_gmt":"2022-06-20T16:09:41","guid":{"rendered":"https:\/\/www.lilleoru.ee\/?page_id=3309"},"modified":"2022-07-04T22:40:06","modified_gmt":"2022-07-04T19:40:06","slug":"ruumide-rent-koosolekuruum","status":"publish","type":"page","link":"https:\/\/www.lilleoru.ee\/et\/ruumide-rent-koosolekuruum\/","title":{"rendered":"Koosolekuruum"},"content":{"rendered":"<p>V\u00e4iksem koosolekuruum on sobiv arutelude, vestluste, grupit\u00f6\u00f6de, esitluste ja v\u00e4iksemate koosolekute l\u00e4biviimiseks kuni 8le inimesele.<\/p>\n<p>Ruumis on esitlusteler (55&#8243;), wifi, lauad\/toolid, pabertahvel ja markerid, kraanikauss ning olemas ka v\u00e4ike tee- ja kohvinurk.<\/p>\n<p>Ruumi suurus 14 m\u00b2<\/p>\n<p><strong>Lisainfo ja eripakkumised:<br \/>\n<\/strong><a href=\"mailto:ruumid@lilleoru.ee\"><span style=\"font-weight: 400;\">ruumid@lilleoru.ee<\/span><span style=\"font-weight: 400;\"><br \/>\n<\/span><\/a><span style=\"font-weight: 400;\">+ 372 53 23 77 89<br \/>\n+ 372 56 15 05 69<\/span><\/p>\n\n<p>&nbsp;<\/p>\n<p><a href=\"https:\/\/www.lilleoru.ee\/ruumide-rent\/\">Tagasi ruumide rent<\/a> lehele tutvuma teiste v\u00f5imalustega.<\/p>\n<p>Oma \u00fcrituse jaoks on v\u00f5imalik meilt tellida <a href=\"https:\/\/www.lilleoru.ee\/ruumide-rent-kohvikuala-ja-suveterrass\/\" target=\"_blank\" rel=\"noopener\">toitlustust<\/a>.<\/p>\n<p>Vaata kindlasti ka meie poolt pakutavaid <a href=\"https:\/\/www.lilleoru.ee\/ruumide-rent-lilleoru-tootoad\/\" target=\"_blank\" rel=\"noopener\">t\u00f6\u00f6tubasid ja koolitusi<\/a>.<\/p>\n","protected":false},"excerpt":{"rendered":"<p>V\u00e4iksem koosolekuruum on sobiv arutelude, vestluste, grupit\u00f6\u00f6de, esitluste ja v\u00e4iksemate koosolekute l\u00e4biviimiseks kuni 8le inimesele. Ruumis on esitlusteler (55&#8243;), wifi, lauad\/toolid, pabertahvel ja markerid, kraanikauss ning olemas ka v\u00e4ike tee- ja kohvinurk. Ruumi suurus 14 m\u00b2 Lisainfo ja eripakkumised: ruumid@lilleoru.ee + 372 53 23 77 89 + 372 56 15 05 69 &nbsp; Tagasi ruumide [&hellip;]<\/p>\n","protected":false},"author":11,"featured_media":0,"parent":0,"menu_order":0,"comment_status":"closed","ping_status":"closed","template":"","meta":{"inline_featured_image":false},"acf":[],"yoast_head":"<!-- This site is optimized with the Yoast SEO plugin v19.0 - https:\/\/yoast.com\/wordpress\/plugins\/seo\/ -->\n<title>Ruumide rent - Lilleoru<\/title>\n<meta name=\"description\" content=\"Korralda oma \u00fcritus Lilleoru erilises, rahulikus, looduslikus ja inspireerivas keskkonnas! K\u00fcsi ruumide rendi v\u00f5i \u00fcrituse pakkumist.\" \/>\n<meta name=\"robots\" content=\"index, follow, max-snippet:-1, max-image-preview:large, max-video-preview:-1\" \/>\n<link rel=\"canonical\" href=\"https:\/\/www.lilleoru.ee\/et\/ruumide-rent-koosolekuruum\/\" \/>\n<meta property=\"og:locale\" content=\"et_EE\" \/>\n<meta property=\"og:type\" content=\"article\" \/>\n<meta property=\"og:title\" content=\"Ruumide rent - Lilleoru\" \/>\n<meta property=\"og:description\" content=\"Korralda oma \u00fcritus Lilleoru erilises, rahulikus, looduslikus ja inspireerivas keskkonnas! K\u00fcsi ruumide rendi v\u00f5i \u00fcrituse pakkumist.\" \/>\n<meta property=\"og:url\" content=\"https:\/\/www.lilleoru.ee\/et\/ruumide-rent-koosolekuruum\/\" \/>\n<meta property=\"og:site_name\" content=\"Lilleoru\" \/>\n<meta property=\"article:publisher\" content=\"https:\/\/www.facebook.com\/lilleoru\" \/>\n<meta property=\"article:modified_time\" content=\"2022-07-04T19:40:06+00:00\" \/>\n<meta name=\"twitter:card\" content=\"summary_large_image\" \/>\n<script type=\"application\/ld+json\" class=\"yoast-schema-graph\">{\"@context\":\"https:\/\/schema.org\",\"@graph\":[{\"@type\":\"WebSite\",\"@id\":\"https:\/\/www.lilleoru.ee\/et\/#website\",\"url\":\"https:\/\/www.lilleoru.ee\/et\/\",\"name\":\"Lilleoru\",\"description\":\"\",\"potentialAction\":[{\"@type\":\"SearchAction\",\"target\":{\"@type\":\"EntryPoint\",\"urlTemplate\":\"https:\/\/www.lilleoru.ee\/et\/?s={search_term_string}\"},\"query-input\":\"required name=search_term_string\"}],\"inLanguage\":\"et\"},{\"@type\":\"WebPage\",\"@id\":\"https:\/\/www.lilleoru.ee\/et\/ruumide-rent-koosolekuruum\/#webpage\",\"url\":\"https:\/\/www.lilleoru.ee\/et\/ruumide-rent-koosolekuruum\/\",\"name\":\"Ruumide rent - Lilleoru\",\"isPartOf\":{\"@id\":\"https:\/\/www.lilleoru.ee\/et\/#website\"},\"datePublished\":\"2022-06-20T16:09:41+00:00\",\"dateModified\":\"2022-07-04T19:40:06+00:00\",\"description\":\"Korralda oma \u00fcritus Lilleoru erilises, rahulikus, looduslikus ja inspireerivas keskkonnas! K\u00fcsi ruumide rendi v\u00f5i \u00fcrituse pakkumist.\",\"breadcrumb\":{\"@id\":\"https:\/\/www.lilleoru.ee\/et\/ruumide-rent-koosolekuruum\/#breadcrumb\"},\"inLanguage\":\"et\",\"potentialAction\":[{\"@type\":\"ReadAction\",\"target\":[\"https:\/\/www.lilleoru.ee\/et\/ruumide-rent-koosolekuruum\/\"]}]},{\"@type\":\"BreadcrumbList\",\"@id\":\"https:\/\/www.lilleoru.ee\/et\/ruumide-rent-koosolekuruum\/#breadcrumb\",\"itemListElement\":[{\"@type\":\"ListItem\",\"position\":1,\"name\":\"Home\",\"item\":\"https:\/\/www.lilleoru.ee\/et\/\"},{\"@type\":\"ListItem\",\"position\":2,\"name\":\"Koosolekuruum\"}]}]}<\/script>\n<!-- \/ Yoast SEO plugin. -->","yoast_head_json":{"title":"Ruumide rent - Lilleoru","description":"Korralda oma \u00fcritus Lilleoru erilises, rahulikus, looduslikus ja inspireerivas keskkonnas! K\u00fcsi ruumide rendi v\u00f5i \u00fcrituse pakkumist.","robots":{"index":"index","follow":"follow","max-snippet":"max-snippet:-1","max-image-preview":"max-image-preview:large","max-video-preview":"max-video-preview:-1"},"canonical":"https:\/\/www.lilleoru.ee\/et\/ruumide-rent-koosolekuruum\/","og_locale":"et_EE","og_type":"article","og_title":"Ruumide rent - Lilleoru","og_description":"Korralda oma \u00fcritus Lilleoru erilises, rahulikus, looduslikus ja inspireerivas keskkonnas! K\u00fcsi ruumide rendi v\u00f5i \u00fcrituse pakkumist.","og_url":"https:\/\/www.lilleoru.ee\/et\/ruumide-rent-koosolekuruum\/","og_site_name":"Lilleoru","article_publisher":"https:\/\/www.facebook.com\/lilleoru","article_modified_time":"2022-07-04T19:40:06+00:00","twitter_card":"summary_large_image","schema":{"@context":"https:\/\/schema.org","@graph":[{"@type":"WebSite","@id":"https:\/\/www.lilleoru.ee\/et\/#website","url":"https:\/\/www.lilleoru.ee\/et\/","name":"Lilleoru","description":"","potentialAction":[{"@type":"SearchAction","target":{"@type":"EntryPoint","urlTemplate":"https:\/\/www.lilleoru.ee\/et\/?s={search_term_string}"},"query-input":"required name=search_term_string"}],"inLanguage":"et"},{"@type":"WebPage","@id":"https:\/\/www.lilleoru.ee\/et\/ruumide-rent-koosolekuruum\/#webpage","url":"https:\/\/www.lilleoru.ee\/et\/ruumide-rent-koosolekuruum\/","name":"Ruumide rent - Lilleoru","isPartOf":{"@id":"https:\/\/www.lilleoru.ee\/et\/#website"},"datePublished":"2022-06-20T16:09:41+00:00","dateModified":"2022-07-04T19:40:06+00:00","description":"Korralda oma \u00fcritus Lilleoru erilises, rahulikus, looduslikus ja inspireerivas keskkonnas! K\u00fcsi ruumide rendi v\u00f5i \u00fcrituse pakkumist.","breadcrumb":{"@id":"https:\/\/www.lilleoru.ee\/et\/ruumide-rent-koosolekuruum\/#breadcrumb"},"inLanguage":"et","potentialAction":[{"@type":"ReadAction","target":["https:\/\/www.lilleoru.ee\/et\/ruumide-rent-koosolekuruum\/"]}]},{"@type":"BreadcrumbList","@id":"https:\/\/www.lilleoru.ee\/et\/ruumide-rent-koosolekuruum\/#breadcrumb","itemListElement":[{"@type":"ListItem","position":1,"name":"Home","item":"https:\/\/www.lilleoru.ee\/et\/"},{"@type":"ListItem","position":2,"name":"Koosolekuruum"}]}]}},"_links":{"self":[{"href":"https:\/\/www.lilleoru.ee\/et\/wp-json\/wp\/v2\/pages\/3309"}],"collection":[{"href":"https:\/\/www.lilleoru.ee\/et\/wp-json\/wp\/v2\/pages"}],"about":[{"href":"https:\/\/www.lilleoru.ee\/et\/wp-json\/wp\/v2\/types\/page"}],"author":[{"embeddable":true,"href":"https:\/\/www.lilleoru.ee\/et\/wp-json\/wp\/v2\/users\/11"}],"replies":[{"embeddable":true,"href":"https:\/\/www.lilleoru.ee\/et\/wp-json\/wp\/v2\/comments?post=3309"}],"version-history":[{"count":8,"href":"https:\/\/www.lilleoru.ee\/et\/wp-json\/wp\/v2\/pages\/3309\/revisions"}],"predecessor-version":[{"id":3635,"href":"https:\/\/www.lilleoru.ee\/et\/wp-json\/wp\/v2\/pages\/3309\/revisions\/3635"}],"wp:attachment":[{"href":"https:\/\/www.lilleoru.ee\/et\/wp-json\/wp\/v2\/media?parent=3309"}],"curies":[{"name":"wp","href":"https:\/\/api.w.org\/{rel}","templated":true}]}}