{"id":3359,"date":"2022-06-20T21:32:33","date_gmt":"2022-06-20T18:32:33","guid":{"rendered":"https:\/\/www.lilleoru.ee\/?page_id=3359"},"modified":"2026-04-13T18:16:32","modified_gmt":"2026-04-13T15:16:32","slug":"ruumide-rent-lilleoru-tootoad","status":"publish","type":"page","link":"https:\/\/www.lilleoru.ee\/et\/ruumide-rent-lilleoru-tootoad\/","title":{"rendered":"Lilleoru t\u00f6\u00f6toad"},"content":{"rendered":"<p>Koolitusp\u00e4eva rikastamiseks pakume erinevaid koolitusi ja loenguid, et toetada inimese teadlikku arengut ja enesejuhtimise oskuseid. Need aitavad tulla paremini toime muutuvates oludes, elada \u00f5nnelikumat elu ja avastada oma tegelik v\u00f5imekus.<\/p>\n<p>Pakume ka erinevaid t\u00f6\u00f6tube oma sisemaailma tundma \u00f5ppimiseks: f\u00fc\u00fcsilise keha korrastamine joogaga, jalutusk\u00e4ik ravimtaimeaias koos taimetargaga, emotsioonide joonistamine, savit\u00f6\u00f6 ja maalimine, harjutused teadveloleku avastamiseks.<\/p>\n<p>Tutvu v\u00f5imalustega l\u00e4hemalt:<\/p>\n<p><a href=\"https:\/\/www.lilleoru.ee\/ruumide-rent-jooga-tootuba\/\" rel=\"noopener\">JOOGA<\/a><\/p>\n<p><a href=\"https:\/\/www.lilleoru.ee\/joogalike-vaeehete-tootuba\/\" target=\"_blank\" rel=\"noopener\">JOOGALIKE V\u00c4EEHETE VALMISTAMINE<\/a><\/p>\n<p><a href=\"https:\/\/www.lilleoru.ee\/ruumide-rent-toiduinspiratsiooni-meistrituba\/\" rel=\"noopener\">TOIDUINSPIRATSIOONI MEISTRITUBA<\/a><\/p>\n<p><a href=\"https:\/\/www.lilleoru.ee\/ruumide-rent-loodusfotograafia-luhikursus\/\">LOODUSFOTOGRAAFIA L\u00dcHIKURSUS<\/a><\/p>\n<p><a href=\"https:\/\/www.lilleoru.ee\/ruumide-rent-ravimtaimede-tootuba\/\" rel=\"noopener\">RAVIMTAIMEDE T\u00d6\u00d6TUBA<\/a><\/p>\n<p><a href=\"https:\/\/www.lilleoru.ee\/ruumide-rent-kunsti-tootuba\/\">KUNSTI T\u00d6\u00d6TUBA<\/a><\/p>\n<p><a href=\"https:\/\/www.lilleoru.ee\/ruumide-rent-keraamika-tootuba\/\" rel=\"noopener\">KERAAMIKA<\/a><\/p>\n<p><a href=\"https:\/\/www.lilleoru.ee\/looduslike-ehitistega-tutvumine-ja-tootuba\/\" rel=\"noopener\">LOODUSLIKE EHITISTEGA TUTVUMINE JA T\u00d6\u00d6TUBA<\/a><\/p>\n<p>&nbsp;<\/p>\n<p><strong>Aitame Sul kokku panna sobiva programmi:<\/strong><br \/>\nKristi Reinap<br \/>\n<a href=\"mailto:ruumid@lilleoru.ee\" target=\"_blank\" rel=\"noopener\">ruumid@lilleoru.ee<\/a><br \/>\nTel: <span style=\"font-weight: 400;\">+ 372 506 0519<\/span><\/p>\n<p>&nbsp;<\/p>\n<p><a href=\"https:\/\/www.lilleoru.ee\/ruumide-rent\/\">TAGASI RUUMIDE RENT LEHELE<\/a><\/p>\n<p>&nbsp;<\/p>\n","protected":false},"excerpt":{"rendered":"<p>Koolitusp\u00e4eva rikastamiseks pakume erinevaid koolitusi ja loenguid, et toetada inimese teadlikku arengut ja enesejuhtimise oskuseid. Need aitavad tulla paremini toime muutuvates oludes, elada \u00f5nnelikumat elu ja avastada oma tegelik v\u00f5imekus. Pakume ka erinevaid t\u00f6\u00f6tube oma sisemaailma tundma \u00f5ppimiseks: f\u00fc\u00fcsilise keha korrastamine joogaga, jalutusk\u00e4ik ravimtaimeaias koos taimetargaga, emotsioonide joonistamine, savit\u00f6\u00f6 ja maalimine, harjutused teadveloleku avastamiseks. Tutvu [&hellip;]<\/p>\n","protected":false},"author":11,"featured_media":0,"parent":0,"menu_order":0,"comment_status":"closed","ping_status":"closed","template":"","meta":{"inline_featured_image":false},"acf":[],"yoast_head":"<!-- This site is optimized with the Yoast SEO plugin v19.0 - https:\/\/yoast.com\/wordpress\/plugins\/seo\/ -->\n<title>Lilleoru t\u00f6\u00f6toad<\/title>\n<meta name=\"description\" content=\"Koolitusp\u00e4eva rikastamiseks pakume erinevaid koolitusi, loenguid ja t\u00f6\u00f6tubasid, et toetada inimese teadlikku arengut ja enesejuhtimise oskuseid.\" \/>\n<meta name=\"robots\" content=\"index, follow, max-snippet:-1, max-image-preview:large, max-video-preview:-1\" \/>\n<link rel=\"canonical\" href=\"https:\/\/www.lilleoru.ee\/et\/ruumide-rent-lilleoru-tootoad\/\" \/>\n<meta property=\"og:locale\" content=\"et_EE\" \/>\n<meta property=\"og:type\" content=\"article\" \/>\n<meta property=\"og:title\" content=\"Lilleoru t\u00f6\u00f6toad\" \/>\n<meta property=\"og:description\" content=\"Koolitusp\u00e4eva rikastamiseks pakume erinevaid koolitusi, loenguid ja t\u00f6\u00f6tubasid, et toetada inimese teadlikku arengut ja enesejuhtimise oskuseid.\" \/>\n<meta property=\"og:url\" content=\"https:\/\/www.lilleoru.ee\/et\/ruumide-rent-lilleoru-tootoad\/\" \/>\n<meta property=\"og:site_name\" content=\"Lilleoru\" \/>\n<meta property=\"article:publisher\" content=\"https:\/\/www.facebook.com\/lilleoru\" \/>\n<meta property=\"article:modified_time\" content=\"2026-04-13T15:16:32+00:00\" \/>\n<meta name=\"twitter:card\" content=\"summary_large_image\" \/>\n<meta name=\"twitter:label1\" content=\"Est. reading time\" \/>\n\t<meta name=\"twitter:data1\" content=\"1 minut\" \/>\n<script type=\"application\/ld+json\" class=\"yoast-schema-graph\">{\"@context\":\"https:\/\/schema.org\",\"@graph\":[{\"@type\":\"WebSite\",\"@id\":\"https:\/\/www.lilleoru.ee\/et\/#website\",\"url\":\"https:\/\/www.lilleoru.ee\/et\/\",\"name\":\"Lilleoru\",\"description\":\"\",\"potentialAction\":[{\"@type\":\"SearchAction\",\"target\":{\"@type\":\"EntryPoint\",\"urlTemplate\":\"https:\/\/www.lilleoru.ee\/et\/?s={search_term_string}\"},\"query-input\":\"required name=search_term_string\"}],\"inLanguage\":\"et\"},{\"@type\":\"WebPage\",\"@id\":\"https:\/\/www.lilleoru.ee\/et\/ruumide-rent-lilleoru-tootoad\/#webpage\",\"url\":\"https:\/\/www.lilleoru.ee\/et\/ruumide-rent-lilleoru-tootoad\/\",\"name\":\"Lilleoru t\u00f6\u00f6toad\",\"isPartOf\":{\"@id\":\"https:\/\/www.lilleoru.ee\/et\/#website\"},\"datePublished\":\"2022-06-20T18:32:33+00:00\",\"dateModified\":\"2026-04-13T15:16:32+00:00\",\"description\":\"Koolitusp\u00e4eva rikastamiseks pakume erinevaid koolitusi, loenguid ja t\u00f6\u00f6tubasid, et toetada inimese teadlikku arengut ja enesejuhtimise oskuseid.\",\"breadcrumb\":{\"@id\":\"https:\/\/www.lilleoru.ee\/et\/ruumide-rent-lilleoru-tootoad\/#breadcrumb\"},\"inLanguage\":\"et\",\"potentialAction\":[{\"@type\":\"ReadAction\",\"target\":[\"https:\/\/www.lilleoru.ee\/et\/ruumide-rent-lilleoru-tootoad\/\"]}]},{\"@type\":\"BreadcrumbList\",\"@id\":\"https:\/\/www.lilleoru.ee\/et\/ruumide-rent-lilleoru-tootoad\/#breadcrumb\",\"itemListElement\":[{\"@type\":\"ListItem\",\"position\":1,\"name\":\"Home\",\"item\":\"https:\/\/www.lilleoru.ee\/et\/\"},{\"@type\":\"ListItem\",\"position\":2,\"name\":\"Lilleoru t\u00f6\u00f6toad\"}]}]}<\/script>\n<!-- \/ Yoast SEO plugin. -->","yoast_head_json":{"title":"Lilleoru t\u00f6\u00f6toad","description":"Koolitusp\u00e4eva rikastamiseks pakume erinevaid koolitusi, loenguid ja t\u00f6\u00f6tubasid, et toetada inimese teadlikku arengut ja enesejuhtimise oskuseid.","robots":{"index":"index","follow":"follow","max-snippet":"max-snippet:-1","max-image-preview":"max-image-preview:large","max-video-preview":"max-video-preview:-1"},"canonical":"https:\/\/www.lilleoru.ee\/et\/ruumide-rent-lilleoru-tootoad\/","og_locale":"et_EE","og_type":"article","og_title":"Lilleoru t\u00f6\u00f6toad","og_description":"Koolitusp\u00e4eva rikastamiseks pakume erinevaid koolitusi, loenguid ja t\u00f6\u00f6tubasid, et toetada inimese teadlikku arengut ja enesejuhtimise oskuseid.","og_url":"https:\/\/www.lilleoru.ee\/et\/ruumide-rent-lilleoru-tootoad\/","og_site_name":"Lilleoru","article_publisher":"https:\/\/www.facebook.com\/lilleoru","article_modified_time":"2026-04-13T15:16:32+00:00","twitter_card":"summary_large_image","twitter_misc":{"Est. reading time":"1 minut"},"schema":{"@context":"https:\/\/schema.org","@graph":[{"@type":"WebSite","@id":"https:\/\/www.lilleoru.ee\/et\/#website","url":"https:\/\/www.lilleoru.ee\/et\/","name":"Lilleoru","description":"","potentialAction":[{"@type":"SearchAction","target":{"@type":"EntryPoint","urlTemplate":"https:\/\/www.lilleoru.ee\/et\/?s={search_term_string}"},"query-input":"required name=search_term_string"}],"inLanguage":"et"},{"@type":"WebPage","@id":"https:\/\/www.lilleoru.ee\/et\/ruumide-rent-lilleoru-tootoad\/#webpage","url":"https:\/\/www.lilleoru.ee\/et\/ruumide-rent-lilleoru-tootoad\/","name":"Lilleoru t\u00f6\u00f6toad","isPartOf":{"@id":"https:\/\/www.lilleoru.ee\/et\/#website"},"datePublished":"2022-06-20T18:32:33+00:00","dateModified":"2026-04-13T15:16:32+00:00","description":"Koolitusp\u00e4eva rikastamiseks pakume erinevaid koolitusi, loenguid ja t\u00f6\u00f6tubasid, et toetada inimese teadlikku arengut ja enesejuhtimise oskuseid.","breadcrumb":{"@id":"https:\/\/www.lilleoru.ee\/et\/ruumide-rent-lilleoru-tootoad\/#breadcrumb"},"inLanguage":"et","potentialAction":[{"@type":"ReadAction","target":["https:\/\/www.lilleoru.ee\/et\/ruumide-rent-lilleoru-tootoad\/"]}]},{"@type":"BreadcrumbList","@id":"https:\/\/www.lilleoru.ee\/et\/ruumide-rent-lilleoru-tootoad\/#breadcrumb","itemListElement":[{"@type":"ListItem","position":1,"name":"Home","item":"https:\/\/www.lilleoru.ee\/et\/"},{"@type":"ListItem","position":2,"name":"Lilleoru t\u00f6\u00f6toad"}]}]}},"_links":{"self":[{"href":"https:\/\/www.lilleoru.ee\/et\/wp-json\/wp\/v2\/pages\/3359"}],"collection":[{"href":"https:\/\/www.lilleoru.ee\/et\/wp-json\/wp\/v2\/pages"}],"about":[{"href":"https:\/\/www.lilleoru.ee\/et\/wp-json\/wp\/v2\/types\/page"}],"author":[{"embeddable":true,"href":"https:\/\/www.lilleoru.ee\/et\/wp-json\/wp\/v2\/users\/11"}],"replies":[{"embeddable":true,"href":"https:\/\/www.lilleoru.ee\/et\/wp-json\/wp\/v2\/comments?post=3359"}],"version-history":[{"count":25,"href":"https:\/\/www.lilleoru.ee\/et\/wp-json\/wp\/v2\/pages\/3359\/revisions"}],"predecessor-version":[{"id":6618,"href":"https:\/\/www.lilleoru.ee\/et\/wp-json\/wp\/v2\/pages\/3359\/revisions\/6618"}],"wp:attachment":[{"href":"https:\/\/www.lilleoru.ee\/et\/wp-json\/wp\/v2\/media?parent=3359"}],"curies":[{"name":"wp","href":"https:\/\/api.w.org\/{rel}","templated":true}]}}