{"id":3366,"date":"2022-06-20T21:42:50","date_gmt":"2022-06-20T18:42:50","guid":{"rendered":"https:\/\/www.lilleoru.ee\/?page_id=3366"},"modified":"2022-10-29T22:22:16","modified_gmt":"2022-10-29T19:22:16","slug":"ruumide-rent-loodusfotograafia-luhikursus","status":"publish","type":"page","link":"https:\/\/www.lilleoru.ee\/et\/ruumide-rent-loodusfotograafia-luhikursus\/","title":{"rendered":"Loodusfotograafia l\u00fchikursus"},"content":{"rendered":"<div>\n<div>\n<p>Looduse pildistamine on p\u00f5nev ja rahustava toimega tegevus, mis aitab viia argimuredest eemale ning tulla kohalolusse.\u00a0See aitab luua parema kontakti loodusega, m\u00e4rgata enda \u00fcmber ilu ja detaile ning arendada keskendumisv\u00f5imet. Tule\u00a0j\u00e4\u00e4dvusta kauneid ja kordumatuid hetki keset Lilleoru loodust!<br \/>\n<b><br \/>\n<\/b><strong>Koolitusel saab:<\/strong><\/p>\n<ul>\n<li>\u00fclevaate fototehnikast ja elementaarsed teadmised fotograafiast (s\u00e4ri, ISO, WB, jms);<\/li>\n<li>infot loodusfotograafia eetikast ja sellest, millised on looduses olemise elementaarsed eeldused;<\/li>\n<li>jalutada Lilleoru looduses ja juhiseid, mida pildistada;<\/li>\n<li>harjutada eristamise- ja m\u00e4rkamisev\u00f5imet;<\/li>\n<li>oma mobiili v\u00f5i kaameraga pildistada ning koos juhendajaga pilte anal\u00fc\u00fcsida;<\/li>\n<li>n\u00e4ha pilte loodusfotograaf Aimar S\u00e4\u00e4ritsa parimatest paladest.<\/li>\n<\/ul>\n<p><span lang=\"SV\">Grupi suurus\u00a0<\/span><span lang=\"SV\">kuni 20 inimest<\/span><\/p>\n<\/div>\n<div>\n<p><strong><span lang=\"SV\">Kestus:<\/span><\/strong><span lang=\"SV\"> 2-2,5 t<\/span><\/p>\n<\/div>\n<\/div>\n\n<p>&nbsp;<\/p>\n<hr \/>\n<div>\n<p><strong><span lang=\"SV\">Koolitaja:<\/span><span lang=\"SV\">\u00a0LOODUSFOTOGRAAF AIMAR S\u00c4\u00c4RITS<\/span><\/strong><\/p>\n<\/div>\n<div>\n<p><span lang=\"SV\">Loodusfotograafiaga olen tegelenud 14 aastat. Oma tugevateks omadusteks loen head m\u00e4rkamisv\u00f5imet ja suhet looduse kui sellisega. Olen saavutanud edu makrofotograafias, kus \u00fclevabariigilistel konkurssidel olen saavutanud \u00fcle paarik\u00fcmne tunnustuse. Eriti tugevaks on peetud minu \u00f5rnu taimepilte ja erilisi v\u00e4ikeseid leide loodusest. Olen m\u00f5nes v\u00e4ikeses valdkonnas teinud koost\u00f6\u00f6d teadlastega, et avardada \u00fcldteadmisi n\u00e4iteks m\u00f5ningate liblikaliikide ja kiililiikide populatsiooni osas.<\/span><\/p>\n<\/div>\n<div id=\"attachment_3390\" style=\"width: 710px\" class=\"wp-caption aligncenter\"><img aria-describedby=\"caption-attachment-3390\" loading=\"lazy\" class=\"wp-image-3390\" src=\"https:\/\/www.lilleoru.ee\/wp-content\/uploads\/2022\/06\/198520732_5611925082211388_8324286902669098711_n-300x200.jpg\" alt=\"\" width=\"700\" height=\"466\" srcset=\"https:\/\/www.lilleoru.ee\/wp-content\/uploads\/2022\/06\/198520732_5611925082211388_8324286902669098711_n-300x200.jpg 300w, https:\/\/www.lilleoru.ee\/wp-content\/uploads\/2022\/06\/198520732_5611925082211388_8324286902669098711_n-1024x682.jpg 1024w, https:\/\/www.lilleoru.ee\/wp-content\/uploads\/2022\/06\/198520732_5611925082211388_8324286902669098711_n-768x511.jpg 768w, https:\/\/www.lilleoru.ee\/wp-content\/uploads\/2022\/06\/198520732_5611925082211388_8324286902669098711_n-1536x1023.jpg 1536w, https:\/\/www.lilleoru.ee\/wp-content\/uploads\/2022\/06\/198520732_5611925082211388_8324286902669098711_n.jpg 1553w\" sizes=\"(max-width: 700px) 100vw, 700px\" \/><p id=\"caption-attachment-3390\" class=\"wp-caption-text\">Aimar S\u00e4\u00e4rits<\/p><\/div>\n<p>&nbsp;<\/p>\n<p><a href=\"https:\/\/www.lilleoru.ee\/ruumide-rent-lilleoru-tootoad\/\">Tagasi t\u00f6\u00f6tubadega<\/a> tutvuma.<\/p>\n<p><a href=\"https:\/\/www.lilleoru.ee\/ruumide-rent\/\">Tagasi ruumidega<\/a> tutvuma.<\/p>\n","protected":false},"excerpt":{"rendered":"<p>Looduse pildistamine on p\u00f5nev ja rahustava toimega tegevus, mis aitab viia argimuredest eemale ning tulla kohalolusse.\u00a0See aitab luua parema kontakti loodusega, m\u00e4rgata enda \u00fcmber ilu ja detaile ning arendada keskendumisv\u00f5imet. Tule\u00a0j\u00e4\u00e4dvusta kauneid ja kordumatuid hetki keset Lilleoru loodust! Koolitusel saab: \u00fclevaate fototehnikast ja elementaarsed teadmised fotograafiast (s\u00e4ri, ISO, WB, jms); infot loodusfotograafia eetikast ja sellest, [&hellip;]<\/p>\n","protected":false},"author":11,"featured_media":0,"parent":0,"menu_order":0,"comment_status":"closed","ping_status":"closed","template":"","meta":{"inline_featured_image":false},"acf":[],"yoast_head":"<!-- This site is optimized with the Yoast SEO plugin v19.0 - https:\/\/yoast.com\/wordpress\/plugins\/seo\/ -->\n<title>Loodusfotograafia l\u00fchikursus - Lilleoru<\/title>\n<meta name=\"description\" content=\"Koolitusp\u00e4eva rikastamiseks pakume erinevaid koolitusi, loenguid ja t\u00f6\u00f6tubasid, et toetada inimese teadlikku arengut ja enesejuhtimise oskuseid.\" \/>\n<meta name=\"robots\" content=\"index, follow, max-snippet:-1, max-image-preview:large, max-video-preview:-1\" \/>\n<link rel=\"canonical\" href=\"https:\/\/www.lilleoru.ee\/et\/ruumide-rent-loodusfotograafia-luhikursus\/\" \/>\n<meta property=\"og:locale\" content=\"et_EE\" \/>\n<meta property=\"og:type\" content=\"article\" \/>\n<meta property=\"og:title\" content=\"Loodusfotograafia l\u00fchikursus - Lilleoru\" \/>\n<meta property=\"og:description\" content=\"Koolitusp\u00e4eva rikastamiseks pakume erinevaid koolitusi, loenguid ja t\u00f6\u00f6tubasid, et toetada inimese teadlikku arengut ja enesejuhtimise oskuseid.\" \/>\n<meta property=\"og:url\" content=\"https:\/\/www.lilleoru.ee\/et\/ruumide-rent-loodusfotograafia-luhikursus\/\" \/>\n<meta property=\"og:site_name\" content=\"Lilleoru\" \/>\n<meta property=\"article:publisher\" content=\"https:\/\/www.facebook.com\/lilleoru\" \/>\n<meta property=\"article:modified_time\" content=\"2022-10-29T19:22:16+00:00\" \/>\n<meta property=\"og:image\" content=\"https:\/\/www.lilleoru.ee\/wp-content\/uploads\/2022\/06\/198520732_5611925082211388_8324286902669098711_n-300x200.jpg\" \/>\n<meta name=\"twitter:card\" content=\"summary_large_image\" \/>\n<meta name=\"twitter:label1\" content=\"Est. reading time\" \/>\n\t<meta name=\"twitter:data1\" content=\"1 minut\" \/>\n<script type=\"application\/ld+json\" class=\"yoast-schema-graph\">{\"@context\":\"https:\/\/schema.org\",\"@graph\":[{\"@type\":\"WebSite\",\"@id\":\"https:\/\/www.lilleoru.ee\/et\/#website\",\"url\":\"https:\/\/www.lilleoru.ee\/et\/\",\"name\":\"Lilleoru\",\"description\":\"\",\"potentialAction\":[{\"@type\":\"SearchAction\",\"target\":{\"@type\":\"EntryPoint\",\"urlTemplate\":\"https:\/\/www.lilleoru.ee\/et\/?s={search_term_string}\"},\"query-input\":\"required name=search_term_string\"}],\"inLanguage\":\"et\"},{\"@type\":\"ImageObject\",\"inLanguage\":\"et\",\"@id\":\"https:\/\/www.lilleoru.ee\/et\/ruumide-rent-loodusfotograafia-luhikursus\/#primaryimage\",\"url\":\"https:\/\/www.lilleoru.ee\/wp-content\/uploads\/2022\/06\/198520732_5611925082211388_8324286902669098711_n.jpg\",\"contentUrl\":\"https:\/\/www.lilleoru.ee\/wp-content\/uploads\/2022\/06\/198520732_5611925082211388_8324286902669098711_n.jpg\",\"width\":1553,\"height\":1034,\"caption\":\"Aimar S\u00e4\u00e4rits\"},{\"@type\":\"WebPage\",\"@id\":\"https:\/\/www.lilleoru.ee\/et\/ruumide-rent-loodusfotograafia-luhikursus\/#webpage\",\"url\":\"https:\/\/www.lilleoru.ee\/et\/ruumide-rent-loodusfotograafia-luhikursus\/\",\"name\":\"Loodusfotograafia l\u00fchikursus - Lilleoru\",\"isPartOf\":{\"@id\":\"https:\/\/www.lilleoru.ee\/et\/#website\"},\"primaryImageOfPage\":{\"@id\":\"https:\/\/www.lilleoru.ee\/et\/ruumide-rent-loodusfotograafia-luhikursus\/#primaryimage\"},\"datePublished\":\"2022-06-20T18:42:50+00:00\",\"dateModified\":\"2022-10-29T19:22:16+00:00\",\"description\":\"Koolitusp\u00e4eva rikastamiseks pakume erinevaid koolitusi, loenguid ja t\u00f6\u00f6tubasid, et toetada inimese teadlikku arengut ja enesejuhtimise oskuseid.\",\"breadcrumb\":{\"@id\":\"https:\/\/www.lilleoru.ee\/et\/ruumide-rent-loodusfotograafia-luhikursus\/#breadcrumb\"},\"inLanguage\":\"et\",\"potentialAction\":[{\"@type\":\"ReadAction\",\"target\":[\"https:\/\/www.lilleoru.ee\/et\/ruumide-rent-loodusfotograafia-luhikursus\/\"]}]},{\"@type\":\"BreadcrumbList\",\"@id\":\"https:\/\/www.lilleoru.ee\/et\/ruumide-rent-loodusfotograafia-luhikursus\/#breadcrumb\",\"itemListElement\":[{\"@type\":\"ListItem\",\"position\":1,\"name\":\"Home\",\"item\":\"https:\/\/www.lilleoru.ee\/et\/\"},{\"@type\":\"ListItem\",\"position\":2,\"name\":\"Loodusfotograafia l\u00fchikursus\"}]}]}<\/script>\n<!-- \/ Yoast SEO plugin. -->","yoast_head_json":{"title":"Loodusfotograafia l\u00fchikursus - Lilleoru","description":"Koolitusp\u00e4eva rikastamiseks pakume erinevaid koolitusi, loenguid ja t\u00f6\u00f6tubasid, et toetada inimese teadlikku arengut ja enesejuhtimise oskuseid.","robots":{"index":"index","follow":"follow","max-snippet":"max-snippet:-1","max-image-preview":"max-image-preview:large","max-video-preview":"max-video-preview:-1"},"canonical":"https:\/\/www.lilleoru.ee\/et\/ruumide-rent-loodusfotograafia-luhikursus\/","og_locale":"et_EE","og_type":"article","og_title":"Loodusfotograafia l\u00fchikursus - Lilleoru","og_description":"Koolitusp\u00e4eva rikastamiseks pakume erinevaid koolitusi, loenguid ja t\u00f6\u00f6tubasid, et toetada inimese teadlikku arengut ja enesejuhtimise oskuseid.","og_url":"https:\/\/www.lilleoru.ee\/et\/ruumide-rent-loodusfotograafia-luhikursus\/","og_site_name":"Lilleoru","article_publisher":"https:\/\/www.facebook.com\/lilleoru","article_modified_time":"2022-10-29T19:22:16+00:00","og_image":[{"url":"https:\/\/www.lilleoru.ee\/wp-content\/uploads\/2022\/06\/198520732_5611925082211388_8324286902669098711_n-300x200.jpg"}],"twitter_card":"summary_large_image","twitter_misc":{"Est. reading time":"1 minut"},"schema":{"@context":"https:\/\/schema.org","@graph":[{"@type":"WebSite","@id":"https:\/\/www.lilleoru.ee\/et\/#website","url":"https:\/\/www.lilleoru.ee\/et\/","name":"Lilleoru","description":"","potentialAction":[{"@type":"SearchAction","target":{"@type":"EntryPoint","urlTemplate":"https:\/\/www.lilleoru.ee\/et\/?s={search_term_string}"},"query-input":"required name=search_term_string"}],"inLanguage":"et"},{"@type":"ImageObject","inLanguage":"et","@id":"https:\/\/www.lilleoru.ee\/et\/ruumide-rent-loodusfotograafia-luhikursus\/#primaryimage","url":"https:\/\/www.lilleoru.ee\/wp-content\/uploads\/2022\/06\/198520732_5611925082211388_8324286902669098711_n.jpg","contentUrl":"https:\/\/www.lilleoru.ee\/wp-content\/uploads\/2022\/06\/198520732_5611925082211388_8324286902669098711_n.jpg","width":1553,"height":1034,"caption":"Aimar S\u00e4\u00e4rits"},{"@type":"WebPage","@id":"https:\/\/www.lilleoru.ee\/et\/ruumide-rent-loodusfotograafia-luhikursus\/#webpage","url":"https:\/\/www.lilleoru.ee\/et\/ruumide-rent-loodusfotograafia-luhikursus\/","name":"Loodusfotograafia l\u00fchikursus - Lilleoru","isPartOf":{"@id":"https:\/\/www.lilleoru.ee\/et\/#website"},"primaryImageOfPage":{"@id":"https:\/\/www.lilleoru.ee\/et\/ruumide-rent-loodusfotograafia-luhikursus\/#primaryimage"},"datePublished":"2022-06-20T18:42:50+00:00","dateModified":"2022-10-29T19:22:16+00:00","description":"Koolitusp\u00e4eva rikastamiseks pakume erinevaid koolitusi, loenguid ja t\u00f6\u00f6tubasid, et toetada inimese teadlikku arengut ja enesejuhtimise oskuseid.","breadcrumb":{"@id":"https:\/\/www.lilleoru.ee\/et\/ruumide-rent-loodusfotograafia-luhikursus\/#breadcrumb"},"inLanguage":"et","potentialAction":[{"@type":"ReadAction","target":["https:\/\/www.lilleoru.ee\/et\/ruumide-rent-loodusfotograafia-luhikursus\/"]}]},{"@type":"BreadcrumbList","@id":"https:\/\/www.lilleoru.ee\/et\/ruumide-rent-loodusfotograafia-luhikursus\/#breadcrumb","itemListElement":[{"@type":"ListItem","position":1,"name":"Home","item":"https:\/\/www.lilleoru.ee\/et\/"},{"@type":"ListItem","position":2,"name":"Loodusfotograafia l\u00fchikursus"}]}]}},"_links":{"self":[{"href":"https:\/\/www.lilleoru.ee\/et\/wp-json\/wp\/v2\/pages\/3366"}],"collection":[{"href":"https:\/\/www.lilleoru.ee\/et\/wp-json\/wp\/v2\/pages"}],"about":[{"href":"https:\/\/www.lilleoru.ee\/et\/wp-json\/wp\/v2\/types\/page"}],"author":[{"embeddable":true,"href":"https:\/\/www.lilleoru.ee\/et\/wp-json\/wp\/v2\/users\/11"}],"replies":[{"embeddable":true,"href":"https:\/\/www.lilleoru.ee\/et\/wp-json\/wp\/v2\/comments?post=3366"}],"version-history":[{"count":27,"href":"https:\/\/www.lilleoru.ee\/et\/wp-json\/wp\/v2\/pages\/3366\/revisions"}],"predecessor-version":[{"id":4442,"href":"https:\/\/www.lilleoru.ee\/et\/wp-json\/wp\/v2\/pages\/3366\/revisions\/4442"}],"wp:attachment":[{"href":"https:\/\/www.lilleoru.ee\/et\/wp-json\/wp\/v2\/media?parent=3366"}],"curies":[{"name":"wp","href":"https:\/\/api.w.org\/{rel}","templated":true}]}}