{"id":3397,"date":"2022-06-20T22:03:30","date_gmt":"2022-06-20T19:03:30","guid":{"rendered":"https:\/\/www.lilleoru.ee\/?page_id=3397"},"modified":"2024-02-28T11:35:58","modified_gmt":"2024-02-28T09:35:58","slug":"ruumide-rent-ravimtaimede-tootuba","status":"publish","type":"page","link":"https:\/\/www.lilleoru.ee\/et\/ruumide-rent-ravimtaimede-tootuba\/","title":{"rendered":"Ravimtaimede t\u00f6\u00f6tuba"},"content":{"rendered":"<p>Tule avasta ravimtaimede v\u00e4gi! Jagame teadmisi millal, kuidas ja milliseid taimi korjata, lisaks n\u00f5uandeid ja t\u00e4helepanekuid meie taimetargalt. Tutvustame Elulillel kasvatavaid ravimtaimi, nende kasulikkust ja v\u00e4ekust ning \u00f5petame valmistama kodust napsu ja tinktuure. Loomulikult maitseme \u00fcheskoos Elulille teesid!<\/p>\n<ul>\n<li><strong>TINKTUURIDE VALMISTAMINE<\/strong><\/li>\n<\/ul>\n<p>T\u00f6\u00f6toas \u00f5pite valmistama klassikalisel meetodil tinktuuri v\u00e4rskelt korjatud v\u00e4ekatest Lilleoru ravimtaimedest. Seal selgub ka tinktuuri oluline eelis teiste ravimivormide ees.<\/p>\n<p>Grupi suurus\u00a0kuni 20 inimest<br \/>\nKestus:\u00a01-1,5 t<br \/>\nL\u00e4biviija:\u00a0taimetark Maret Makko<\/p>\n<ul>\n<li><strong>KODUSE NAPSI VALMISTAMINE<\/strong><\/li>\n<\/ul>\n<p>Kes ei sooviks oma k\u00fclalisi kostitada enda valmistatud tervisliku napsiga? T\u00f6\u00f6toas \u00f5pime kodusel meetodil napsi valmistama ja vaatame, milliste t\u00e4htp\u00e4evade puhul neid valmistada. Napside valmistamise v\u00f5imalused (suvisel ajal). J\u00f5ulunapsi valmistamine (s\u00fcgisesel ajal).<\/p>\n<p>Grupi suurus\u00a0kuni 20 inimest<br \/>\nAeg:\u00a0suvi\/s\u00fcgis<br \/>\nKestus:\u00a01-1,5 t<br \/>\nL\u00e4biviija:\u00a0taimetark Maret Makko<\/p>\n<ul>\n<li><strong>MILLISEID RAVIMTAIMI VALIDA KODUAPTEEKI<\/strong><\/li>\n<\/ul>\n<p>Tutvume Lilleoru ravimtaimedega ja \u00f5pime tundma, millised taimed v\u00f5iksid olla meie koduapteegis. V\u00e4ike taimemeditatsioon. Soovi korral saab taimi kaasa korjata.<\/p>\n<p>Grupi suurus\u00a0kuni 20 inimest<br \/>\nAeg:\u00a0juuli-oktoober<br \/>\nKestus:\u00a01-1,5 t<br \/>\nL\u00e4biviija:\u00a0taimetark Maret Makko<\/p>\n<ul>\n<li><strong>TEESEGU VALMISTAMINE<\/strong><\/li>\n<\/ul>\n<p>\u00d5pime, kuidas korjata, kuivatada taimi ja valmistada endale sobiv teesegu.<br \/>\nValikus 5-7 komponenti, millest teesegu valmistada. Milliseid komponente kokku panna?<\/p>\n<p>Grupi suurus kuni 20 inimest<br \/>\nAeg:\u00a0september-detsember<br \/>\nKestus:\u00a01-1,5 t<br \/>\nL\u00e4biviija: K\u00fcllike Gergents (Neili)<\/p>\n<hr \/>\n<p><strong>Koolitaja: TAIMETARK MARET MAKKO<\/strong><\/p>\n<p>Maret Makko \u00f5ppis Tallinna Meditsiinikoolis apteekriks ja on seda ametit pidanud \u00fcle 35 aasta. Ta on t\u00f6\u00f6tanud apteegi k\u00f5ikides valdkondades, omades laiap\u00f5hjalist \u00fclevaadet t\u00f6\u00f6 spetsiifikast ning farmatseudina on ta l\u00e4binud mitmeid erialaseid ravimifirmade, Farmaatsiaseltsi ning Apteekrite Liidu poolt korraldatud t\u00e4iendkoolitusi. Paralleelselt apteegit\u00f6\u00f6le on Maret Makko l\u00e4bi elu tegelenud taimedega \u2013 teadmisi taimede kohta andsid talle ravitsejast ema ja muidugi elu looduses. Praegu on ta armastatud taimetark.<\/p>\n<div id=\"attachment_3402\" style=\"width: 710px\" class=\"wp-caption aligncenter\"><img aria-describedby=\"caption-attachment-3402\" loading=\"lazy\" class=\"wp-image-3402\" src=\"https:\/\/www.lilleoru.ee\/wp-content\/uploads\/2022\/06\/66468918_2641640199203378_3344584672272187392_n-1024x1024.jpg\" alt=\"\" width=\"700\" height=\"700\" srcset=\"https:\/\/www.lilleoru.ee\/wp-content\/uploads\/2022\/06\/66468918_2641640199203378_3344584672272187392_n-1024x1024.jpg 1024w, https:\/\/www.lilleoru.ee\/wp-content\/uploads\/2022\/06\/66468918_2641640199203378_3344584672272187392_n-300x300.jpg 300w, https:\/\/www.lilleoru.ee\/wp-content\/uploads\/2022\/06\/66468918_2641640199203378_3344584672272187392_n-150x150.jpg 150w, https:\/\/www.lilleoru.ee\/wp-content\/uploads\/2022\/06\/66468918_2641640199203378_3344584672272187392_n-768x767.jpg 768w, https:\/\/www.lilleoru.ee\/wp-content\/uploads\/2022\/06\/66468918_2641640199203378_3344584672272187392_n-350x350.jpg 350w, https:\/\/www.lilleoru.ee\/wp-content\/uploads\/2022\/06\/66468918_2641640199203378_3344584672272187392_n-950x950.jpg 950w, https:\/\/www.lilleoru.ee\/wp-content\/uploads\/2022\/06\/66468918_2641640199203378_3344584672272187392_n.jpg 1404w\" sizes=\"(max-width: 700px) 100vw, 700px\" \/><p id=\"caption-attachment-3402\" class=\"wp-caption-text\">Maret Makko<\/p><\/div>\n<p>&nbsp;<\/p>\n<p><a href=\"https:\/\/www.lilleoru.ee\/ruumide-rent-lilleoru-tootoad\/\">Tagasi t\u00f6\u00f6tubadega<\/a>\u00a0tutvuma.<\/p>\n<p><a href=\"https:\/\/www.lilleoru.ee\/ruumide-rent\/\">Tagasi ruumidega<\/a>\u00a0tutvuma.<\/p>\n","protected":false},"excerpt":{"rendered":"<p>Tule avasta ravimtaimede v\u00e4gi! Jagame teadmisi millal, kuidas ja milliseid taimi korjata, lisaks n\u00f5uandeid ja t\u00e4helepanekuid meie taimetargalt. Tutvustame Elulillel kasvatavaid ravimtaimi, nende kasulikkust ja v\u00e4ekust ning \u00f5petame valmistama kodust napsu ja tinktuure. Loomulikult maitseme \u00fcheskoos Elulille teesid! TINKTUURIDE VALMISTAMINE T\u00f6\u00f6toas \u00f5pite valmistama klassikalisel meetodil tinktuuri v\u00e4rskelt korjatud v\u00e4ekatest Lilleoru ravimtaimedest. Seal selgub ka tinktuuri [&hellip;]<\/p>\n","protected":false},"author":11,"featured_media":0,"parent":0,"menu_order":0,"comment_status":"closed","ping_status":"closed","template":"","meta":{"inline_featured_image":false},"acf":[],"yoast_head":"<!-- This site is optimized with the Yoast SEO plugin v19.0 - https:\/\/yoast.com\/wordpress\/plugins\/seo\/ -->\n<title>Ravimtaimede t\u00f6\u00f6tuba - Lilleoru<\/title>\n<meta name=\"description\" content=\"Koolitusp\u00e4eva rikastamiseks pakume erinevaid koolitusi, loenguid ja t\u00f6\u00f6tubasid, et toetada inimese teadlikku arengut ja enesejuhtimise oskuseid.\" \/>\n<meta name=\"robots\" content=\"index, follow, max-snippet:-1, max-image-preview:large, max-video-preview:-1\" \/>\n<link rel=\"canonical\" href=\"https:\/\/www.lilleoru.ee\/et\/ruumide-rent-ravimtaimede-tootuba\/\" \/>\n<meta property=\"og:locale\" content=\"et_EE\" \/>\n<meta property=\"og:type\" content=\"article\" \/>\n<meta property=\"og:title\" content=\"Ravimtaimede t\u00f6\u00f6tuba - Lilleoru\" \/>\n<meta property=\"og:description\" content=\"Koolitusp\u00e4eva rikastamiseks pakume erinevaid koolitusi, loenguid ja t\u00f6\u00f6tubasid, et toetada inimese teadlikku arengut ja enesejuhtimise oskuseid.\" \/>\n<meta property=\"og:url\" content=\"https:\/\/www.lilleoru.ee\/et\/ruumide-rent-ravimtaimede-tootuba\/\" \/>\n<meta property=\"og:site_name\" content=\"Lilleoru\" \/>\n<meta property=\"article:publisher\" content=\"https:\/\/www.facebook.com\/lilleoru\" \/>\n<meta property=\"article:modified_time\" content=\"2024-02-28T09:35:58+00:00\" \/>\n<meta property=\"og:image\" content=\"https:\/\/www.lilleoru.ee\/wp-content\/uploads\/2022\/06\/66468918_2641640199203378_3344584672272187392_n-1024x1024.jpg\" \/>\n<meta name=\"twitter:card\" content=\"summary_large_image\" \/>\n<meta name=\"twitter:label1\" content=\"Est. reading time\" \/>\n\t<meta name=\"twitter:data1\" content=\"2 minutit\" \/>\n<script type=\"application\/ld+json\" class=\"yoast-schema-graph\">{\"@context\":\"https:\/\/schema.org\",\"@graph\":[{\"@type\":\"WebSite\",\"@id\":\"https:\/\/www.lilleoru.ee\/et\/#website\",\"url\":\"https:\/\/www.lilleoru.ee\/et\/\",\"name\":\"Lilleoru\",\"description\":\"\",\"potentialAction\":[{\"@type\":\"SearchAction\",\"target\":{\"@type\":\"EntryPoint\",\"urlTemplate\":\"https:\/\/www.lilleoru.ee\/et\/?s={search_term_string}\"},\"query-input\":\"required name=search_term_string\"}],\"inLanguage\":\"et\"},{\"@type\":\"ImageObject\",\"inLanguage\":\"et\",\"@id\":\"https:\/\/www.lilleoru.ee\/et\/ruumide-rent-ravimtaimede-tootuba\/#primaryimage\",\"url\":\"https:\/\/www.lilleoru.ee\/wp-content\/uploads\/2022\/06\/66468918_2641640199203378_3344584672272187392_n.jpg\",\"contentUrl\":\"https:\/\/www.lilleoru.ee\/wp-content\/uploads\/2022\/06\/66468918_2641640199203378_3344584672272187392_n.jpg\",\"width\":1404,\"height\":1403,\"caption\":\"Maret Makko\"},{\"@type\":\"WebPage\",\"@id\":\"https:\/\/www.lilleoru.ee\/et\/ruumide-rent-ravimtaimede-tootuba\/#webpage\",\"url\":\"https:\/\/www.lilleoru.ee\/et\/ruumide-rent-ravimtaimede-tootuba\/\",\"name\":\"Ravimtaimede t\u00f6\u00f6tuba - Lilleoru\",\"isPartOf\":{\"@id\":\"https:\/\/www.lilleoru.ee\/et\/#website\"},\"primaryImageOfPage\":{\"@id\":\"https:\/\/www.lilleoru.ee\/et\/ruumide-rent-ravimtaimede-tootuba\/#primaryimage\"},\"datePublished\":\"2022-06-20T19:03:30+00:00\",\"dateModified\":\"2024-02-28T09:35:58+00:00\",\"description\":\"Koolitusp\u00e4eva rikastamiseks pakume erinevaid koolitusi, loenguid ja t\u00f6\u00f6tubasid, et toetada inimese teadlikku arengut ja enesejuhtimise oskuseid.\",\"breadcrumb\":{\"@id\":\"https:\/\/www.lilleoru.ee\/et\/ruumide-rent-ravimtaimede-tootuba\/#breadcrumb\"},\"inLanguage\":\"et\",\"potentialAction\":[{\"@type\":\"ReadAction\",\"target\":[\"https:\/\/www.lilleoru.ee\/et\/ruumide-rent-ravimtaimede-tootuba\/\"]}]},{\"@type\":\"BreadcrumbList\",\"@id\":\"https:\/\/www.lilleoru.ee\/et\/ruumide-rent-ravimtaimede-tootuba\/#breadcrumb\",\"itemListElement\":[{\"@type\":\"ListItem\",\"position\":1,\"name\":\"Home\",\"item\":\"https:\/\/www.lilleoru.ee\/et\/\"},{\"@type\":\"ListItem\",\"position\":2,\"name\":\"Ravimtaimede t\u00f6\u00f6tuba\"}]}]}<\/script>\n<!-- \/ Yoast SEO plugin. -->","yoast_head_json":{"title":"Ravimtaimede t\u00f6\u00f6tuba - Lilleoru","description":"Koolitusp\u00e4eva rikastamiseks pakume erinevaid koolitusi, loenguid ja t\u00f6\u00f6tubasid, et toetada inimese teadlikku arengut ja enesejuhtimise oskuseid.","robots":{"index":"index","follow":"follow","max-snippet":"max-snippet:-1","max-image-preview":"max-image-preview:large","max-video-preview":"max-video-preview:-1"},"canonical":"https:\/\/www.lilleoru.ee\/et\/ruumide-rent-ravimtaimede-tootuba\/","og_locale":"et_EE","og_type":"article","og_title":"Ravimtaimede t\u00f6\u00f6tuba - Lilleoru","og_description":"Koolitusp\u00e4eva rikastamiseks pakume erinevaid koolitusi, loenguid ja t\u00f6\u00f6tubasid, et toetada inimese teadlikku arengut ja enesejuhtimise oskuseid.","og_url":"https:\/\/www.lilleoru.ee\/et\/ruumide-rent-ravimtaimede-tootuba\/","og_site_name":"Lilleoru","article_publisher":"https:\/\/www.facebook.com\/lilleoru","article_modified_time":"2024-02-28T09:35:58+00:00","og_image":[{"url":"https:\/\/www.lilleoru.ee\/wp-content\/uploads\/2022\/06\/66468918_2641640199203378_3344584672272187392_n-1024x1024.jpg"}],"twitter_card":"summary_large_image","twitter_misc":{"Est. reading time":"2 minutit"},"schema":{"@context":"https:\/\/schema.org","@graph":[{"@type":"WebSite","@id":"https:\/\/www.lilleoru.ee\/et\/#website","url":"https:\/\/www.lilleoru.ee\/et\/","name":"Lilleoru","description":"","potentialAction":[{"@type":"SearchAction","target":{"@type":"EntryPoint","urlTemplate":"https:\/\/www.lilleoru.ee\/et\/?s={search_term_string}"},"query-input":"required name=search_term_string"}],"inLanguage":"et"},{"@type":"ImageObject","inLanguage":"et","@id":"https:\/\/www.lilleoru.ee\/et\/ruumide-rent-ravimtaimede-tootuba\/#primaryimage","url":"https:\/\/www.lilleoru.ee\/wp-content\/uploads\/2022\/06\/66468918_2641640199203378_3344584672272187392_n.jpg","contentUrl":"https:\/\/www.lilleoru.ee\/wp-content\/uploads\/2022\/06\/66468918_2641640199203378_3344584672272187392_n.jpg","width":1404,"height":1403,"caption":"Maret Makko"},{"@type":"WebPage","@id":"https:\/\/www.lilleoru.ee\/et\/ruumide-rent-ravimtaimede-tootuba\/#webpage","url":"https:\/\/www.lilleoru.ee\/et\/ruumide-rent-ravimtaimede-tootuba\/","name":"Ravimtaimede t\u00f6\u00f6tuba - Lilleoru","isPartOf":{"@id":"https:\/\/www.lilleoru.ee\/et\/#website"},"primaryImageOfPage":{"@id":"https:\/\/www.lilleoru.ee\/et\/ruumide-rent-ravimtaimede-tootuba\/#primaryimage"},"datePublished":"2022-06-20T19:03:30+00:00","dateModified":"2024-02-28T09:35:58+00:00","description":"Koolitusp\u00e4eva rikastamiseks pakume erinevaid koolitusi, loenguid ja t\u00f6\u00f6tubasid, et toetada inimese teadlikku arengut ja enesejuhtimise oskuseid.","breadcrumb":{"@id":"https:\/\/www.lilleoru.ee\/et\/ruumide-rent-ravimtaimede-tootuba\/#breadcrumb"},"inLanguage":"et","potentialAction":[{"@type":"ReadAction","target":["https:\/\/www.lilleoru.ee\/et\/ruumide-rent-ravimtaimede-tootuba\/"]}]},{"@type":"BreadcrumbList","@id":"https:\/\/www.lilleoru.ee\/et\/ruumide-rent-ravimtaimede-tootuba\/#breadcrumb","itemListElement":[{"@type":"ListItem","position":1,"name":"Home","item":"https:\/\/www.lilleoru.ee\/et\/"},{"@type":"ListItem","position":2,"name":"Ravimtaimede t\u00f6\u00f6tuba"}]}]}},"_links":{"self":[{"href":"https:\/\/www.lilleoru.ee\/et\/wp-json\/wp\/v2\/pages\/3397"}],"collection":[{"href":"https:\/\/www.lilleoru.ee\/et\/wp-json\/wp\/v2\/pages"}],"about":[{"href":"https:\/\/www.lilleoru.ee\/et\/wp-json\/wp\/v2\/types\/page"}],"author":[{"embeddable":true,"href":"https:\/\/www.lilleoru.ee\/et\/wp-json\/wp\/v2\/users\/11"}],"replies":[{"embeddable":true,"href":"https:\/\/www.lilleoru.ee\/et\/wp-json\/wp\/v2\/comments?post=3397"}],"version-history":[{"count":21,"href":"https:\/\/www.lilleoru.ee\/et\/wp-json\/wp\/v2\/pages\/3397\/revisions"}],"predecessor-version":[{"id":5458,"href":"https:\/\/www.lilleoru.ee\/et\/wp-json\/wp\/v2\/pages\/3397\/revisions\/5458"}],"wp:attachment":[{"href":"https:\/\/www.lilleoru.ee\/et\/wp-json\/wp\/v2\/media?parent=3397"}],"curies":[{"name":"wp","href":"https:\/\/api.w.org\/{rel}","templated":true}]}}