{"id":3423,"date":"2022-06-20T22:22:40","date_gmt":"2022-06-20T19:22:40","guid":{"rendered":"https:\/\/www.lilleoru.ee\/?page_id=3423"},"modified":"2022-10-29T22:41:36","modified_gmt":"2022-10-29T19:41:36","slug":"ruumide-rent-keraamika-tootuba","status":"publish","type":"page","link":"https:\/\/www.lilleoru.ee\/et\/ruumide-rent-keraamika-tootuba\/","title":{"rendered":"Keraamika t\u00f6\u00f6tuba"},"content":{"rendered":"<p>Savi on looduslik materjal, mis on moodustunud maap\u00f5ues sadade miljonite aastate jooksul.\u00a0Savist voolimine on v\u00e4ga eriline, stressimaandav ja inspireeriv k\u00e4eline tegevus, eriti Lilleoru tervendavas \u00f5hustikus.\u00a0H\u00e4\u00e4lestumiseks tutvustab juhendaja savi ja keraamikat ning nende ajalugu. \u00a0Seej\u00e4rel voolime juhendaja abiga endale soovitud eseme.<\/p>\n<p><strong>Koolitusel saab:<\/strong><\/p>\n<ul>\n<li>savist voolida ja kaunistada oma tee- v\u00f5i kohvikruusi, kausi, k\u00fc\u00fcnla- v\u00f5i seebialuse v\u00f5i vaasi;<\/li>\n<li>voolida terve grupiga \u00fchist vaagnat v\u00f5i suurt vaasi;<\/li>\n<li>modelli j\u00e4rgi figuuri voolimine savist;<\/li>\n<li>savist kuumaaluse voolimine ja kaunistamine;<\/li>\n<li>Lilleoru \u00f5hustikus oma mandala voolimine savist;<\/li>\n<li>ingli ja taime motiividega taldriku ja looma voolimine.<\/li>\n<\/ul>\n<p>K\u00f5ik esemed glasuurime ning p\u00f5letame.<\/p>\n<p>Grupi suurus\u00a0kuni 30 inimest<\/p>\n<p><strong>Kestus:<\/strong> 1\u20132 t<\/p>\n<hr \/>\n<p><strong>KERAAMIK STINA VALGMA<\/strong><\/p>\n<p>Stina on l\u00f5petanud Eesti Kunstiakadeemia keraamika osakonna ja t\u00f6\u00f6tanud keraamikuna \u00fcle 20 aasta. Ta korraldab keraamika t\u00f6\u00f6tubasid t\u00e4iskasvanutele ja lastele. Samuti \u00f5petab ta lapsi Lilleoru P\u00f5hikoolis ja on Lilleoru kogukonna liige aastast 1998.<\/p>\n<div id=\"attachment_3424\" style=\"width: 710px\" class=\"wp-caption aligncenter\"><img aria-describedby=\"caption-attachment-3424\" loading=\"lazy\" class=\"wp-image-3424\" src=\"https:\/\/www.lilleoru.ee\/wp-content\/uploads\/2022\/06\/Stina.jpg\" alt=\"\" width=\"700\" height=\"825\" srcset=\"https:\/\/www.lilleoru.ee\/wp-content\/uploads\/2022\/06\/Stina.jpg 772w, https:\/\/www.lilleoru.ee\/wp-content\/uploads\/2022\/06\/Stina-255x300.jpg 255w, https:\/\/www.lilleoru.ee\/wp-content\/uploads\/2022\/06\/Stina-768x905.jpg 768w\" sizes=\"(max-width: 700px) 100vw, 700px\" \/><p id=\"caption-attachment-3424\" class=\"wp-caption-text\">Stina Valgma<\/p><\/div>\n<p><strong>KERAAMIK MADLI V\u00c4LI<\/strong><\/p>\n<p>Madli on l\u00e4binud Eesti Kunstiakadeemia disaini ja rakenduskunsti magistri\u00f5ppe. \u00dcle k\u00fcmne aasta on tegutsenud keraamikuna ja t\u00f6\u00f6tanud Vanalinna Hariduskolleegiumis\u00a0keraamika \u00f5petajana. Korraldab t\u00f6\u00f6tubasid nii t\u00e4iskasvanutele kui lastele. Valmistab ise keraamilisi n\u00f5usid ja v\u00f5tab vastu tellimusi. Oma loomingut valmistab Lilleorus asuvas keraamika t\u00f6\u00f6kojas.<\/p>\n<div id=\"attachment_4239\" style=\"width: 710px\" class=\"wp-caption aligncenter\"><img aria-describedby=\"caption-attachment-4239\" loading=\"lazy\" class=\"wp-image-4239\" src=\"https:\/\/www.lilleoru.ee\/wp-content\/uploads\/2022\/09\/madli-2-300x200.jpg\" alt=\"\" width=\"700\" height=\"467\" srcset=\"https:\/\/www.lilleoru.ee\/wp-content\/uploads\/2022\/09\/madli-2-300x200.jpg 300w, https:\/\/www.lilleoru.ee\/wp-content\/uploads\/2022\/09\/madli-2-1024x683.jpg 1024w, https:\/\/www.lilleoru.ee\/wp-content\/uploads\/2022\/09\/madli-2-768x512.jpg 768w, https:\/\/www.lilleoru.ee\/wp-content\/uploads\/2022\/09\/madli-2-1536x1024.jpg 1536w, https:\/\/www.lilleoru.ee\/wp-content\/uploads\/2022\/09\/madli-2-2048x1365.jpg 2048w\" sizes=\"(max-width: 700px) 100vw, 700px\" \/><p id=\"caption-attachment-4239\" class=\"wp-caption-text\">Madli V\u00e4li<\/p><\/div>\n<p>&nbsp;<\/p>\n<p>&nbsp;<\/p>\n<p><a href=\"https:\/\/www.lilleoru.ee\/ruumide-rent-lilleoru-tootoad\/\">Tagasi t\u00f6\u00f6tubadega<\/a>\u00a0tutvuma.<\/p>\n<p><a href=\"https:\/\/www.lilleoru.ee\/ruumide-rent\/\">Tagasi ruumidega<\/a>\u00a0tutvuma.<\/p>\n","protected":false},"excerpt":{"rendered":"<p>Savi on looduslik materjal, mis on moodustunud maap\u00f5ues sadade miljonite aastate jooksul.\u00a0Savist voolimine on v\u00e4ga eriline, stressimaandav ja inspireeriv k\u00e4eline tegevus, eriti Lilleoru tervendavas \u00f5hustikus.\u00a0H\u00e4\u00e4lestumiseks tutvustab juhendaja savi ja keraamikat ning nende ajalugu. \u00a0Seej\u00e4rel voolime juhendaja abiga endale soovitud eseme. Koolitusel saab: savist voolida ja kaunistada oma tee- v\u00f5i kohvikruusi, kausi, k\u00fc\u00fcnla- v\u00f5i seebialuse v\u00f5i [&hellip;]<\/p>\n","protected":false},"author":11,"featured_media":0,"parent":0,"menu_order":0,"comment_status":"closed","ping_status":"closed","template":"","meta":{"inline_featured_image":false},"acf":[],"yoast_head":"<!-- This site is optimized with the Yoast SEO plugin v19.0 - https:\/\/yoast.com\/wordpress\/plugins\/seo\/ -->\n<title>Keraamika t\u00f6\u00f6tuba - Lilleoru<\/title>\n<meta name=\"description\" content=\"Koolitusp\u00e4eva rikastamiseks pakume erinevaid koolitusi ja loenguid, et toetada inimese teadlikku arengut ja enesejuhtimise oskuseid.\" \/>\n<meta name=\"robots\" content=\"index, follow, max-snippet:-1, max-image-preview:large, max-video-preview:-1\" \/>\n<link rel=\"canonical\" href=\"https:\/\/www.lilleoru.ee\/et\/ruumide-rent-keraamika-tootuba\/\" \/>\n<meta property=\"og:locale\" content=\"et_EE\" \/>\n<meta property=\"og:type\" content=\"article\" \/>\n<meta property=\"og:title\" content=\"Keraamika t\u00f6\u00f6tuba - Lilleoru\" \/>\n<meta property=\"og:description\" content=\"Koolitusp\u00e4eva rikastamiseks pakume erinevaid koolitusi ja loenguid, et toetada inimese teadlikku arengut ja enesejuhtimise oskuseid.\" \/>\n<meta property=\"og:url\" content=\"https:\/\/www.lilleoru.ee\/et\/ruumide-rent-keraamika-tootuba\/\" \/>\n<meta property=\"og:site_name\" content=\"Lilleoru\" \/>\n<meta property=\"article:publisher\" content=\"https:\/\/www.facebook.com\/lilleoru\" \/>\n<meta property=\"article:modified_time\" content=\"2022-10-29T19:41:36+00:00\" \/>\n<meta property=\"og:image\" content=\"https:\/\/www.lilleoru.ee\/wp-content\/uploads\/2022\/06\/Stina.jpg\" \/>\n<meta name=\"twitter:card\" content=\"summary_large_image\" \/>\n<meta name=\"twitter:label1\" content=\"Est. reading time\" \/>\n\t<meta name=\"twitter:data1\" content=\"2 minutit\" \/>\n<script type=\"application\/ld+json\" class=\"yoast-schema-graph\">{\"@context\":\"https:\/\/schema.org\",\"@graph\":[{\"@type\":\"WebSite\",\"@id\":\"https:\/\/www.lilleoru.ee\/et\/#website\",\"url\":\"https:\/\/www.lilleoru.ee\/et\/\",\"name\":\"Lilleoru\",\"description\":\"\",\"potentialAction\":[{\"@type\":\"SearchAction\",\"target\":{\"@type\":\"EntryPoint\",\"urlTemplate\":\"https:\/\/www.lilleoru.ee\/et\/?s={search_term_string}\"},\"query-input\":\"required name=search_term_string\"}],\"inLanguage\":\"et\"},{\"@type\":\"ImageObject\",\"inLanguage\":\"et\",\"@id\":\"https:\/\/www.lilleoru.ee\/et\/ruumide-rent-keraamika-tootuba\/#primaryimage\",\"url\":\"https:\/\/www.lilleoru.ee\/wp-content\/uploads\/2022\/06\/Stina.jpg\",\"contentUrl\":\"https:\/\/www.lilleoru.ee\/wp-content\/uploads\/2022\/06\/Stina.jpg\",\"width\":772,\"height\":910,\"caption\":\"Stina Valgma\"},{\"@type\":\"WebPage\",\"@id\":\"https:\/\/www.lilleoru.ee\/et\/ruumide-rent-keraamika-tootuba\/#webpage\",\"url\":\"https:\/\/www.lilleoru.ee\/et\/ruumide-rent-keraamika-tootuba\/\",\"name\":\"Keraamika t\u00f6\u00f6tuba - Lilleoru\",\"isPartOf\":{\"@id\":\"https:\/\/www.lilleoru.ee\/et\/#website\"},\"primaryImageOfPage\":{\"@id\":\"https:\/\/www.lilleoru.ee\/et\/ruumide-rent-keraamika-tootuba\/#primaryimage\"},\"datePublished\":\"2022-06-20T19:22:40+00:00\",\"dateModified\":\"2022-10-29T19:41:36+00:00\",\"description\":\"Koolitusp\u00e4eva rikastamiseks pakume erinevaid koolitusi ja loenguid, et toetada inimese teadlikku arengut ja enesejuhtimise oskuseid.\",\"breadcrumb\":{\"@id\":\"https:\/\/www.lilleoru.ee\/et\/ruumide-rent-keraamika-tootuba\/#breadcrumb\"},\"inLanguage\":\"et\",\"potentialAction\":[{\"@type\":\"ReadAction\",\"target\":[\"https:\/\/www.lilleoru.ee\/et\/ruumide-rent-keraamika-tootuba\/\"]}]},{\"@type\":\"BreadcrumbList\",\"@id\":\"https:\/\/www.lilleoru.ee\/et\/ruumide-rent-keraamika-tootuba\/#breadcrumb\",\"itemListElement\":[{\"@type\":\"ListItem\",\"position\":1,\"name\":\"Home\",\"item\":\"https:\/\/www.lilleoru.ee\/et\/\"},{\"@type\":\"ListItem\",\"position\":2,\"name\":\"Keraamika t\u00f6\u00f6tuba\"}]}]}<\/script>\n<!-- \/ Yoast SEO plugin. -->","yoast_head_json":{"title":"Keraamika t\u00f6\u00f6tuba - Lilleoru","description":"Koolitusp\u00e4eva rikastamiseks pakume erinevaid koolitusi ja loenguid, et toetada inimese teadlikku arengut ja enesejuhtimise oskuseid.","robots":{"index":"index","follow":"follow","max-snippet":"max-snippet:-1","max-image-preview":"max-image-preview:large","max-video-preview":"max-video-preview:-1"},"canonical":"https:\/\/www.lilleoru.ee\/et\/ruumide-rent-keraamika-tootuba\/","og_locale":"et_EE","og_type":"article","og_title":"Keraamika t\u00f6\u00f6tuba - Lilleoru","og_description":"Koolitusp\u00e4eva rikastamiseks pakume erinevaid koolitusi ja loenguid, et toetada inimese teadlikku arengut ja enesejuhtimise oskuseid.","og_url":"https:\/\/www.lilleoru.ee\/et\/ruumide-rent-keraamika-tootuba\/","og_site_name":"Lilleoru","article_publisher":"https:\/\/www.facebook.com\/lilleoru","article_modified_time":"2022-10-29T19:41:36+00:00","og_image":[{"url":"https:\/\/www.lilleoru.ee\/wp-content\/uploads\/2022\/06\/Stina.jpg"}],"twitter_card":"summary_large_image","twitter_misc":{"Est. reading time":"2 minutit"},"schema":{"@context":"https:\/\/schema.org","@graph":[{"@type":"WebSite","@id":"https:\/\/www.lilleoru.ee\/et\/#website","url":"https:\/\/www.lilleoru.ee\/et\/","name":"Lilleoru","description":"","potentialAction":[{"@type":"SearchAction","target":{"@type":"EntryPoint","urlTemplate":"https:\/\/www.lilleoru.ee\/et\/?s={search_term_string}"},"query-input":"required name=search_term_string"}],"inLanguage":"et"},{"@type":"ImageObject","inLanguage":"et","@id":"https:\/\/www.lilleoru.ee\/et\/ruumide-rent-keraamika-tootuba\/#primaryimage","url":"https:\/\/www.lilleoru.ee\/wp-content\/uploads\/2022\/06\/Stina.jpg","contentUrl":"https:\/\/www.lilleoru.ee\/wp-content\/uploads\/2022\/06\/Stina.jpg","width":772,"height":910,"caption":"Stina Valgma"},{"@type":"WebPage","@id":"https:\/\/www.lilleoru.ee\/et\/ruumide-rent-keraamika-tootuba\/#webpage","url":"https:\/\/www.lilleoru.ee\/et\/ruumide-rent-keraamika-tootuba\/","name":"Keraamika t\u00f6\u00f6tuba - Lilleoru","isPartOf":{"@id":"https:\/\/www.lilleoru.ee\/et\/#website"},"primaryImageOfPage":{"@id":"https:\/\/www.lilleoru.ee\/et\/ruumide-rent-keraamika-tootuba\/#primaryimage"},"datePublished":"2022-06-20T19:22:40+00:00","dateModified":"2022-10-29T19:41:36+00:00","description":"Koolitusp\u00e4eva rikastamiseks pakume erinevaid koolitusi ja loenguid, et toetada inimese teadlikku arengut ja enesejuhtimise oskuseid.","breadcrumb":{"@id":"https:\/\/www.lilleoru.ee\/et\/ruumide-rent-keraamika-tootuba\/#breadcrumb"},"inLanguage":"et","potentialAction":[{"@type":"ReadAction","target":["https:\/\/www.lilleoru.ee\/et\/ruumide-rent-keraamika-tootuba\/"]}]},{"@type":"BreadcrumbList","@id":"https:\/\/www.lilleoru.ee\/et\/ruumide-rent-keraamika-tootuba\/#breadcrumb","itemListElement":[{"@type":"ListItem","position":1,"name":"Home","item":"https:\/\/www.lilleoru.ee\/et\/"},{"@type":"ListItem","position":2,"name":"Keraamika t\u00f6\u00f6tuba"}]}]}},"_links":{"self":[{"href":"https:\/\/www.lilleoru.ee\/et\/wp-json\/wp\/v2\/pages\/3423"}],"collection":[{"href":"https:\/\/www.lilleoru.ee\/et\/wp-json\/wp\/v2\/pages"}],"about":[{"href":"https:\/\/www.lilleoru.ee\/et\/wp-json\/wp\/v2\/types\/page"}],"author":[{"embeddable":true,"href":"https:\/\/www.lilleoru.ee\/et\/wp-json\/wp\/v2\/users\/11"}],"replies":[{"embeddable":true,"href":"https:\/\/www.lilleoru.ee\/et\/wp-json\/wp\/v2\/comments?post=3423"}],"version-history":[{"count":24,"href":"https:\/\/www.lilleoru.ee\/et\/wp-json\/wp\/v2\/pages\/3423\/revisions"}],"predecessor-version":[{"id":4443,"href":"https:\/\/www.lilleoru.ee\/et\/wp-json\/wp\/v2\/pages\/3423\/revisions\/4443"}],"wp:attachment":[{"href":"https:\/\/www.lilleoru.ee\/et\/wp-json\/wp\/v2\/media?parent=3423"}],"curies":[{"name":"wp","href":"https:\/\/api.w.org\/{rel}","templated":true}]}}