{"id":3434,"date":"2022-06-20T22:39:54","date_gmt":"2022-06-20T19:39:54","guid":{"rendered":"https:\/\/www.lilleoru.ee\/?page_id=3434"},"modified":"2022-10-18T23:31:46","modified_gmt":"2022-10-18T20:31:46","slug":"ruumide-rent-toiduinspiratsiooni-meistrituba","status":"publish","type":"page","link":"https:\/\/www.lilleoru.ee\/et\/ruumide-rent-toiduinspiratsiooni-meistrituba\/","title":{"rendered":"Toiduinspiratsiooni meistrituba"},"content":{"rendered":"<p>T\u00f6\u00f6tuba p\u00f5hineb joogalikul toitumisel ja pakub teadlikkust ja intuitsiooni kaasavat loovkokkamist. T\u00f6\u00f6toas valmistame \u00fcheskoos ette tervisliku men\u00fc\u00fc alates tervitusjoogist ja turgutavast starterist kuni p\u00f5hiroale j\u00e4rgneva magustoiduni v\u00e4lja.<\/p>\n<p><strong>Koolitusel saab:<\/strong><\/p>\n<ul>\n<li>algteadmised toiduga tervendamisest;<\/li>\n<li>teada, mis on intuitiivne loovkokkamine;<\/li>\n<li>n\u00f5u, kuidas inspireerivalt toitu kaunistada ja \u00f5nnistada;<\/li>\n<li>koos kokata ja s\u00fc\u00fca.<\/li>\n<\/ul>\n<p>Kogu men\u00fc\u00fc on taimne ja gluteenivaba. Enamik koolitusel kasutatavaid toiduaineid on mahep\u00f5llumajandusest.<\/p>\n<p>Grupi suurus\u00a06-16 inimest<\/p>\n<p><strong>Kestus:<\/strong>\u00a03,5 t<\/p>\n<p><strong>Koolitaja:<\/strong>\u00a0jooga\u00f5petaja Aale-Triinu Sonn<\/p>\n\n<p>&nbsp;<\/p>\n<p><a href=\"https:\/\/www.lilleoru.ee\/ruumide-rent-lilleoru-tootoad\/\">Tagasi t\u00f6\u00f6tubadega<\/a>\u00a0tutvuma.<\/p>\n<p><a href=\"https:\/\/www.lilleoru.ee\/ruumide-rent\/\">Tagasi ruumidega<\/a>\u00a0tutvuma.<\/p>\n","protected":false},"excerpt":{"rendered":"<p>T\u00f6\u00f6tuba p\u00f5hineb joogalikul toitumisel ja pakub teadlikkust ja intuitsiooni kaasavat loovkokkamist. T\u00f6\u00f6toas valmistame \u00fcheskoos ette tervisliku men\u00fc\u00fc alates tervitusjoogist ja turgutavast starterist kuni p\u00f5hiroale j\u00e4rgneva magustoiduni v\u00e4lja. Koolitusel saab: algteadmised toiduga tervendamisest; teada, mis on intuitiivne loovkokkamine; n\u00f5u, kuidas inspireerivalt toitu kaunistada ja \u00f5nnistada; koos kokata ja s\u00fc\u00fca. Kogu men\u00fc\u00fc on taimne ja gluteenivaba. Enamik [&hellip;]<\/p>\n","protected":false},"author":11,"featured_media":0,"parent":0,"menu_order":0,"comment_status":"closed","ping_status":"closed","template":"","meta":{"inline_featured_image":false},"acf":[],"yoast_head":"<!-- This site is optimized with the Yoast SEO plugin v19.0 - https:\/\/yoast.com\/wordpress\/plugins\/seo\/ -->\n<title>Toiduinspiratsiooni meistrituba - Lilleoru<\/title>\n<meta name=\"description\" content=\"Koolitusp\u00e4eva rikastamiseks pakume erinevaid koolitusi, loenguid ja t\u00f6\u00f6tubasid, et toetada inimese teadlikku arengut ja enesejuhtimise oskuseid.\" \/>\n<meta name=\"robots\" content=\"index, follow, max-snippet:-1, max-image-preview:large, max-video-preview:-1\" \/>\n<link rel=\"canonical\" href=\"https:\/\/www.lilleoru.ee\/et\/ruumide-rent-toiduinspiratsiooni-meistrituba\/\" \/>\n<meta property=\"og:locale\" content=\"et_EE\" \/>\n<meta property=\"og:type\" content=\"article\" \/>\n<meta property=\"og:title\" content=\"Toiduinspiratsiooni meistrituba - Lilleoru\" \/>\n<meta property=\"og:description\" content=\"Koolitusp\u00e4eva rikastamiseks pakume erinevaid koolitusi, loenguid ja t\u00f6\u00f6tubasid, et toetada inimese teadlikku arengut ja enesejuhtimise oskuseid.\" \/>\n<meta property=\"og:url\" content=\"https:\/\/www.lilleoru.ee\/et\/ruumide-rent-toiduinspiratsiooni-meistrituba\/\" \/>\n<meta property=\"og:site_name\" content=\"Lilleoru\" \/>\n<meta property=\"article:publisher\" content=\"https:\/\/www.facebook.com\/lilleoru\" \/>\n<meta property=\"article:modified_time\" content=\"2022-10-18T20:31:46+00:00\" \/>\n<meta name=\"twitter:card\" content=\"summary_large_image\" \/>\n<script type=\"application\/ld+json\" class=\"yoast-schema-graph\">{\"@context\":\"https:\/\/schema.org\",\"@graph\":[{\"@type\":\"WebSite\",\"@id\":\"https:\/\/www.lilleoru.ee\/et\/#website\",\"url\":\"https:\/\/www.lilleoru.ee\/et\/\",\"name\":\"Lilleoru\",\"description\":\"\",\"potentialAction\":[{\"@type\":\"SearchAction\",\"target\":{\"@type\":\"EntryPoint\",\"urlTemplate\":\"https:\/\/www.lilleoru.ee\/et\/?s={search_term_string}\"},\"query-input\":\"required name=search_term_string\"}],\"inLanguage\":\"et\"},{\"@type\":\"WebPage\",\"@id\":\"https:\/\/www.lilleoru.ee\/et\/ruumide-rent-toiduinspiratsiooni-meistrituba\/#webpage\",\"url\":\"https:\/\/www.lilleoru.ee\/et\/ruumide-rent-toiduinspiratsiooni-meistrituba\/\",\"name\":\"Toiduinspiratsiooni meistrituba - Lilleoru\",\"isPartOf\":{\"@id\":\"https:\/\/www.lilleoru.ee\/et\/#website\"},\"datePublished\":\"2022-06-20T19:39:54+00:00\",\"dateModified\":\"2022-10-18T20:31:46+00:00\",\"description\":\"Koolitusp\u00e4eva rikastamiseks pakume erinevaid koolitusi, loenguid ja t\u00f6\u00f6tubasid, et toetada inimese teadlikku arengut ja enesejuhtimise oskuseid.\",\"breadcrumb\":{\"@id\":\"https:\/\/www.lilleoru.ee\/et\/ruumide-rent-toiduinspiratsiooni-meistrituba\/#breadcrumb\"},\"inLanguage\":\"et\",\"potentialAction\":[{\"@type\":\"ReadAction\",\"target\":[\"https:\/\/www.lilleoru.ee\/et\/ruumide-rent-toiduinspiratsiooni-meistrituba\/\"]}]},{\"@type\":\"BreadcrumbList\",\"@id\":\"https:\/\/www.lilleoru.ee\/et\/ruumide-rent-toiduinspiratsiooni-meistrituba\/#breadcrumb\",\"itemListElement\":[{\"@type\":\"ListItem\",\"position\":1,\"name\":\"Home\",\"item\":\"https:\/\/www.lilleoru.ee\/et\/\"},{\"@type\":\"ListItem\",\"position\":2,\"name\":\"Toiduinspiratsiooni meistrituba\"}]}]}<\/script>\n<!-- \/ Yoast SEO plugin. -->","yoast_head_json":{"title":"Toiduinspiratsiooni meistrituba - Lilleoru","description":"Koolitusp\u00e4eva rikastamiseks pakume erinevaid koolitusi, loenguid ja t\u00f6\u00f6tubasid, et toetada inimese teadlikku arengut ja enesejuhtimise oskuseid.","robots":{"index":"index","follow":"follow","max-snippet":"max-snippet:-1","max-image-preview":"max-image-preview:large","max-video-preview":"max-video-preview:-1"},"canonical":"https:\/\/www.lilleoru.ee\/et\/ruumide-rent-toiduinspiratsiooni-meistrituba\/","og_locale":"et_EE","og_type":"article","og_title":"Toiduinspiratsiooni meistrituba - Lilleoru","og_description":"Koolitusp\u00e4eva rikastamiseks pakume erinevaid koolitusi, loenguid ja t\u00f6\u00f6tubasid, et toetada inimese teadlikku arengut ja enesejuhtimise oskuseid.","og_url":"https:\/\/www.lilleoru.ee\/et\/ruumide-rent-toiduinspiratsiooni-meistrituba\/","og_site_name":"Lilleoru","article_publisher":"https:\/\/www.facebook.com\/lilleoru","article_modified_time":"2022-10-18T20:31:46+00:00","twitter_card":"summary_large_image","schema":{"@context":"https:\/\/schema.org","@graph":[{"@type":"WebSite","@id":"https:\/\/www.lilleoru.ee\/et\/#website","url":"https:\/\/www.lilleoru.ee\/et\/","name":"Lilleoru","description":"","potentialAction":[{"@type":"SearchAction","target":{"@type":"EntryPoint","urlTemplate":"https:\/\/www.lilleoru.ee\/et\/?s={search_term_string}"},"query-input":"required name=search_term_string"}],"inLanguage":"et"},{"@type":"WebPage","@id":"https:\/\/www.lilleoru.ee\/et\/ruumide-rent-toiduinspiratsiooni-meistrituba\/#webpage","url":"https:\/\/www.lilleoru.ee\/et\/ruumide-rent-toiduinspiratsiooni-meistrituba\/","name":"Toiduinspiratsiooni meistrituba - Lilleoru","isPartOf":{"@id":"https:\/\/www.lilleoru.ee\/et\/#website"},"datePublished":"2022-06-20T19:39:54+00:00","dateModified":"2022-10-18T20:31:46+00:00","description":"Koolitusp\u00e4eva rikastamiseks pakume erinevaid koolitusi, loenguid ja t\u00f6\u00f6tubasid, et toetada inimese teadlikku arengut ja enesejuhtimise oskuseid.","breadcrumb":{"@id":"https:\/\/www.lilleoru.ee\/et\/ruumide-rent-toiduinspiratsiooni-meistrituba\/#breadcrumb"},"inLanguage":"et","potentialAction":[{"@type":"ReadAction","target":["https:\/\/www.lilleoru.ee\/et\/ruumide-rent-toiduinspiratsiooni-meistrituba\/"]}]},{"@type":"BreadcrumbList","@id":"https:\/\/www.lilleoru.ee\/et\/ruumide-rent-toiduinspiratsiooni-meistrituba\/#breadcrumb","itemListElement":[{"@type":"ListItem","position":1,"name":"Home","item":"https:\/\/www.lilleoru.ee\/et\/"},{"@type":"ListItem","position":2,"name":"Toiduinspiratsiooni meistrituba"}]}]}},"_links":{"self":[{"href":"https:\/\/www.lilleoru.ee\/et\/wp-json\/wp\/v2\/pages\/3434"}],"collection":[{"href":"https:\/\/www.lilleoru.ee\/et\/wp-json\/wp\/v2\/pages"}],"about":[{"href":"https:\/\/www.lilleoru.ee\/et\/wp-json\/wp\/v2\/types\/page"}],"author":[{"embeddable":true,"href":"https:\/\/www.lilleoru.ee\/et\/wp-json\/wp\/v2\/users\/11"}],"replies":[{"embeddable":true,"href":"https:\/\/www.lilleoru.ee\/et\/wp-json\/wp\/v2\/comments?post=3434"}],"version-history":[{"count":9,"href":"https:\/\/www.lilleoru.ee\/et\/wp-json\/wp\/v2\/pages\/3434\/revisions"}],"predecessor-version":[{"id":4255,"href":"https:\/\/www.lilleoru.ee\/et\/wp-json\/wp\/v2\/pages\/3434\/revisions\/4255"}],"wp:attachment":[{"href":"https:\/\/www.lilleoru.ee\/et\/wp-json\/wp\/v2\/media?parent=3434"}],"curies":[{"name":"wp","href":"https:\/\/api.w.org\/{rel}","templated":true}]}}