{"id":4157,"date":"2022-08-26T20:57:21","date_gmt":"2022-08-26T17:57:21","guid":{"rendered":"https:\/\/www.lilleoru.ee\/?page_id=4157"},"modified":"2025-01-03T19:03:57","modified_gmt":"2025-01-03T17:03:57","slug":"joogatunnid-ule-eesti","status":"publish","type":"page","link":"https:\/\/www.lilleoru.ee\/et\/joogatunnid-ule-eesti\/","title":{"rendered":"Lilleoru jooga \u00f5petajate tunnid \u00fcle Eesti"},"content":{"rendered":"<p><b>LILLEORUS<\/b><\/p>\n<p>&nbsp;<\/p>\n<p><b>Kai Padrik<\/b><\/p>\n<p><span style=\"font-weight: 400;\">Kontakt: <\/span><a href=\"mailto:kai.padrik@gmail.com\"><span style=\"font-weight: 400;\">kai.padrik@gmail.com<\/span><\/a><\/p>\n<p><span style=\"font-weight: 400;\">Asukoht: <\/span><span style=\"font-weight: 400;\">Lilleoru<\/span><\/p>\n<p><span style=\"font-weight: 400;\">Kellele: <\/span><span style=\"font-weight: 400;\">kriya hatha jooga, k\u00f5igile huvilistele.<\/span><\/p>\n<p><span style=\"font-weight: 400;\">Tunnid toimuvad: aastaringselt.<\/span><\/p>\n<p>&nbsp;<\/p>\n<p><b>TALLINNAS<\/b><\/p>\n<p>&nbsp;<\/p>\n<p><b>Aale-Triinu Sonn<\/b><\/p>\n<p><span style=\"font-weight: 400;\">Kontakt: <\/span><a href=\"mailto:anjani1008@gmail.com\"><span style=\"font-weight: 400;\">anjani1008@gmail.com<\/span><\/a><span style=\"font-weight: 400;\">, 5270569, FB: Aale-Triinu Sonn; <\/span><a href=\"http:\/\/www.studio108.ee\/\"><span style=\"font-weight: 400;\">www.studio108.ee<\/span><\/a><\/p>\n<p><span style=\"font-weight: 400;\">Asukoht: <\/span><span style=\"font-weight: 400;\">h\u00fcbriid: kohapeal ja online j\u00e4relvaatamisega. Tallinn, Kadriorg, Gaia kool.<\/span><\/p>\n<p><span style=\"font-weight: 400;\">Kellele: <\/span><span style=\"font-weight: 400;\">kriya hatha jooga, k\u00f5igile huvilistele.<\/span><\/p>\n<p><span style=\"font-weight: 400;\">Tunnid toimuvad: september-juuni.\u00a0<\/span><\/p>\n<p><span style=\"font-weight: 400;\">Lisaks: eratunnid, juhendamine eesti v\u00f5i inglise keeles. <\/span><span style=\"font-weight: 400;\">J<\/span><span style=\"font-weight: 400;\">oogalaagrid Eestis ja mujal. Lapseootuse jooga, ema-beebi jooga.<\/span><\/p>\n<p>&nbsp;<\/p>\n<p><b>Anneli Hallik<\/b><\/p>\n<p><span style=\"font-weight: 400;\">Kontakt: <\/span><a href=\"mailto:anneli@naerataminuga.ee\"><span style=\"font-weight: 400;\">anneli@naerataminuga.ee<\/span><\/a><span style=\"font-weight: 400;\">; tel: 56616948<\/span><\/p>\n<p><span style=\"font-weight: 400;\">Asukoht: Tallinn, Kadriorg, Gaia kool<\/span><\/p>\n<p><span style=\"font-weight: 400;\">Kellele: kriya hatha jooga, k\u00f5igile huvilistele<\/span><\/p>\n<p><span style=\"font-weight: 400;\">Tunnid toimuvad: september-mai<\/span><\/p>\n<p><span style=\"font-weight: 400;\">Lisaks: n\u00e4ojooga online ja eratunnid <\/span><a href=\"https:\/\/naerataminuga.ee\/\"><span style=\"font-weight: 400;\">https:\/\/naerataminuga.ee<\/span><\/a><\/p>\n<p>&nbsp;<\/p>\n<p><b>Jaanika Peeba<\/b><\/p>\n<p><span style=\"font-weight: 400;\">Kontakt: <\/span><a href=\"mailto:jaanika.peeba@gmail.com\"><span style=\"font-weight: 400;\">jaanika.peeba@gmail.com<\/span><\/a><span style=\"font-weight: 400;\">, Tel 56633919; FB: <\/span><a href=\"https:\/\/www.facebook.com\/profile.php?id=100028473018823\"><span style=\"font-weight: 400;\">Kriya hatha jooga Pirital<\/span><\/a><span style=\"font-weight: 400;\">\u00a0<\/span><\/p>\n<p><span style=\"font-weight: 400;\">Asukoht: <\/span><span style=\"font-weight: 400;\">Tallinn: Pirita p\u00e4evakeskus<\/span><\/p>\n<p><span style=\"font-weight: 400;\">Kellele: <\/span><span style=\"font-weight: 400;\">kriya hatha jooga, k\u00f5igile huvilistele<\/span><\/p>\n<p><span style=\"font-weight: 400;\">Tunnid toimuvad: neljap\u00e4eviti, <\/span><span style=\"font-weight: 400;\">september &#8211; mai<\/span><\/p>\n<p>&nbsp;<\/p>\n<p><b>Marta Padrik<\/b><\/p>\n<p><span style=\"font-weight: 400;\">Kontakt: <\/span><a href=\"mailto:padrik@hot.ee\"><span style=\"font-weight: 400;\">padrik@hot.ee<\/span><\/a><span style=\"font-weight: 400;\">, tel 534229151<\/span><\/p>\n<p><span style=\"font-weight: 400;\">Asukoht: <\/span><span style=\"font-weight: 400;\">Tallinn, Kadriorg, Gaia kool\u00a0<\/span><\/p>\n<p><span style=\"font-weight: 400;\">Kellele:\u00a0 jooga eakatele\u00a0<\/span><\/p>\n<p><span style=\"font-weight: 400;\">Tunnid toimuvad:<\/span><span style=\"font-weight: 400;\"> september &#8211; mai.<\/span><\/p>\n<p>&nbsp;<\/p>\n<p><b>Toomas \u00d5unap\u00a0<\/b><\/p>\n<p><span style=\"font-weight: 400;\">Kontakt: hathajooga@gmail.com;\u00a0 tel 510 1272<\/span><\/p>\n<p><span style=\"font-weight: 400;\">Asukoht: Tallinn: Toompuiestee 10, P\u00e4rnu: Viiking SPA, online<\/span><\/p>\n<p><span style=\"font-weight: 400;\">Kellele: kriya hatha jooga algajatele ja edasij\u00f5udnutele.<\/span><\/p>\n<p><span style=\"font-weight: 400;\">Tunnid toimuvad: september \u2013 mai<\/span><\/p>\n<p><span style=\"font-weight: 400;\">Lisaks: akupunktuur, enesemassaa\u017e, m\u00e4lutehnikate \u00f5pe, jooganidra<\/span><\/p>\n<p>&nbsp;<\/p>\n<p><b>RAKVERES<\/b><\/p>\n<p>&nbsp;<\/p>\n<p><b>Merle Soidla<\/b><\/p>\n<p><span style=\"font-weight: 400;\">Kontakt: <\/span><a href=\"mailto:merlesoidla@gmail.com\"><span style=\"font-weight: 400;\">merlesoidla@gmail.com<\/span><\/a><span style=\"font-weight: 400;\">; tel 5342 5005<\/span><\/p>\n<p><span style=\"font-weight: 400;\">Asukoht: Tammiku Stuudio, Tammiku 7, Rakvere<\/span><\/p>\n<p><span style=\"font-weight: 400;\">Kellele: <\/span><span style=\"font-weight: 400;\">kriya hatha jooga, <\/span><span style=\"font-weight: 400;\">k\u00f5igile huvilistele<\/span><\/p>\n<p><span style=\"font-weight: 400;\">Tunnid toimuvad: kolmap\u00e4eviti, oktoober-aprill<\/span><\/p>\n","protected":false},"excerpt":{"rendered":"<p>LILLEORUS &nbsp; Kai Padrik Kontakt: kai.padrik@gmail.com Asukoht: Lilleoru Kellele: kriya hatha jooga, k\u00f5igile huvilistele. Tunnid toimuvad: aastaringselt. &nbsp; TALLINNAS &nbsp; Aale-Triinu Sonn Kontakt: anjani1008@gmail.com, 5270569, FB: Aale-Triinu Sonn; www.studio108.ee Asukoht: h\u00fcbriid: kohapeal ja online j\u00e4relvaatamisega. Tallinn, Kadriorg, Gaia kool. Kellele: kriya hatha jooga, k\u00f5igile huvilistele. Tunnid toimuvad: september-juuni.\u00a0 Lisaks: eratunnid, juhendamine eesti v\u00f5i inglise keeles. [&hellip;]<\/p>\n","protected":false},"author":11,"featured_media":0,"parent":0,"menu_order":0,"comment_status":"closed","ping_status":"closed","template":"","meta":{"inline_featured_image":false},"acf":[],"yoast_head":"<!-- This site is optimized with the Yoast SEO plugin v19.0 - https:\/\/yoast.com\/wordpress\/plugins\/seo\/ -->\n<title>Lilleoru jooga \u00f5petajate tunnid \u00fcle Eesti - Lilleoru<\/title>\n<meta name=\"description\" content=\"Lilleorus toimuvad aastaringselt k\u00f5igile avatud joogatunnid. Sellelt lehelt leiad kriya hatha jooga \u00f5petajate joogatunnid \u00fcle Eesti.\" \/>\n<meta name=\"robots\" content=\"index, follow, max-snippet:-1, max-image-preview:large, max-video-preview:-1\" \/>\n<link rel=\"canonical\" href=\"https:\/\/www.lilleoru.ee\/et\/joogatunnid-ule-eesti\/\" \/>\n<meta property=\"og:locale\" content=\"et_EE\" \/>\n<meta property=\"og:type\" content=\"article\" \/>\n<meta property=\"og:title\" content=\"Lilleoru jooga \u00f5petajate tunnid \u00fcle Eesti - Lilleoru\" \/>\n<meta property=\"og:description\" content=\"Lilleorus toimuvad aastaringselt k\u00f5igile avatud joogatunnid. Sellelt lehelt leiad kriya hatha jooga \u00f5petajate joogatunnid \u00fcle Eesti.\" \/>\n<meta property=\"og:url\" content=\"https:\/\/www.lilleoru.ee\/et\/joogatunnid-ule-eesti\/\" \/>\n<meta property=\"og:site_name\" content=\"Lilleoru\" \/>\n<meta property=\"article:publisher\" content=\"https:\/\/www.facebook.com\/lilleoru\" \/>\n<meta property=\"article:modified_time\" content=\"2025-01-03T17:03:57+00:00\" \/>\n<meta name=\"twitter:card\" content=\"summary_large_image\" \/>\n<meta name=\"twitter:label1\" content=\"Est. reading time\" \/>\n\t<meta name=\"twitter:data1\" content=\"2 minutit\" \/>\n<script type=\"application\/ld+json\" class=\"yoast-schema-graph\">{\"@context\":\"https:\/\/schema.org\",\"@graph\":[{\"@type\":\"WebSite\",\"@id\":\"https:\/\/www.lilleoru.ee\/et\/#website\",\"url\":\"https:\/\/www.lilleoru.ee\/et\/\",\"name\":\"Lilleoru\",\"description\":\"\",\"potentialAction\":[{\"@type\":\"SearchAction\",\"target\":{\"@type\":\"EntryPoint\",\"urlTemplate\":\"https:\/\/www.lilleoru.ee\/et\/?s={search_term_string}\"},\"query-input\":\"required name=search_term_string\"}],\"inLanguage\":\"et\"},{\"@type\":\"WebPage\",\"@id\":\"https:\/\/www.lilleoru.ee\/et\/joogatunnid-ule-eesti\/#webpage\",\"url\":\"https:\/\/www.lilleoru.ee\/et\/joogatunnid-ule-eesti\/\",\"name\":\"Lilleoru jooga \u00f5petajate tunnid \u00fcle Eesti - Lilleoru\",\"isPartOf\":{\"@id\":\"https:\/\/www.lilleoru.ee\/et\/#website\"},\"datePublished\":\"2022-08-26T17:57:21+00:00\",\"dateModified\":\"2025-01-03T17:03:57+00:00\",\"description\":\"Lilleorus toimuvad aastaringselt k\u00f5igile avatud joogatunnid. Sellelt lehelt leiad kriya hatha jooga \u00f5petajate joogatunnid \u00fcle Eesti.\",\"breadcrumb\":{\"@id\":\"https:\/\/www.lilleoru.ee\/et\/joogatunnid-ule-eesti\/#breadcrumb\"},\"inLanguage\":\"et\",\"potentialAction\":[{\"@type\":\"ReadAction\",\"target\":[\"https:\/\/www.lilleoru.ee\/et\/joogatunnid-ule-eesti\/\"]}]},{\"@type\":\"BreadcrumbList\",\"@id\":\"https:\/\/www.lilleoru.ee\/et\/joogatunnid-ule-eesti\/#breadcrumb\",\"itemListElement\":[{\"@type\":\"ListItem\",\"position\":1,\"name\":\"Home\",\"item\":\"https:\/\/www.lilleoru.ee\/et\/\"},{\"@type\":\"ListItem\",\"position\":2,\"name\":\"Lilleoru jooga \u00f5petajate tunnid \u00fcle Eesti\"}]}]}<\/script>\n<!-- \/ Yoast SEO plugin. -->","yoast_head_json":{"title":"Lilleoru jooga \u00f5petajate tunnid \u00fcle Eesti - Lilleoru","description":"Lilleorus toimuvad aastaringselt k\u00f5igile avatud joogatunnid. Sellelt lehelt leiad kriya hatha jooga \u00f5petajate joogatunnid \u00fcle Eesti.","robots":{"index":"index","follow":"follow","max-snippet":"max-snippet:-1","max-image-preview":"max-image-preview:large","max-video-preview":"max-video-preview:-1"},"canonical":"https:\/\/www.lilleoru.ee\/et\/joogatunnid-ule-eesti\/","og_locale":"et_EE","og_type":"article","og_title":"Lilleoru jooga \u00f5petajate tunnid \u00fcle Eesti - Lilleoru","og_description":"Lilleorus toimuvad aastaringselt k\u00f5igile avatud joogatunnid. Sellelt lehelt leiad kriya hatha jooga \u00f5petajate joogatunnid \u00fcle Eesti.","og_url":"https:\/\/www.lilleoru.ee\/et\/joogatunnid-ule-eesti\/","og_site_name":"Lilleoru","article_publisher":"https:\/\/www.facebook.com\/lilleoru","article_modified_time":"2025-01-03T17:03:57+00:00","twitter_card":"summary_large_image","twitter_misc":{"Est. reading time":"2 minutit"},"schema":{"@context":"https:\/\/schema.org","@graph":[{"@type":"WebSite","@id":"https:\/\/www.lilleoru.ee\/et\/#website","url":"https:\/\/www.lilleoru.ee\/et\/","name":"Lilleoru","description":"","potentialAction":[{"@type":"SearchAction","target":{"@type":"EntryPoint","urlTemplate":"https:\/\/www.lilleoru.ee\/et\/?s={search_term_string}"},"query-input":"required name=search_term_string"}],"inLanguage":"et"},{"@type":"WebPage","@id":"https:\/\/www.lilleoru.ee\/et\/joogatunnid-ule-eesti\/#webpage","url":"https:\/\/www.lilleoru.ee\/et\/joogatunnid-ule-eesti\/","name":"Lilleoru jooga \u00f5petajate tunnid \u00fcle Eesti - Lilleoru","isPartOf":{"@id":"https:\/\/www.lilleoru.ee\/et\/#website"},"datePublished":"2022-08-26T17:57:21+00:00","dateModified":"2025-01-03T17:03:57+00:00","description":"Lilleorus toimuvad aastaringselt k\u00f5igile avatud joogatunnid. Sellelt lehelt leiad kriya hatha jooga \u00f5petajate joogatunnid \u00fcle Eesti.","breadcrumb":{"@id":"https:\/\/www.lilleoru.ee\/et\/joogatunnid-ule-eesti\/#breadcrumb"},"inLanguage":"et","potentialAction":[{"@type":"ReadAction","target":["https:\/\/www.lilleoru.ee\/et\/joogatunnid-ule-eesti\/"]}]},{"@type":"BreadcrumbList","@id":"https:\/\/www.lilleoru.ee\/et\/joogatunnid-ule-eesti\/#breadcrumb","itemListElement":[{"@type":"ListItem","position":1,"name":"Home","item":"https:\/\/www.lilleoru.ee\/et\/"},{"@type":"ListItem","position":2,"name":"Lilleoru jooga \u00f5petajate tunnid \u00fcle Eesti"}]}]}},"_links":{"self":[{"href":"https:\/\/www.lilleoru.ee\/et\/wp-json\/wp\/v2\/pages\/4157"}],"collection":[{"href":"https:\/\/www.lilleoru.ee\/et\/wp-json\/wp\/v2\/pages"}],"about":[{"href":"https:\/\/www.lilleoru.ee\/et\/wp-json\/wp\/v2\/types\/page"}],"author":[{"embeddable":true,"href":"https:\/\/www.lilleoru.ee\/et\/wp-json\/wp\/v2\/users\/11"}],"replies":[{"embeddable":true,"href":"https:\/\/www.lilleoru.ee\/et\/wp-json\/wp\/v2\/comments?post=4157"}],"version-history":[{"count":19,"href":"https:\/\/www.lilleoru.ee\/et\/wp-json\/wp\/v2\/pages\/4157\/revisions"}],"predecessor-version":[{"id":6312,"href":"https:\/\/www.lilleoru.ee\/et\/wp-json\/wp\/v2\/pages\/4157\/revisions\/6312"}],"wp:attachment":[{"href":"https:\/\/www.lilleoru.ee\/et\/wp-json\/wp\/v2\/media?parent=4157"}],"curies":[{"name":"wp","href":"https:\/\/api.w.org\/{rel}","templated":true}]}}