{"id":4770,"date":"2023-05-15T21:20:44","date_gmt":"2023-05-15T18:20:44","guid":{"rendered":"https:\/\/www.lilleoru.ee\/?page_id=4770"},"modified":"2023-05-15T21:24:51","modified_gmt":"2023-05-15T18:24:51","slug":"looduslike-ehitistega-tutvumine-ja-tootuba","status":"publish","type":"page","link":"https:\/\/www.lilleoru.ee\/et\/looduslike-ehitistega-tutvumine-ja-tootuba\/","title":{"rendered":"Looduslike ehitistega tutvumine ja t\u00f6\u00f6tuba"},"content":{"rendered":"<p><strong>Koolitus sisaldab:<\/strong><\/p>\n<p><strong>1. Looduslike ehitistega tutvumine ja materjalide kasutamine Lilleorus, 1h<br \/>\n2. Praktiline t\u00f6\u00f6tuba, 2h<\/strong> <b><br \/>\n<\/b><span style=\"font-weight: 400;\"><br \/>\n<\/span><span style=\"font-weight: 400;\">J\u00e4rgnevalt toome valiku t\u00f6\u00f6tubadest:<\/span><\/p>\n<ul>\n<li style=\"font-weight: 400;\" aria-level=\"1\"><span style=\"font-weight: 400;\">Dekoratiivsed savikrohvid siseviimistlemisel.<\/span><\/li>\n<li style=\"font-weight: 400;\" aria-level=\"1\"><span style=\"font-weight: 400;\">Marmorino viimistluskrohv.<\/span><\/li>\n<li style=\"font-weight: 400;\" aria-level=\"1\"><span style=\"font-weight: 400;\">Mikrotsement vannitoas.<\/span><\/li>\n<li style=\"font-weight: 400;\" aria-level=\"1\"><span style=\"font-weight: 400;\">Savi pitsaahju voolimise \u00f5ige segu vahekorra leidmine.<\/span><\/li>\n<\/ul>\n<p><span style=\"font-weight: 400;\">T\u00f6\u00f6tubades saavad osalejad ka ise materjale paigaldada ja tundma \u00f5ppida. <\/span><span style=\"font-weight: 400;\"><br \/>\n<\/span><span style=\"font-weight: 400;\"><br \/>\n<\/span><strong>T\u00f6\u00f6toa eesm\u00e4rk:<\/strong><span style=\"font-weight: 400;\"> tutvustada erinevaid looduslike materjale, mida kasutada siseviimistlusel ja kuidas neid paigaldada. Lisaks saab osaleja kogemuse, kuidas kasutada sisemist vaikust f\u00fc\u00fcsilist t\u00f6\u00f6d tehes. <\/span><span style=\"font-weight: 400;\"><br \/>\n<\/span><span style=\"font-weight: 400;\"><br \/>\n<\/span><strong>Grupi suurus<\/strong><span style=\"font-weight: 400;\">\u00a0kuni 10 \u2013 15 in\u00a0<\/span><\/p>\n<p><strong>T\u00f6\u00f6tubade l\u00e4biviijad Knut Klais ja Jaanus Viese on Eesti loodusehituse pioneerid<\/strong><span style=\"font-weight: 400;\">, kes on viinud l\u00e4bi arvukalt t\u00f6\u00f6tubasid looduslike krohvide, p\u00f5hu- ja saviehituse valdkonnas. <\/span><\/p>\n<p><strong>Knut Klais<\/strong><span style=\"font-weight: 400;\"> on p\u00f5huehitaja ja krohvimeister, kes tunneb \u00fcksikasjalikult looduslikke krohve. Knut on krohvinud sadu kodusid dekoratiivsete savikrohvidega. Lisaks on Knut ekspert vannitubade viimistlemisel mikrotsementkrohviga.\u00a0 Knut elab Lilleoru k\u00f5rval asuvas k\u00fclas, kus on nii tema maja, kui ka mitmed teised majad viimistletud looduslike materjalidega.<\/span><span style=\"font-weight: 400;\"><br \/>\n<\/span><span style=\"font-weight: 400;\"><br \/>\n<\/span><strong>Jaanus Viese<\/strong><span style=\"font-weight: 400;\"> on ahjumeister ja saviehitaja. Ta on ligi 20 aastat kasutanud cob savisegusid ahjude kujundamisel ja seinte krohvimisel.\u00a0 Savi- ja lubikrohvid, pitsaahjud ja krohviviimistlusega ahjud on tema igap\u00e4evane t\u00f6\u00f6. Jaanus on MT\u00dc Lilleoru liige ja Practical Consciousness \u00f5petaja.<\/span><\/p>\n<p><img loading=\"lazy\" class=\"alignnone size-medium wp-image-4775\" src=\"https:\/\/www.lilleoru.ee\/wp-content\/uploads\/2023\/05\/2020-05-12-15.30.44-1-4K-300x169.jpg\" alt=\"\" width=\"300\" height=\"169\" srcset=\"https:\/\/www.lilleoru.ee\/wp-content\/uploads\/2023\/05\/2020-05-12-15.30.44-1-4K-300x169.jpg 300w, https:\/\/www.lilleoru.ee\/wp-content\/uploads\/2023\/05\/2020-05-12-15.30.44-1-4K-1024x576.jpg 1024w, https:\/\/www.lilleoru.ee\/wp-content\/uploads\/2023\/05\/2020-05-12-15.30.44-1-4K-768x432.jpg 768w, https:\/\/www.lilleoru.ee\/wp-content\/uploads\/2023\/05\/2020-05-12-15.30.44-1-4K-1536x864.jpg 1536w, https:\/\/www.lilleoru.ee\/wp-content\/uploads\/2023\/05\/2020-05-12-15.30.44-1-4K-2048x1152.jpg 2048w, https:\/\/www.lilleoru.ee\/wp-content\/uploads\/2023\/05\/2020-05-12-15.30.44-1-4K-1920x1080.jpg 1920w\" sizes=\"(max-width: 300px) 100vw, 300px\" \/><\/p>\n<p><a href=\"https:\/\/www.lilleoru.ee\/ruumide-rent-lilleoru-tootoad\/\">Tagasi t\u00f6\u00f6tubadega<\/a>\u00a0tutvuma.<\/p>\n<p><a href=\"https:\/\/www.lilleoru.ee\/ruumide-rent\/\">Tagasi ruumidega<\/a>\u00a0tutvuma.<\/p>\n","protected":false},"excerpt":{"rendered":"<p>Koolitus sisaldab: 1. Looduslike ehitistega tutvumine ja materjalide kasutamine Lilleorus, 1h 2. Praktiline t\u00f6\u00f6tuba, 2h J\u00e4rgnevalt toome valiku t\u00f6\u00f6tubadest: Dekoratiivsed savikrohvid siseviimistlemisel. Marmorino viimistluskrohv. Mikrotsement vannitoas. Savi pitsaahju voolimise \u00f5ige segu vahekorra leidmine. T\u00f6\u00f6tubades saavad osalejad ka ise materjale paigaldada ja tundma \u00f5ppida. T\u00f6\u00f6toa eesm\u00e4rk: tutvustada erinevaid looduslike materjale, mida kasutada siseviimistlusel ja kuidas neid [&hellip;]<\/p>\n","protected":false},"author":10,"featured_media":0,"parent":0,"menu_order":0,"comment_status":"closed","ping_status":"closed","template":"","meta":{"inline_featured_image":false},"acf":[],"yoast_head":"<!-- This site is optimized with the Yoast SEO plugin v19.0 - https:\/\/yoast.com\/wordpress\/plugins\/seo\/ -->\n<title>Looduslike ehitistega tutvumine ja t\u00f6\u00f6tuba - Lilleoru<\/title>\n<meta name=\"robots\" content=\"index, follow, max-snippet:-1, max-image-preview:large, max-video-preview:-1\" \/>\n<link rel=\"canonical\" href=\"https:\/\/www.lilleoru.ee\/et\/looduslike-ehitistega-tutvumine-ja-tootuba\/\" \/>\n<meta property=\"og:locale\" content=\"et_EE\" \/>\n<meta property=\"og:type\" content=\"article\" \/>\n<meta property=\"og:title\" content=\"Looduslike ehitistega tutvumine ja t\u00f6\u00f6tuba - Lilleoru\" \/>\n<meta property=\"og:description\" content=\"Koolitus sisaldab: 1. Looduslike ehitistega tutvumine ja materjalide kasutamine Lilleorus, 1h 2. Praktiline t\u00f6\u00f6tuba, 2h J\u00e4rgnevalt toome valiku t\u00f6\u00f6tubadest: Dekoratiivsed savikrohvid siseviimistlemisel. Marmorino viimistluskrohv. Mikrotsement vannitoas. Savi pitsaahju voolimise \u00f5ige segu vahekorra leidmine. T\u00f6\u00f6tubades saavad osalejad ka ise materjale paigaldada ja tundma \u00f5ppida. T\u00f6\u00f6toa eesm\u00e4rk: tutvustada erinevaid looduslike materjale, mida kasutada siseviimistlusel ja kuidas neid [&hellip;]\" \/>\n<meta property=\"og:url\" content=\"https:\/\/www.lilleoru.ee\/et\/looduslike-ehitistega-tutvumine-ja-tootuba\/\" \/>\n<meta property=\"og:site_name\" content=\"Lilleoru\" \/>\n<meta property=\"article:publisher\" content=\"https:\/\/www.facebook.com\/lilleoru\" \/>\n<meta property=\"article:modified_time\" content=\"2023-05-15T18:24:51+00:00\" \/>\n<meta property=\"og:image\" content=\"https:\/\/www.lilleoru.ee\/wp-content\/uploads\/2023\/05\/2020-05-12-15.30.44-1-4K-300x169.jpg\" \/>\n<meta name=\"twitter:card\" content=\"summary_large_image\" \/>\n<meta name=\"twitter:label1\" content=\"Est. reading time\" \/>\n\t<meta name=\"twitter:data1\" content=\"1 minut\" \/>\n<script type=\"application\/ld+json\" class=\"yoast-schema-graph\">{\"@context\":\"https:\/\/schema.org\",\"@graph\":[{\"@type\":\"WebSite\",\"@id\":\"https:\/\/www.lilleoru.ee\/et\/#website\",\"url\":\"https:\/\/www.lilleoru.ee\/et\/\",\"name\":\"Lilleoru\",\"description\":\"\",\"potentialAction\":[{\"@type\":\"SearchAction\",\"target\":{\"@type\":\"EntryPoint\",\"urlTemplate\":\"https:\/\/www.lilleoru.ee\/et\/?s={search_term_string}\"},\"query-input\":\"required name=search_term_string\"}],\"inLanguage\":\"et\"},{\"@type\":\"ImageObject\",\"inLanguage\":\"et\",\"@id\":\"https:\/\/www.lilleoru.ee\/et\/looduslike-ehitistega-tutvumine-ja-tootuba\/#primaryimage\",\"url\":\"https:\/\/www.lilleoru.ee\/wp-content\/uploads\/2023\/05\/2020-05-12-15.30.44-1-4K-300x169.jpg\",\"contentUrl\":\"https:\/\/www.lilleoru.ee\/wp-content\/uploads\/2023\/05\/2020-05-12-15.30.44-1-4K-300x169.jpg\"},{\"@type\":\"WebPage\",\"@id\":\"https:\/\/www.lilleoru.ee\/et\/looduslike-ehitistega-tutvumine-ja-tootuba\/#webpage\",\"url\":\"https:\/\/www.lilleoru.ee\/et\/looduslike-ehitistega-tutvumine-ja-tootuba\/\",\"name\":\"Looduslike ehitistega tutvumine ja t\u00f6\u00f6tuba - Lilleoru\",\"isPartOf\":{\"@id\":\"https:\/\/www.lilleoru.ee\/et\/#website\"},\"primaryImageOfPage\":{\"@id\":\"https:\/\/www.lilleoru.ee\/et\/looduslike-ehitistega-tutvumine-ja-tootuba\/#primaryimage\"},\"datePublished\":\"2023-05-15T18:20:44+00:00\",\"dateModified\":\"2023-05-15T18:24:51+00:00\",\"breadcrumb\":{\"@id\":\"https:\/\/www.lilleoru.ee\/et\/looduslike-ehitistega-tutvumine-ja-tootuba\/#breadcrumb\"},\"inLanguage\":\"et\",\"potentialAction\":[{\"@type\":\"ReadAction\",\"target\":[\"https:\/\/www.lilleoru.ee\/et\/looduslike-ehitistega-tutvumine-ja-tootuba\/\"]}]},{\"@type\":\"BreadcrumbList\",\"@id\":\"https:\/\/www.lilleoru.ee\/et\/looduslike-ehitistega-tutvumine-ja-tootuba\/#breadcrumb\",\"itemListElement\":[{\"@type\":\"ListItem\",\"position\":1,\"name\":\"Home\",\"item\":\"https:\/\/www.lilleoru.ee\/et\/\"},{\"@type\":\"ListItem\",\"position\":2,\"name\":\"Looduslike ehitistega tutvumine ja t\u00f6\u00f6tuba\"}]}]}<\/script>\n<!-- \/ Yoast SEO plugin. -->","yoast_head_json":{"title":"Looduslike ehitistega tutvumine ja t\u00f6\u00f6tuba - Lilleoru","robots":{"index":"index","follow":"follow","max-snippet":"max-snippet:-1","max-image-preview":"max-image-preview:large","max-video-preview":"max-video-preview:-1"},"canonical":"https:\/\/www.lilleoru.ee\/et\/looduslike-ehitistega-tutvumine-ja-tootuba\/","og_locale":"et_EE","og_type":"article","og_title":"Looduslike ehitistega tutvumine ja t\u00f6\u00f6tuba - Lilleoru","og_description":"Koolitus sisaldab: 1. Looduslike ehitistega tutvumine ja materjalide kasutamine Lilleorus, 1h 2. Praktiline t\u00f6\u00f6tuba, 2h J\u00e4rgnevalt toome valiku t\u00f6\u00f6tubadest: Dekoratiivsed savikrohvid siseviimistlemisel. Marmorino viimistluskrohv. Mikrotsement vannitoas. Savi pitsaahju voolimise \u00f5ige segu vahekorra leidmine. T\u00f6\u00f6tubades saavad osalejad ka ise materjale paigaldada ja tundma \u00f5ppida. T\u00f6\u00f6toa eesm\u00e4rk: tutvustada erinevaid looduslike materjale, mida kasutada siseviimistlusel ja kuidas neid [&hellip;]","og_url":"https:\/\/www.lilleoru.ee\/et\/looduslike-ehitistega-tutvumine-ja-tootuba\/","og_site_name":"Lilleoru","article_publisher":"https:\/\/www.facebook.com\/lilleoru","article_modified_time":"2023-05-15T18:24:51+00:00","og_image":[{"url":"https:\/\/www.lilleoru.ee\/wp-content\/uploads\/2023\/05\/2020-05-12-15.30.44-1-4K-300x169.jpg"}],"twitter_card":"summary_large_image","twitter_misc":{"Est. reading time":"1 minut"},"schema":{"@context":"https:\/\/schema.org","@graph":[{"@type":"WebSite","@id":"https:\/\/www.lilleoru.ee\/et\/#website","url":"https:\/\/www.lilleoru.ee\/et\/","name":"Lilleoru","description":"","potentialAction":[{"@type":"SearchAction","target":{"@type":"EntryPoint","urlTemplate":"https:\/\/www.lilleoru.ee\/et\/?s={search_term_string}"},"query-input":"required name=search_term_string"}],"inLanguage":"et"},{"@type":"ImageObject","inLanguage":"et","@id":"https:\/\/www.lilleoru.ee\/et\/looduslike-ehitistega-tutvumine-ja-tootuba\/#primaryimage","url":"https:\/\/www.lilleoru.ee\/wp-content\/uploads\/2023\/05\/2020-05-12-15.30.44-1-4K-300x169.jpg","contentUrl":"https:\/\/www.lilleoru.ee\/wp-content\/uploads\/2023\/05\/2020-05-12-15.30.44-1-4K-300x169.jpg"},{"@type":"WebPage","@id":"https:\/\/www.lilleoru.ee\/et\/looduslike-ehitistega-tutvumine-ja-tootuba\/#webpage","url":"https:\/\/www.lilleoru.ee\/et\/looduslike-ehitistega-tutvumine-ja-tootuba\/","name":"Looduslike ehitistega tutvumine ja t\u00f6\u00f6tuba - Lilleoru","isPartOf":{"@id":"https:\/\/www.lilleoru.ee\/et\/#website"},"primaryImageOfPage":{"@id":"https:\/\/www.lilleoru.ee\/et\/looduslike-ehitistega-tutvumine-ja-tootuba\/#primaryimage"},"datePublished":"2023-05-15T18:20:44+00:00","dateModified":"2023-05-15T18:24:51+00:00","breadcrumb":{"@id":"https:\/\/www.lilleoru.ee\/et\/looduslike-ehitistega-tutvumine-ja-tootuba\/#breadcrumb"},"inLanguage":"et","potentialAction":[{"@type":"ReadAction","target":["https:\/\/www.lilleoru.ee\/et\/looduslike-ehitistega-tutvumine-ja-tootuba\/"]}]},{"@type":"BreadcrumbList","@id":"https:\/\/www.lilleoru.ee\/et\/looduslike-ehitistega-tutvumine-ja-tootuba\/#breadcrumb","itemListElement":[{"@type":"ListItem","position":1,"name":"Home","item":"https:\/\/www.lilleoru.ee\/et\/"},{"@type":"ListItem","position":2,"name":"Looduslike ehitistega tutvumine ja t\u00f6\u00f6tuba"}]}]}},"_links":{"self":[{"href":"https:\/\/www.lilleoru.ee\/et\/wp-json\/wp\/v2\/pages\/4770"}],"collection":[{"href":"https:\/\/www.lilleoru.ee\/et\/wp-json\/wp\/v2\/pages"}],"about":[{"href":"https:\/\/www.lilleoru.ee\/et\/wp-json\/wp\/v2\/types\/page"}],"author":[{"embeddable":true,"href":"https:\/\/www.lilleoru.ee\/et\/wp-json\/wp\/v2\/users\/10"}],"replies":[{"embeddable":true,"href":"https:\/\/www.lilleoru.ee\/et\/wp-json\/wp\/v2\/comments?post=4770"}],"version-history":[{"count":6,"href":"https:\/\/www.lilleoru.ee\/et\/wp-json\/wp\/v2\/pages\/4770\/revisions"}],"predecessor-version":[{"id":4786,"href":"https:\/\/www.lilleoru.ee\/et\/wp-json\/wp\/v2\/pages\/4770\/revisions\/4786"}],"wp:attachment":[{"href":"https:\/\/www.lilleoru.ee\/et\/wp-json\/wp\/v2\/media?parent=4770"}],"curies":[{"name":"wp","href":"https:\/\/api.w.org\/{rel}","templated":true}]}}