{"id":5405,"date":"2024-02-14T19:58:13","date_gmt":"2024-02-14T17:58:13","guid":{"rendered":"https:\/\/www.lilleoru.ee\/?page_id=5405"},"modified":"2024-12-02T19:04:46","modified_gmt":"2024-12-02T17:04:46","slug":"siddha-jooga","status":"publish","type":"page","link":"https:\/\/www.lilleoru.ee\/et\/siddha-jooga\/","title":{"rendered":"Siddha jooga"},"content":{"rendered":"<h1 style=\"text-align: center;\"><em>Siddha<\/em> jooga \u00f5petus Lilleorus<\/h1>\n<p>&nbsp;<\/p>\n<h2 style=\"text-align: center;\">Teekond s\u00fcgava rahu, selguse ja t\u00e4iusliku heaoluni<\/h2>\n<p>&nbsp;<\/p>\n<hr style=\"width: 30%; background-color: red;\" \/>\n<p><strong>Siddha jooga &#8211; <em>san\u0101tana dharma<\/em> p\u00e4rl.<\/strong><\/p>\n<p><em>Siddha<\/em> jooga juured ulatuvad tagasi tuhandete aastate taha, mil esimesed <em>siddha<\/em>-joogid, tuntud kui inimv\u00f5imekuse realiseerinud joogameistrid ehk <em>siddha<\/em>\u00b4d, saavutasid s\u00fcgavad teadmised inimese ja universumi olemusest.<\/p>\n<p><em>Siddha<\/em> joogas \u00f5pime avastama enda t\u00f5elist olemust \u2013 ajatut, muutumatut rahu ja heaolu, et j\u00f5uda eneserealisatsioonini. <em>Siddha<\/em>\u00b4d on t\u00f5estanud, et on v\u00f5imalik elada p\u00fcsivas teadlikkuses oma t\u00f5elisest minast. Selle saavutamise teekond on kirjeldatud <em>siddha<\/em> Patanjali ja <em>mahasiddha<\/em> Agathiyari \u201cSaumya Sagaram\u201d joogasuutrates.<\/p>\n<p>&nbsp;<\/p>\n<h2 style=\"text-align: center;\">Iidsed teadmised on t\u00e4nap\u00e4evases rakenduses joogameister Ishwarananda vahendusel<\/h2>\n<p>&nbsp;<\/p>\n<hr style=\"width: 30%; background-color: red;\" \/>\n<p>T\u00e4nap\u00e4eva joogameistrid, kes on p\u00fchendunud sarnasele s\u00fcgavale uurimisele ja avastanud samad t\u00f5ed praktiliselt, oskavad iidseid \u00f5petusi m\u00f5ista, rakendada ja teistele edasi anda. Lilleorus on <em>siddha<\/em> jooga \u00f5petaja Ingvar Villido Ishwarananda jaganud neid v\u00e4\u00e4rtuslikke teadmisi mituk\u00fcmmend aastat.<\/p>\n<p>Siddha jooga Lilleorus h\u00f5lmab <em>siddha<\/em> Patanjali ja <em>mahasiddha<\/em> Agathiyari \u201cSaumya Sagaram\u201d joogasuutrate s\u00fcvitsi uurimist ja nende praktilist rakendust elus, Ishwarananda kommentaaride ja juhiste abil.<\/p>\n<p>Seda t\u00e4iendavad regulaarsed <em>kriya hatha<\/em> jooga tunnid f\u00fc\u00fcsiliste harjutuste, hingamistehnikate ja meditatsiooniga, mille eesm\u00e4rk on tasakaalustada keha talitlus ja energiad, avastada teadvelolek ning saavutada suurem sisemine rahu ja tasakaal.<\/p>\n<p><em>Siddha<\/em> jooga retriidid ja p\u00fchendused Lilleorus keskenduvad praktilistele tehnikatele, mis aitavad saavutada s\u00fcgavamat meditatiivset seisundit ja kiirendada vaimset arengut. Need h\u00f5lmavad pranayama (hingamistehnikaid), mantra meditatsiooni, mudra (k\u00e4te asendeid), <em>siddha<\/em> jooga tehnikaid, vaikset meditatsiooni ja <em>satsang<\/em>i (vaimseid \u00f5petusi ja arutelusid).<\/p>\n<p><a href=\"https:\/\/www.lilleoru.ee\/et\/events\/tapase-retriit\/\" target=\"_blank\" rel=\"noopener\">Regulaarsed retriidid ja joogaliku enesedistsipliini ehk <em>tapas<\/em>&#8216;e praktikad<\/a> aitavad m\u00f5ista endaga toimuvat s\u00fcgavuti ja vabaneda sisemistest takistustest, et teekonnal edeneda.<\/p>\n<p><a href=\"https:\/\/www.lilleoru.ee\/et\/events\/practical-consciousness\/\" target=\"_blank\" rel=\"noopener\"><em>Practical Consciousness<\/em>&#8217;i meetod<\/a>, mis on <em>siddha<\/em> jooga ettevalmistav osa, aitab vabaneda rahututest m\u00f5tetest ja emotsionaalsetest pingetest. See \u00f5petab valima enda kogemusi ja keskendama t\u00e4helepanu teadvusele ning sisemisele rahule ja vaikusele.<\/p>\n<p>&nbsp;<\/p>\n<h2 style=\"text-align: center;\"><em>Siddha<\/em> jooga on praktiliste teadmiste ja tegevuste tee<\/h2>\n<p>&nbsp;<\/p>\n<hr style=\"width: 30%; background-color: red;\" \/>\n<p>Praktikates on r\u00f5hutatud teadlik ja j\u00e4rjekindel teadmiste rakendamine, et j\u00f5uda soovitud eesm\u00e4rgini. J\u00e4rjekindla praktika tulemusena m\u00f5istame s\u00fcgavuti, et rahu ja vaikus ei s\u00f5ltu v\u00e4lismaailmast, vaid on meie sisemised omadused.<\/p>\n<p><em>Siddha<\/em> jooga on vahend s\u00fcvenemiseks sisemise rahu seisundisse, l\u00e4bi teadvuse puhastamise erinevatest rahutustest ja aktiivsustest, mis aitab arendada ka keskendumist, meelekindlust ja selgust.<\/p>\n<p>Kui m\u00f5istame, kes me olemuslikult oleme ja \u00f5pime oma teadvustamist ehk fookust juhtima, avanevad l\u00e4bi <em>siddha<\/em> jooga meile t\u00e4iesti uued v\u00f5imalused olemasolu kogemiseks.<\/p>\n<p>&nbsp;<\/p>\n<h2 style=\"text-align: center;\"><em>Siddha<\/em> jooga viib s\u00fcgava sisemise rahu, selguse ja vabaduseni<\/h2>\n<p>&nbsp;<\/p>\n<hr style=\"width: 30%; background-color: red;\" \/>\n<p><em>Siddha<\/em> jooga praktikad <em>nirodha<\/em>, <em>samadhi<\/em> ja <em>kaivalya<\/em> seisunditeni.<\/p>\n<p><em>Nirodha<\/em> on teadvuse seisund, kus m\u00f5tted ja emotsioonid on vaibunud, tuues kaasa rahu ja selguse. <em>Samadhi<\/em> t\u00e4hendab s\u00fcgavat \u00fchendust absoluutse teadvusega, ja <em>kaivalya<\/em> viitab nii elu kannatustest vabanemisele kui ka t\u00e4ielikule vabadusele.<\/p>\n<p>Lilleorus on v\u00f5imalus \u00f5ppida ja praktiseerida <em>siddha<\/em> joogat, et j\u00f5uda nende s\u00fcgavate teadvuse seisunditeni, kogedes sisemist rahu ja vabadust. See toob igap\u00e4evaellu selguse ning t\u00e4iuslikkuse ja heaolu kogemuse.<\/p>\n\n","protected":false},"excerpt":{"rendered":"<p>Siddha jooga \u00f5petus Lilleorus &nbsp; Teekond s\u00fcgava rahu, selguse ja t\u00e4iusliku heaoluni &nbsp; Siddha jooga &#8211; san\u0101tana dharma p\u00e4rl. Siddha jooga juured ulatuvad tagasi tuhandete aastate taha, mil esimesed siddha-joogid, tuntud kui inimv\u00f5imekuse realiseerinud joogameistrid ehk siddha\u00b4d, saavutasid s\u00fcgavad teadmised inimese ja universumi olemusest. Siddha joogas \u00f5pime avastama enda t\u00f5elist olemust \u2013 ajatut, muutumatut rahu [&hellip;]<\/p>\n","protected":false},"author":11,"featured_media":0,"parent":0,"menu_order":0,"comment_status":"closed","ping_status":"closed","template":"","meta":{"inline_featured_image":false},"acf":[],"yoast_head":"<!-- This site is optimized with the Yoast SEO plugin v19.0 - https:\/\/yoast.com\/wordpress\/plugins\/seo\/ -->\n<title>Siddha jooga - Lilleoru<\/title>\n<meta name=\"robots\" content=\"index, follow, max-snippet:-1, max-image-preview:large, max-video-preview:-1\" \/>\n<link rel=\"canonical\" href=\"https:\/\/www.lilleoru.ee\/et\/siddha-jooga\/\" \/>\n<meta property=\"og:locale\" content=\"et_EE\" \/>\n<meta property=\"og:type\" content=\"article\" \/>\n<meta property=\"og:title\" content=\"Siddha jooga - Lilleoru\" \/>\n<meta property=\"og:description\" content=\"Siddha jooga \u00f5petus Lilleorus &nbsp; Teekond s\u00fcgava rahu, selguse ja t\u00e4iusliku heaoluni &nbsp; Siddha jooga &#8211; san\u0101tana dharma p\u00e4rl. Siddha jooga juured ulatuvad tagasi tuhandete aastate taha, mil esimesed siddha-joogid, tuntud kui inimv\u00f5imekuse realiseerinud joogameistrid ehk siddha\u00b4d, saavutasid s\u00fcgavad teadmised inimese ja universumi olemusest. Siddha joogas \u00f5pime avastama enda t\u00f5elist olemust \u2013 ajatut, muutumatut rahu [&hellip;]\" \/>\n<meta property=\"og:url\" content=\"https:\/\/www.lilleoru.ee\/et\/siddha-jooga\/\" \/>\n<meta property=\"og:site_name\" content=\"Lilleoru\" \/>\n<meta property=\"article:publisher\" content=\"https:\/\/www.facebook.com\/lilleoru\" \/>\n<meta property=\"article:modified_time\" content=\"2024-12-02T17:04:46+00:00\" \/>\n<meta name=\"twitter:card\" content=\"summary_large_image\" \/>\n<meta name=\"twitter:label1\" content=\"Est. reading time\" \/>\n\t<meta name=\"twitter:data1\" content=\"3 minutit\" \/>\n<script type=\"application\/ld+json\" class=\"yoast-schema-graph\">{\"@context\":\"https:\/\/schema.org\",\"@graph\":[{\"@type\":\"WebSite\",\"@id\":\"https:\/\/www.lilleoru.ee\/et\/#website\",\"url\":\"https:\/\/www.lilleoru.ee\/et\/\",\"name\":\"Lilleoru\",\"description\":\"\",\"potentialAction\":[{\"@type\":\"SearchAction\",\"target\":{\"@type\":\"EntryPoint\",\"urlTemplate\":\"https:\/\/www.lilleoru.ee\/et\/?s={search_term_string}\"},\"query-input\":\"required name=search_term_string\"}],\"inLanguage\":\"et\"},{\"@type\":\"WebPage\",\"@id\":\"https:\/\/www.lilleoru.ee\/et\/siddha-jooga\/#webpage\",\"url\":\"https:\/\/www.lilleoru.ee\/et\/siddha-jooga\/\",\"name\":\"Siddha jooga - Lilleoru\",\"isPartOf\":{\"@id\":\"https:\/\/www.lilleoru.ee\/et\/#website\"},\"datePublished\":\"2024-02-14T17:58:13+00:00\",\"dateModified\":\"2024-12-02T17:04:46+00:00\",\"breadcrumb\":{\"@id\":\"https:\/\/www.lilleoru.ee\/et\/siddha-jooga\/#breadcrumb\"},\"inLanguage\":\"et\",\"potentialAction\":[{\"@type\":\"ReadAction\",\"target\":[\"https:\/\/www.lilleoru.ee\/et\/siddha-jooga\/\"]}]},{\"@type\":\"BreadcrumbList\",\"@id\":\"https:\/\/www.lilleoru.ee\/et\/siddha-jooga\/#breadcrumb\",\"itemListElement\":[{\"@type\":\"ListItem\",\"position\":1,\"name\":\"Home\",\"item\":\"https:\/\/www.lilleoru.ee\/et\/\"},{\"@type\":\"ListItem\",\"position\":2,\"name\":\"Siddha jooga\"}]}]}<\/script>\n<!-- \/ Yoast SEO plugin. -->","yoast_head_json":{"title":"Siddha jooga - Lilleoru","robots":{"index":"index","follow":"follow","max-snippet":"max-snippet:-1","max-image-preview":"max-image-preview:large","max-video-preview":"max-video-preview:-1"},"canonical":"https:\/\/www.lilleoru.ee\/et\/siddha-jooga\/","og_locale":"et_EE","og_type":"article","og_title":"Siddha jooga - Lilleoru","og_description":"Siddha jooga \u00f5petus Lilleorus &nbsp; Teekond s\u00fcgava rahu, selguse ja t\u00e4iusliku heaoluni &nbsp; Siddha jooga &#8211; san\u0101tana dharma p\u00e4rl. Siddha jooga juured ulatuvad tagasi tuhandete aastate taha, mil esimesed siddha-joogid, tuntud kui inimv\u00f5imekuse realiseerinud joogameistrid ehk siddha\u00b4d, saavutasid s\u00fcgavad teadmised inimese ja universumi olemusest. Siddha joogas \u00f5pime avastama enda t\u00f5elist olemust \u2013 ajatut, muutumatut rahu [&hellip;]","og_url":"https:\/\/www.lilleoru.ee\/et\/siddha-jooga\/","og_site_name":"Lilleoru","article_publisher":"https:\/\/www.facebook.com\/lilleoru","article_modified_time":"2024-12-02T17:04:46+00:00","twitter_card":"summary_large_image","twitter_misc":{"Est. reading time":"3 minutit"},"schema":{"@context":"https:\/\/schema.org","@graph":[{"@type":"WebSite","@id":"https:\/\/www.lilleoru.ee\/et\/#website","url":"https:\/\/www.lilleoru.ee\/et\/","name":"Lilleoru","description":"","potentialAction":[{"@type":"SearchAction","target":{"@type":"EntryPoint","urlTemplate":"https:\/\/www.lilleoru.ee\/et\/?s={search_term_string}"},"query-input":"required name=search_term_string"}],"inLanguage":"et"},{"@type":"WebPage","@id":"https:\/\/www.lilleoru.ee\/et\/siddha-jooga\/#webpage","url":"https:\/\/www.lilleoru.ee\/et\/siddha-jooga\/","name":"Siddha jooga - Lilleoru","isPartOf":{"@id":"https:\/\/www.lilleoru.ee\/et\/#website"},"datePublished":"2024-02-14T17:58:13+00:00","dateModified":"2024-12-02T17:04:46+00:00","breadcrumb":{"@id":"https:\/\/www.lilleoru.ee\/et\/siddha-jooga\/#breadcrumb"},"inLanguage":"et","potentialAction":[{"@type":"ReadAction","target":["https:\/\/www.lilleoru.ee\/et\/siddha-jooga\/"]}]},{"@type":"BreadcrumbList","@id":"https:\/\/www.lilleoru.ee\/et\/siddha-jooga\/#breadcrumb","itemListElement":[{"@type":"ListItem","position":1,"name":"Home","item":"https:\/\/www.lilleoru.ee\/et\/"},{"@type":"ListItem","position":2,"name":"Siddha jooga"}]}]}},"_links":{"self":[{"href":"https:\/\/www.lilleoru.ee\/et\/wp-json\/wp\/v2\/pages\/5405"}],"collection":[{"href":"https:\/\/www.lilleoru.ee\/et\/wp-json\/wp\/v2\/pages"}],"about":[{"href":"https:\/\/www.lilleoru.ee\/et\/wp-json\/wp\/v2\/types\/page"}],"author":[{"embeddable":true,"href":"https:\/\/www.lilleoru.ee\/et\/wp-json\/wp\/v2\/users\/11"}],"replies":[{"embeddable":true,"href":"https:\/\/www.lilleoru.ee\/et\/wp-json\/wp\/v2\/comments?post=5405"}],"version-history":[{"count":39,"href":"https:\/\/www.lilleoru.ee\/et\/wp-json\/wp\/v2\/pages\/5405\/revisions"}],"predecessor-version":[{"id":6288,"href":"https:\/\/www.lilleoru.ee\/et\/wp-json\/wp\/v2\/pages\/5405\/revisions\/6288"}],"wp:attachment":[{"href":"https:\/\/www.lilleoru.ee\/et\/wp-json\/wp\/v2\/media?parent=5405"}],"curies":[{"name":"wp","href":"https:\/\/api.w.org\/{rel}","templated":true}]}}