{"id":5705,"date":"2024-05-03T18:23:27","date_gmt":"2024-05-03T15:23:27","guid":{"rendered":"https:\/\/www.lilleoru.ee\/?page_id=5705"},"modified":"2024-11-29T23:52:02","modified_gmt":"2024-11-29T21:52:02","slug":"organisatsioon","status":"publish","type":"page","link":"https:\/\/www.lilleoru.ee\/et\/organisatsioon\/","title":{"rendered":"Organisatsioon"},"content":{"rendered":"<p>Lilleoru on 30 aasta jooksul kasvanud Ingvar Villido Ishwarananda eestvedamisel ning tuhandete vabatahtlike panusel rahvusvahelise \u00f5pilaskonnaga <em>siddha<\/em> jooga keskuseks ning <em>san\u0101tana dharma<\/em> printsiipidel ja v\u00e4\u00e4rtustel toimivaks p\u00fchapaigaks.<\/p>\n<p>MT\u00dc Lilleoru on asutatud 2001. aasta 18. m\u00e4rtsil. Territoorium h\u00f5lmab 30 hektarit, millest 18 hektarit on metsaala.<\/p>\n<h2 style=\"text-align: center;\">Eesm\u00e4rk ja tegevus<\/h2>\n<p>&nbsp;<\/p>\n<hr style=\"width: 30%; background-color: red;\" \/>\n<p>\u00dching \u00fchendab Ingvar Villido Ishwarananda \u00f5pilasi, kes on v\u00f5tnud eesma\u0308rgiks toetada humaansusele viiva \u00f5petuste s\u00fcsteemi levikut maailmas ja kanda hoolt Lilleoru \u00f5ppekeskuse, p\u00fchapaiga, Shiva templi ja kogu territooriumi eest.<\/p>\n<p>Eesma\u0308rgi elluviimiseks pakume erinevaid v\u00f5imalusi \u2013 korraldame koolitusi, kursuseid, retriite, loenguid ja teisi s\u00fcndmusi.<\/p>\n<p>Tegevusi ja arengut rahastame peamiselt \u00f5ppetegevuse ja kursuste tuludest, liikmemaksudest, annetustest ning fonditoetustest.<\/p>\n<h2 style=\"text-align: center;\">Visioon<\/h2>\n<p>&nbsp;<\/p>\n<hr style=\"width: 30%; background-color: red;\" \/>\n<p>Visioonina n\u00e4eme inimest, kes on avastanud oma t\u00f5elise sisemise olemuse. Selline inimene kogeb rahu, vaikust ja heaolu ning tegutseb teadlikult, l\u00e4htudes t\u00f5elisest minast. Ta on vaba negatiivsetest emotsioonidest ja kahjustavatest m\u00f5ttemustritest. Selline inimene loob endas positiivse muutuse ja see muutus kajastub ka maailmas tema \u00fcmber. <em>Siddha<\/em> jooga \u00f5pilastena oleme transformatsiooni teekonnal ning meie \u00fchiseks sooviks on, et sarnane muutus saaks osaks v\u00f5imalikult paljudele inimestele.<\/p>\n<h2 style=\"text-align: center;\">Missioon<\/h2>\n<p>&nbsp;<\/p>\n<hr style=\"width: 30%; background-color: red;\" \/>\n<p>Meie missiooniks on pakkuda Lilleorus transformatiivseid enesearengu v\u00f5imalusi <em>Practical Consciousness<\/em>\u00b4i meetodi, <em>siddha<\/em> jooga ning iidsete India tarkade ehk <em>siddha<\/em>\u00b4de teadmistel p\u00f5hinevate \u00f5ppeprogrammide alusel (nt <em>tapas<\/em>&#8216;e retriidid, siddha jooga retriidid jms.). Selleks arendame \u00f5ppekeskust ja avatud p\u00fchapaika. Kanname hoolt <em>san\u0101tana dharma<\/em> v\u00e4\u00e4rtustel ja printsiipidel loodud ja tegutseva Shiva templi eest.<\/p>\n<p>Lilleoru on soodne keskkond s\u00fcgavamaks eneseavastamiseks, joogalikuks puhastumiseks ning vaimseteks praktikateks. Praktiliste teadmiste ja tegevuste kaudu tulevad esile inimese loomulikud sisemised kvaliteedid: teadvus ja t\u00f5eline mina, rahu ja selgus. Avaneb r\u00f5\u00f5msa ja isetu koostegutsemise v\u00f5imalus, mille kaudu saab \u00f5ppida oma teadvust rakendama teadlikult ja praktiliselt.<\/p>\n<h2 style=\"text-align: center;\">V\u00e4\u00e4rtused<\/h2>\n<p>&nbsp;<\/p>\n<hr style=\"width: 30%; background-color: red;\" \/>\n<p>Meie v\u00e4\u00e4rtused on heatahtlikkus, lihtsus ja transformatsioon ning <em>san\u0101tana dharma<\/em> eetikajuhised.<\/p>\n<p>Heatahtlikkus on siira s\u00fcdame v\u00e4ljendus, mis puudutab k\u00f5iki soojusega ja ilma eelarvamusteta.<\/p>\n<p>K\u00f5ige lihtsamaid asju on sageli k\u00f5ige keerulisem m\u00f5ista. P\u00f5hjalikuks arusaamiseks tuleb s\u00fcveneda, siis muutuvad asjad lihtsaks ja praktiliseks. Lihtsus on teadvuse omaduste kasutamine, mitte primitiivsus.<\/p>\n<p>Me aktsepteerime, et iga\u00fcks meist on oma individuaalsel arenguteekonnal, kus on omad v\u00e4ljakutsed. Me ei v\u00f5rdle, hinda ega m\u00f5ista kohut. Toetame ja julgustame muutuma l\u00e4bi praktiliste teadmiste, et saavutada arusaamine ja transformatsioon.<\/p>\n<p>Me j\u00e4rgime <em>san\u0101tana dharma<\/em> \u2013 vanima vaimse traditsiooni \u2013 \u00f5petusi ja olulisi v\u00e4\u00e4rtuseid: eetilist ja oma kohustusi aktsepteerivat k\u00e4itumist (<em>dharma<\/em>), v\u00e4givallatuse p\u00f5him\u00f5tet, mis t\u00e4hendab hoida k\u00f5ike elavat (ahimsa), ausust ja t\u00f5e r\u00e4\u00e4kimist k\u00f5igis olukordades (satya), mittevarastamise p\u00f5him\u00f5tet ehk selle mittehimustamist, mis ei ole mulle osaks saanud (<em>asteya<\/em>).<\/p>\n<h2 style=\"text-align: center;\">Juhtimine<\/h2>\n<p>&nbsp;<\/p>\n<hr style=\"width: 30%; background-color: red;\" \/>\n<p>Lilleoru juhtimisse panustab \u00fcldkogu poolt valitav 2-liikmeline juhatus ning valdkonna juhtidest koosnev tiim. Loe meie juhtidest l\u00e4hemalt <a href=\"https:\/\/www.lilleoru.ee\/inimesed\/\">siit<\/a>.<\/p>\n<h2 style=\"text-align: center;\">Liitumine ja koost\u00f6\u00f6<\/h2>\n<p>&nbsp;<\/p>\n<hr style=\"width: 30%; background-color: red;\" \/>\n<p>Lilleoruga tutvumiseks ja liitumiseks pakume ringk\u00e4ige, tegutsemist vabatahtlikuna, \u00f5ppeprogramme ning spetsiaalset tutvumisprogrammi. Huvi korral vaata l\u00e4hemalt <a href=\"https:\/\/www.lilleoru.ee\/events\/koik-sundmused\/\">siit<\/a> v\u00f5i v\u00f5ta \u00fchendust e-posti aadressil <a href=\"mailto:info@lilleoru.ee\">info@lilleoru.ee<\/a>.<\/p>\n<h2 style=\"text-align: center;\">Olete oodatud Lilleorgu, liituma meiega teekonnal iseenda t\u00f5elise olemuse ja vaimse kasvu poole.<\/h2>\n\n","protected":false},"excerpt":{"rendered":"<p>Lilleoru on 30 aasta jooksul kasvanud Ingvar Villido Ishwarananda eestvedamisel ning tuhandete vabatahtlike panusel rahvusvahelise \u00f5pilaskonnaga siddha jooga keskuseks ning san\u0101tana dharma printsiipidel ja v\u00e4\u00e4rtustel toimivaks p\u00fchapaigaks. MT\u00dc Lilleoru on asutatud 2001. aasta 18. m\u00e4rtsil. Territoorium h\u00f5lmab 30 hektarit, millest 18 hektarit on metsaala. Eesm\u00e4rk ja tegevus &nbsp; \u00dching \u00fchendab Ingvar Villido Ishwarananda \u00f5pilasi, kes [&hellip;]<\/p>\n","protected":false},"author":11,"featured_media":0,"parent":0,"menu_order":0,"comment_status":"closed","ping_status":"closed","template":"","meta":{"inline_featured_image":false},"acf":[],"yoast_head":"<!-- This site is optimized with the Yoast SEO plugin v19.0 - https:\/\/yoast.com\/wordpress\/plugins\/seo\/ -->\n<title>Organisatsioon - Lilleoru<\/title>\n<meta name=\"description\" content=\"Meie \u00fcldisemaks eesm\u00e4rgiks on teadlikkuse, humaansuse ja j\u00e4tkusuutliku eluviisi laiem levik kogu maailmas.\" \/>\n<meta name=\"robots\" content=\"index, follow, max-snippet:-1, max-image-preview:large, max-video-preview:-1\" \/>\n<link rel=\"canonical\" href=\"https:\/\/www.lilleoru.ee\/et\/organisatsioon\/\" \/>\n<meta property=\"og:locale\" content=\"et_EE\" \/>\n<meta property=\"og:type\" content=\"article\" \/>\n<meta property=\"og:title\" content=\"Organisatsioon - Lilleoru\" \/>\n<meta property=\"og:description\" content=\"Meie \u00fcldisemaks eesm\u00e4rgiks on teadlikkuse, humaansuse ja j\u00e4tkusuutliku eluviisi laiem levik kogu maailmas.\" \/>\n<meta property=\"og:url\" content=\"https:\/\/www.lilleoru.ee\/et\/organisatsioon\/\" \/>\n<meta property=\"og:site_name\" content=\"Lilleoru\" \/>\n<meta property=\"article:publisher\" content=\"https:\/\/www.facebook.com\/lilleoru\" \/>\n<meta property=\"article:modified_time\" content=\"2024-11-29T21:52:02+00:00\" \/>\n<meta name=\"twitter:card\" content=\"summary_large_image\" \/>\n<meta name=\"twitter:label1\" content=\"Est. reading time\" \/>\n\t<meta name=\"twitter:data1\" content=\"3 minutit\" \/>\n<script type=\"application\/ld+json\" class=\"yoast-schema-graph\">{\"@context\":\"https:\/\/schema.org\",\"@graph\":[{\"@type\":\"WebSite\",\"@id\":\"https:\/\/www.lilleoru.ee\/et\/#website\",\"url\":\"https:\/\/www.lilleoru.ee\/et\/\",\"name\":\"Lilleoru\",\"description\":\"\",\"potentialAction\":[{\"@type\":\"SearchAction\",\"target\":{\"@type\":\"EntryPoint\",\"urlTemplate\":\"https:\/\/www.lilleoru.ee\/et\/?s={search_term_string}\"},\"query-input\":\"required name=search_term_string\"}],\"inLanguage\":\"et\"},{\"@type\":\"WebPage\",\"@id\":\"https:\/\/www.lilleoru.ee\/et\/organisatsioon\/#webpage\",\"url\":\"https:\/\/www.lilleoru.ee\/et\/organisatsioon\/\",\"name\":\"Organisatsioon - Lilleoru\",\"isPartOf\":{\"@id\":\"https:\/\/www.lilleoru.ee\/et\/#website\"},\"datePublished\":\"2024-05-03T15:23:27+00:00\",\"dateModified\":\"2024-11-29T21:52:02+00:00\",\"description\":\"Meie \u00fcldisemaks eesm\u00e4rgiks on teadlikkuse, humaansuse ja j\u00e4tkusuutliku eluviisi laiem levik kogu maailmas.\",\"breadcrumb\":{\"@id\":\"https:\/\/www.lilleoru.ee\/et\/organisatsioon\/#breadcrumb\"},\"inLanguage\":\"et\",\"potentialAction\":[{\"@type\":\"ReadAction\",\"target\":[\"https:\/\/www.lilleoru.ee\/et\/organisatsioon\/\"]}]},{\"@type\":\"BreadcrumbList\",\"@id\":\"https:\/\/www.lilleoru.ee\/et\/organisatsioon\/#breadcrumb\",\"itemListElement\":[{\"@type\":\"ListItem\",\"position\":1,\"name\":\"Home\",\"item\":\"https:\/\/www.lilleoru.ee\/et\/\"},{\"@type\":\"ListItem\",\"position\":2,\"name\":\"Organisatsioon\"}]}]}<\/script>\n<!-- \/ Yoast SEO plugin. -->","yoast_head_json":{"title":"Organisatsioon - Lilleoru","description":"Meie \u00fcldisemaks eesm\u00e4rgiks on teadlikkuse, humaansuse ja j\u00e4tkusuutliku eluviisi laiem levik kogu maailmas.","robots":{"index":"index","follow":"follow","max-snippet":"max-snippet:-1","max-image-preview":"max-image-preview:large","max-video-preview":"max-video-preview:-1"},"canonical":"https:\/\/www.lilleoru.ee\/et\/organisatsioon\/","og_locale":"et_EE","og_type":"article","og_title":"Organisatsioon - Lilleoru","og_description":"Meie \u00fcldisemaks eesm\u00e4rgiks on teadlikkuse, humaansuse ja j\u00e4tkusuutliku eluviisi laiem levik kogu maailmas.","og_url":"https:\/\/www.lilleoru.ee\/et\/organisatsioon\/","og_site_name":"Lilleoru","article_publisher":"https:\/\/www.facebook.com\/lilleoru","article_modified_time":"2024-11-29T21:52:02+00:00","twitter_card":"summary_large_image","twitter_misc":{"Est. reading time":"3 minutit"},"schema":{"@context":"https:\/\/schema.org","@graph":[{"@type":"WebSite","@id":"https:\/\/www.lilleoru.ee\/et\/#website","url":"https:\/\/www.lilleoru.ee\/et\/","name":"Lilleoru","description":"","potentialAction":[{"@type":"SearchAction","target":{"@type":"EntryPoint","urlTemplate":"https:\/\/www.lilleoru.ee\/et\/?s={search_term_string}"},"query-input":"required name=search_term_string"}],"inLanguage":"et"},{"@type":"WebPage","@id":"https:\/\/www.lilleoru.ee\/et\/organisatsioon\/#webpage","url":"https:\/\/www.lilleoru.ee\/et\/organisatsioon\/","name":"Organisatsioon - Lilleoru","isPartOf":{"@id":"https:\/\/www.lilleoru.ee\/et\/#website"},"datePublished":"2024-05-03T15:23:27+00:00","dateModified":"2024-11-29T21:52:02+00:00","description":"Meie \u00fcldisemaks eesm\u00e4rgiks on teadlikkuse, humaansuse ja j\u00e4tkusuutliku eluviisi laiem levik kogu maailmas.","breadcrumb":{"@id":"https:\/\/www.lilleoru.ee\/et\/organisatsioon\/#breadcrumb"},"inLanguage":"et","potentialAction":[{"@type":"ReadAction","target":["https:\/\/www.lilleoru.ee\/et\/organisatsioon\/"]}]},{"@type":"BreadcrumbList","@id":"https:\/\/www.lilleoru.ee\/et\/organisatsioon\/#breadcrumb","itemListElement":[{"@type":"ListItem","position":1,"name":"Home","item":"https:\/\/www.lilleoru.ee\/et\/"},{"@type":"ListItem","position":2,"name":"Organisatsioon"}]}]}},"_links":{"self":[{"href":"https:\/\/www.lilleoru.ee\/et\/wp-json\/wp\/v2\/pages\/5705"}],"collection":[{"href":"https:\/\/www.lilleoru.ee\/et\/wp-json\/wp\/v2\/pages"}],"about":[{"href":"https:\/\/www.lilleoru.ee\/et\/wp-json\/wp\/v2\/types\/page"}],"author":[{"embeddable":true,"href":"https:\/\/www.lilleoru.ee\/et\/wp-json\/wp\/v2\/users\/11"}],"replies":[{"embeddable":true,"href":"https:\/\/www.lilleoru.ee\/et\/wp-json\/wp\/v2\/comments?post=5705"}],"version-history":[{"count":13,"href":"https:\/\/www.lilleoru.ee\/et\/wp-json\/wp\/v2\/pages\/5705\/revisions"}],"predecessor-version":[{"id":6295,"href":"https:\/\/www.lilleoru.ee\/et\/wp-json\/wp\/v2\/pages\/5705\/revisions\/6295"}],"wp:attachment":[{"href":"https:\/\/www.lilleoru.ee\/et\/wp-json\/wp\/v2\/media?parent=5705"}],"curies":[{"name":"wp","href":"https:\/\/api.w.org\/{rel}","templated":true}]}}