{"id":582,"date":"2022-03-08T17:25:54","date_gmt":"2022-03-08T17:25:54","guid":{"rendered":"https:\/\/www.lilleoru.ee\/?page_id=582"},"modified":"2025-10-13T22:06:27","modified_gmt":"2025-10-13T19:06:27","slug":"tere-tulemast","status":"publish","type":"page","link":"https:\/\/www.lilleoru.ee\/et\/tere-tulemast\/","title":{"rendered":"Tule k\u00fclla"},"content":{"rendered":"<p>Tutvu Lilleoru ja <a href=\"https:\/\/shivatemple.lilleoru.ee\/et\/\">Shiva templiga<\/a> omal k\u00e4el, osale juhendatud ringk\u00e4igul v\u00f5i v\u00f5ta aega pikemaks peatumiseks, et toetada oma heaolu erinevate teraapiatega.<\/p>\n<p>Shiva templi ala ja Lilleoru park on suurep\u00e4rased kohad jalutusk\u00e4ikudeks, avatud iga p\u00e4ev. Lisaks on siin metsarada, laste seiklusrada ja imeline Amrita veesilm ujumisv\u00f5imalusega. N\u00e4dalavahetustel toimub siin rohkem s\u00fcndmusi ja sageli v\u00f5ib kohata kriya jooga \u00f5pilasi toimetamas.<\/p>\n<p><span style=\"font-weight: 400;\">Lilleorgu k\u00fclastades v\u00f5id koha toetuseks teha sobivas summas annetuse koha peal annetuskarpi v\u00f5i <a href=\"https:\/\/fienta.com\/et\/toetusfond\">\u00fclekandega<\/a>.<br \/>\n<\/span><span style=\"font-weight: 400;\"><br \/>\n<\/span><a href=\"https:\/\/www.lilleoru.ee\/events\/ringkaigud\/\">Juhendatud ringk\u00e4igud<\/a> <strong><span style=\"font-weight: 400;\">Lilleorus toimuvad kevadest s\u00fcgiseni.\u00a0<\/span><\/strong>Shiva templit ja p\u00fchakodasid saad k\u00fclastada iseseisvalt aastaringselt.<\/p>\n<p>Oled oodatud Lilleorusse!<\/p>\n<hr \/>\n<p>Rohkem infot paiga kohta leiad kodulehe P\u00dcHAPAIK rubriigist.<\/p>\n<p>Vaata <a href=\"https:\/\/www.lilleoru.ee\/kontakt\/\">KONTAKT<\/a> rubriigist, kuidas meie juurde tulla.<\/p>\n<p>&nbsp;<\/p>\n\n","protected":false},"excerpt":{"rendered":"<p>Tutvu Lilleoru ja Shiva templiga omal k\u00e4el, osale juhendatud ringk\u00e4igul v\u00f5i v\u00f5ta aega pikemaks peatumiseks, et toetada oma heaolu erinevate teraapiatega. Shiva templi ala ja Lilleoru park on suurep\u00e4rased kohad jalutusk\u00e4ikudeks, avatud iga p\u00e4ev. Lisaks on siin metsarada, laste seiklusrada ja imeline Amrita veesilm ujumisv\u00f5imalusega. N\u00e4dalavahetustel toimub siin rohkem s\u00fcndmusi ja sageli v\u00f5ib kohata kriya [&hellip;]<\/p>\n","protected":false},"author":11,"featured_media":0,"parent":0,"menu_order":0,"comment_status":"closed","ping_status":"closed","template":"","meta":{"inline_featured_image":false},"acf":[],"yoast_head":"<!-- This site is optimized with the Yoast SEO plugin v19.0 - https:\/\/yoast.com\/wordpress\/plugins\/seo\/ -->\n<title>Tule k\u00fclla - Lilleoru<\/title>\n<meta name=\"description\" content=\"V\u00f5id teha Lilleoruga tutvust omal k\u00e4el, osaleda juhendatud ringk\u00e4igul v\u00f5i viibida kohapeal veidi pikemalt ja toetada oma heaolu teraapiate abil.\" \/>\n<meta name=\"robots\" content=\"index, follow, max-snippet:-1, max-image-preview:large, max-video-preview:-1\" \/>\n<link rel=\"canonical\" href=\"https:\/\/www.lilleoru.ee\/et\/tere-tulemast\/\" \/>\n<meta property=\"og:locale\" content=\"et_EE\" \/>\n<meta property=\"og:type\" content=\"article\" \/>\n<meta property=\"og:title\" content=\"Tule k\u00fclla - Lilleoru\" \/>\n<meta property=\"og:description\" content=\"V\u00f5id teha Lilleoruga tutvust omal k\u00e4el, osaleda juhendatud ringk\u00e4igul v\u00f5i viibida kohapeal veidi pikemalt ja toetada oma heaolu teraapiate abil.\" \/>\n<meta property=\"og:url\" content=\"https:\/\/www.lilleoru.ee\/et\/tere-tulemast\/\" \/>\n<meta property=\"og:site_name\" content=\"Lilleoru\" \/>\n<meta property=\"article:publisher\" content=\"https:\/\/www.facebook.com\/lilleoru\" \/>\n<meta property=\"article:modified_time\" content=\"2025-10-13T19:06:27+00:00\" \/>\n<meta name=\"twitter:card\" content=\"summary_large_image\" \/>\n<meta name=\"twitter:label1\" content=\"Est. reading time\" \/>\n\t<meta name=\"twitter:data1\" content=\"1 minut\" \/>\n<script type=\"application\/ld+json\" class=\"yoast-schema-graph\">{\"@context\":\"https:\/\/schema.org\",\"@graph\":[{\"@type\":\"WebSite\",\"@id\":\"https:\/\/www.lilleoru.ee\/et\/#website\",\"url\":\"https:\/\/www.lilleoru.ee\/et\/\",\"name\":\"Lilleoru\",\"description\":\"\",\"potentialAction\":[{\"@type\":\"SearchAction\",\"target\":{\"@type\":\"EntryPoint\",\"urlTemplate\":\"https:\/\/www.lilleoru.ee\/et\/?s={search_term_string}\"},\"query-input\":\"required name=search_term_string\"}],\"inLanguage\":\"et\"},{\"@type\":\"WebPage\",\"@id\":\"https:\/\/www.lilleoru.ee\/et\/tere-tulemast\/#webpage\",\"url\":\"https:\/\/www.lilleoru.ee\/et\/tere-tulemast\/\",\"name\":\"Tule k\u00fclla - Lilleoru\",\"isPartOf\":{\"@id\":\"https:\/\/www.lilleoru.ee\/et\/#website\"},\"datePublished\":\"2022-03-08T17:25:54+00:00\",\"dateModified\":\"2025-10-13T19:06:27+00:00\",\"description\":\"V\u00f5id teha Lilleoruga tutvust omal k\u00e4el, osaleda juhendatud ringk\u00e4igul v\u00f5i viibida kohapeal veidi pikemalt ja toetada oma heaolu teraapiate abil.\",\"breadcrumb\":{\"@id\":\"https:\/\/www.lilleoru.ee\/et\/tere-tulemast\/#breadcrumb\"},\"inLanguage\":\"et\",\"potentialAction\":[{\"@type\":\"ReadAction\",\"target\":[\"https:\/\/www.lilleoru.ee\/et\/tere-tulemast\/\"]}]},{\"@type\":\"BreadcrumbList\",\"@id\":\"https:\/\/www.lilleoru.ee\/et\/tere-tulemast\/#breadcrumb\",\"itemListElement\":[{\"@type\":\"ListItem\",\"position\":1,\"name\":\"Home\",\"item\":\"https:\/\/www.lilleoru.ee\/et\/\"},{\"@type\":\"ListItem\",\"position\":2,\"name\":\"Tule k\u00fclla\"}]}]}<\/script>\n<!-- \/ Yoast SEO plugin. -->","yoast_head_json":{"title":"Tule k\u00fclla - Lilleoru","description":"V\u00f5id teha Lilleoruga tutvust omal k\u00e4el, osaleda juhendatud ringk\u00e4igul v\u00f5i viibida kohapeal veidi pikemalt ja toetada oma heaolu teraapiate abil.","robots":{"index":"index","follow":"follow","max-snippet":"max-snippet:-1","max-image-preview":"max-image-preview:large","max-video-preview":"max-video-preview:-1"},"canonical":"https:\/\/www.lilleoru.ee\/et\/tere-tulemast\/","og_locale":"et_EE","og_type":"article","og_title":"Tule k\u00fclla - Lilleoru","og_description":"V\u00f5id teha Lilleoruga tutvust omal k\u00e4el, osaleda juhendatud ringk\u00e4igul v\u00f5i viibida kohapeal veidi pikemalt ja toetada oma heaolu teraapiate abil.","og_url":"https:\/\/www.lilleoru.ee\/et\/tere-tulemast\/","og_site_name":"Lilleoru","article_publisher":"https:\/\/www.facebook.com\/lilleoru","article_modified_time":"2025-10-13T19:06:27+00:00","twitter_card":"summary_large_image","twitter_misc":{"Est. reading time":"1 minut"},"schema":{"@context":"https:\/\/schema.org","@graph":[{"@type":"WebSite","@id":"https:\/\/www.lilleoru.ee\/et\/#website","url":"https:\/\/www.lilleoru.ee\/et\/","name":"Lilleoru","description":"","potentialAction":[{"@type":"SearchAction","target":{"@type":"EntryPoint","urlTemplate":"https:\/\/www.lilleoru.ee\/et\/?s={search_term_string}"},"query-input":"required name=search_term_string"}],"inLanguage":"et"},{"@type":"WebPage","@id":"https:\/\/www.lilleoru.ee\/et\/tere-tulemast\/#webpage","url":"https:\/\/www.lilleoru.ee\/et\/tere-tulemast\/","name":"Tule k\u00fclla - Lilleoru","isPartOf":{"@id":"https:\/\/www.lilleoru.ee\/et\/#website"},"datePublished":"2022-03-08T17:25:54+00:00","dateModified":"2025-10-13T19:06:27+00:00","description":"V\u00f5id teha Lilleoruga tutvust omal k\u00e4el, osaleda juhendatud ringk\u00e4igul v\u00f5i viibida kohapeal veidi pikemalt ja toetada oma heaolu teraapiate abil.","breadcrumb":{"@id":"https:\/\/www.lilleoru.ee\/et\/tere-tulemast\/#breadcrumb"},"inLanguage":"et","potentialAction":[{"@type":"ReadAction","target":["https:\/\/www.lilleoru.ee\/et\/tere-tulemast\/"]}]},{"@type":"BreadcrumbList","@id":"https:\/\/www.lilleoru.ee\/et\/tere-tulemast\/#breadcrumb","itemListElement":[{"@type":"ListItem","position":1,"name":"Home","item":"https:\/\/www.lilleoru.ee\/et\/"},{"@type":"ListItem","position":2,"name":"Tule k\u00fclla"}]}]}},"_links":{"self":[{"href":"https:\/\/www.lilleoru.ee\/et\/wp-json\/wp\/v2\/pages\/582"}],"collection":[{"href":"https:\/\/www.lilleoru.ee\/et\/wp-json\/wp\/v2\/pages"}],"about":[{"href":"https:\/\/www.lilleoru.ee\/et\/wp-json\/wp\/v2\/types\/page"}],"author":[{"embeddable":true,"href":"https:\/\/www.lilleoru.ee\/et\/wp-json\/wp\/v2\/users\/11"}],"replies":[{"embeddable":true,"href":"https:\/\/www.lilleoru.ee\/et\/wp-json\/wp\/v2\/comments?post=582"}],"version-history":[{"count":54,"href":"https:\/\/www.lilleoru.ee\/et\/wp-json\/wp\/v2\/pages\/582\/revisions"}],"predecessor-version":[{"id":6509,"href":"https:\/\/www.lilleoru.ee\/et\/wp-json\/wp\/v2\/pages\/582\/revisions\/6509"}],"wp:attachment":[{"href":"https:\/\/www.lilleoru.ee\/et\/wp-json\/wp\/v2\/media?parent=582"}],"curies":[{"name":"wp","href":"https:\/\/api.w.org\/{rel}","templated":true}]}}