{"id":6070,"date":"2024-07-02T21:58:52","date_gmt":"2024-07-02T18:58:52","guid":{"rendered":"https:\/\/www.lilleoru.ee\/?page_id=6070"},"modified":"2026-03-20T11:09:19","modified_gmt":"2026-03-20T09:09:19","slug":"templi-kulastamine-ja-tseremooniad","status":"publish","type":"page","link":"https:\/\/www.lilleoru.ee\/et\/templi-kulastamine-ja-tseremooniad\/","title":{"rendered":"Templi k\u00fclastamine ja tseremooniad"},"content":{"rendered":"<h2 style=\"text-align: center;\">Templi k\u00fclastamine<\/h2>\n<p>Templiala on avatud terve p\u00e4eva.<\/p>\n<p>K\u00fclmal perioodil Shiva ja Shakti p\u00fchamud suletakse ning teenistused toimuvad Atmalinga vahendusel ashramis.<\/p>\n<p>Templiala ja ashrami k\u00fclastamisel palume hoida rahulikku meeleolu ja j\u00e4rgida allpool olevaid juhiseid.<\/p>\n<p>K\u00fclmal perioodil v\u00f5ib templialal viibida jalatsitega. Siddhade templisse ja Mahamunindra templisse sisenedes palume jalatsid j\u00e4tta templite ette ning ashramis eeskotta.<\/p>\n<p>Pildistada v\u00f5ib templi \u00fcldvaateid, ent palume mitte pildistada ega filmida p\u00fchakujusid ehk <em>murti<\/em>\u00b4sid templialal ega ashramis, et mitte h\u00e4irida nende energiat.<\/p>\n<p>Templis ja ashramis viivad tseremooniaid ja palvusi (pud\u017easid) l\u00e4bi selleks v\u00e4lja \u00f5petatud pud\u017earid.<\/p>\n<p><em>Sanatan dharma<\/em> \u00f5petuses on pud\u017ead jumalateenistused ja p\u00f6\u00f6rdumised, et v\u00e4ljendada austust jumalikkusele, tugevdada spirituaalset \u00fchendust ning paluda \u00f5nnistusi ja juhatust. Pud\u017eadest saadavad h\u00fcved h\u00f5lmavad vaimset edenemist ja sisemise rahu leidmist, probleemide lahenemist, heaolu ja \u00f5nne, positiivseid arenguid mistahes elu valdkonnas, sh harmoonilisi suhteid perekonnas ja \u00fcmbritsevaga.<\/p>\n<p>&nbsp;<\/p>\n<h2 style=\"text-align: center;\">Tseremooniad<\/h2>\n<p>Kui soovid palveteenistust endale v\u00f5i kellelegi teisele, siis siit leiad erinevad v\u00f5imalused ja vastavate tseremooniate kirjeldused. Tseremooniad Shivale ja Shaktile viiakse l\u00e4bi k\u00fclmal perioodil ashrami majas asuva <em>Atmalinga<\/em> kaudu.<\/p>\n<p>Rohkem infot ja broneerimine sellel lingil: <a href=\"https:\/\/www.shivatempleestonia.org\/et\/services\">https:\/\/www.shivatempleestonia.org\/et\/services<\/a><\/p>\n\n<p>&nbsp;<\/p>\n","protected":false},"excerpt":{"rendered":"<p>Templi k\u00fclastamine Templiala on avatud terve p\u00e4eva. K\u00fclmal perioodil Shiva ja Shakti p\u00fchamud suletakse ning teenistused toimuvad Atmalinga vahendusel ashramis. Templiala ja ashrami k\u00fclastamisel palume hoida rahulikku meeleolu ja j\u00e4rgida allpool olevaid juhiseid. K\u00fclmal perioodil v\u00f5ib templialal viibida jalatsitega. Siddhade templisse ja Mahamunindra templisse sisenedes palume jalatsid j\u00e4tta templite ette ning ashramis eeskotta. Pildistada v\u00f5ib [&hellip;]<\/p>\n","protected":false},"author":11,"featured_media":0,"parent":0,"menu_order":0,"comment_status":"closed","ping_status":"closed","template":"","meta":{"inline_featured_image":false},"acf":[],"yoast_head":"<!-- This site is optimized with the Yoast SEO plugin v19.0 - https:\/\/yoast.com\/wordpress\/plugins\/seo\/ -->\n<title>Templi k\u00fclastamine ja tseremooniad - Lilleoru<\/title>\n<meta name=\"description\" content=\"V\u00f5ta aega iseendale Lilleoru harmoonia ja looduse keskel! Oleme loonud neli erinevat individuaalset juhendamist sisaldavat enesehoolitsuse paketti.\u00a0\" \/>\n<meta name=\"robots\" content=\"index, follow, max-snippet:-1, max-image-preview:large, max-video-preview:-1\" \/>\n<link rel=\"canonical\" href=\"https:\/\/www.lilleoru.ee\/et\/templi-kulastamine-ja-tseremooniad\/\" \/>\n<meta property=\"og:locale\" content=\"et_EE\" \/>\n<meta property=\"og:type\" content=\"article\" \/>\n<meta property=\"og:title\" content=\"Templi k\u00fclastamine ja tseremooniad - Lilleoru\" \/>\n<meta property=\"og:description\" content=\"V\u00f5ta aega iseendale Lilleoru harmoonia ja looduse keskel! Oleme loonud neli erinevat individuaalset juhendamist sisaldavat enesehoolitsuse paketti.\u00a0\" \/>\n<meta property=\"og:url\" content=\"https:\/\/www.lilleoru.ee\/et\/templi-kulastamine-ja-tseremooniad\/\" \/>\n<meta property=\"og:site_name\" content=\"Lilleoru\" \/>\n<meta property=\"article:publisher\" content=\"https:\/\/www.facebook.com\/lilleoru\" \/>\n<meta property=\"article:modified_time\" content=\"2026-03-20T09:09:19+00:00\" \/>\n<meta name=\"twitter:card\" content=\"summary_large_image\" \/>\n<meta name=\"twitter:label1\" content=\"Est. reading time\" \/>\n\t<meta name=\"twitter:data1\" content=\"1 minut\" \/>\n<script type=\"application\/ld+json\" class=\"yoast-schema-graph\">{\"@context\":\"https:\/\/schema.org\",\"@graph\":[{\"@type\":\"WebSite\",\"@id\":\"https:\/\/www.lilleoru.ee\/et\/#website\",\"url\":\"https:\/\/www.lilleoru.ee\/et\/\",\"name\":\"Lilleoru\",\"description\":\"\",\"potentialAction\":[{\"@type\":\"SearchAction\",\"target\":{\"@type\":\"EntryPoint\",\"urlTemplate\":\"https:\/\/www.lilleoru.ee\/et\/?s={search_term_string}\"},\"query-input\":\"required name=search_term_string\"}],\"inLanguage\":\"et\"},{\"@type\":\"WebPage\",\"@id\":\"https:\/\/www.lilleoru.ee\/et\/templi-kulastamine-ja-tseremooniad\/#webpage\",\"url\":\"https:\/\/www.lilleoru.ee\/et\/templi-kulastamine-ja-tseremooniad\/\",\"name\":\"Templi k\u00fclastamine ja tseremooniad - Lilleoru\",\"isPartOf\":{\"@id\":\"https:\/\/www.lilleoru.ee\/et\/#website\"},\"datePublished\":\"2024-07-02T18:58:52+00:00\",\"dateModified\":\"2026-03-20T09:09:19+00:00\",\"description\":\"V\u00f5ta aega iseendale Lilleoru harmoonia ja looduse keskel! Oleme loonud neli erinevat individuaalset juhendamist sisaldavat enesehoolitsuse paketti.\u00a0\",\"breadcrumb\":{\"@id\":\"https:\/\/www.lilleoru.ee\/et\/templi-kulastamine-ja-tseremooniad\/#breadcrumb\"},\"inLanguage\":\"et\",\"potentialAction\":[{\"@type\":\"ReadAction\",\"target\":[\"https:\/\/www.lilleoru.ee\/et\/templi-kulastamine-ja-tseremooniad\/\"]}]},{\"@type\":\"BreadcrumbList\",\"@id\":\"https:\/\/www.lilleoru.ee\/et\/templi-kulastamine-ja-tseremooniad\/#breadcrumb\",\"itemListElement\":[{\"@type\":\"ListItem\",\"position\":1,\"name\":\"Home\",\"item\":\"https:\/\/www.lilleoru.ee\/et\/\"},{\"@type\":\"ListItem\",\"position\":2,\"name\":\"Templi k\u00fclastamine ja tseremooniad\"}]}]}<\/script>\n<!-- \/ Yoast SEO plugin. -->","yoast_head_json":{"title":"Templi k\u00fclastamine ja tseremooniad - Lilleoru","description":"V\u00f5ta aega iseendale Lilleoru harmoonia ja looduse keskel! Oleme loonud neli erinevat individuaalset juhendamist sisaldavat enesehoolitsuse paketti.\u00a0","robots":{"index":"index","follow":"follow","max-snippet":"max-snippet:-1","max-image-preview":"max-image-preview:large","max-video-preview":"max-video-preview:-1"},"canonical":"https:\/\/www.lilleoru.ee\/et\/templi-kulastamine-ja-tseremooniad\/","og_locale":"et_EE","og_type":"article","og_title":"Templi k\u00fclastamine ja tseremooniad - Lilleoru","og_description":"V\u00f5ta aega iseendale Lilleoru harmoonia ja looduse keskel! Oleme loonud neli erinevat individuaalset juhendamist sisaldavat enesehoolitsuse paketti.\u00a0","og_url":"https:\/\/www.lilleoru.ee\/et\/templi-kulastamine-ja-tseremooniad\/","og_site_name":"Lilleoru","article_publisher":"https:\/\/www.facebook.com\/lilleoru","article_modified_time":"2026-03-20T09:09:19+00:00","twitter_card":"summary_large_image","twitter_misc":{"Est. reading time":"1 minut"},"schema":{"@context":"https:\/\/schema.org","@graph":[{"@type":"WebSite","@id":"https:\/\/www.lilleoru.ee\/et\/#website","url":"https:\/\/www.lilleoru.ee\/et\/","name":"Lilleoru","description":"","potentialAction":[{"@type":"SearchAction","target":{"@type":"EntryPoint","urlTemplate":"https:\/\/www.lilleoru.ee\/et\/?s={search_term_string}"},"query-input":"required name=search_term_string"}],"inLanguage":"et"},{"@type":"WebPage","@id":"https:\/\/www.lilleoru.ee\/et\/templi-kulastamine-ja-tseremooniad\/#webpage","url":"https:\/\/www.lilleoru.ee\/et\/templi-kulastamine-ja-tseremooniad\/","name":"Templi k\u00fclastamine ja tseremooniad - Lilleoru","isPartOf":{"@id":"https:\/\/www.lilleoru.ee\/et\/#website"},"datePublished":"2024-07-02T18:58:52+00:00","dateModified":"2026-03-20T09:09:19+00:00","description":"V\u00f5ta aega iseendale Lilleoru harmoonia ja looduse keskel! Oleme loonud neli erinevat individuaalset juhendamist sisaldavat enesehoolitsuse paketti.\u00a0","breadcrumb":{"@id":"https:\/\/www.lilleoru.ee\/et\/templi-kulastamine-ja-tseremooniad\/#breadcrumb"},"inLanguage":"et","potentialAction":[{"@type":"ReadAction","target":["https:\/\/www.lilleoru.ee\/et\/templi-kulastamine-ja-tseremooniad\/"]}]},{"@type":"BreadcrumbList","@id":"https:\/\/www.lilleoru.ee\/et\/templi-kulastamine-ja-tseremooniad\/#breadcrumb","itemListElement":[{"@type":"ListItem","position":1,"name":"Home","item":"https:\/\/www.lilleoru.ee\/et\/"},{"@type":"ListItem","position":2,"name":"Templi k\u00fclastamine ja tseremooniad"}]}]}},"_links":{"self":[{"href":"https:\/\/www.lilleoru.ee\/et\/wp-json\/wp\/v2\/pages\/6070"}],"collection":[{"href":"https:\/\/www.lilleoru.ee\/et\/wp-json\/wp\/v2\/pages"}],"about":[{"href":"https:\/\/www.lilleoru.ee\/et\/wp-json\/wp\/v2\/types\/page"}],"author":[{"embeddable":true,"href":"https:\/\/www.lilleoru.ee\/et\/wp-json\/wp\/v2\/users\/11"}],"replies":[{"embeddable":true,"href":"https:\/\/www.lilleoru.ee\/et\/wp-json\/wp\/v2\/comments?post=6070"}],"version-history":[{"count":33,"href":"https:\/\/www.lilleoru.ee\/et\/wp-json\/wp\/v2\/pages\/6070\/revisions"}],"predecessor-version":[{"id":6584,"href":"https:\/\/www.lilleoru.ee\/et\/wp-json\/wp\/v2\/pages\/6070\/revisions\/6584"}],"wp:attachment":[{"href":"https:\/\/www.lilleoru.ee\/et\/wp-json\/wp\/v2\/media?parent=6070"}],"curies":[{"name":"wp","href":"https:\/\/api.w.org\/{rel}","templated":true}]}}